{"id":3669,"date":"2025-04-10T09:21:27","date_gmt":"2025-04-10T06:21:27","guid":{"rendered":"https:\/\/www.kameleonten.fi\/?page_id=3669"},"modified":"2025-06-19T13:25:30","modified_gmt":"2025-06-19T10:25:30","slug":"hallpresentation","status":"publish","type":"page","link":"https:\/\/www.kameleonten.fi\/sv\/info\/hallpresentation\/","title":{"rendered":"Hallpresentation"},"content":{"rendered":"<style>.wp-block-kadence-advancedheading.kt-adv-heading3669_2226ac-49, .wp-block-kadence-advancedheading.kt-adv-heading3669_2226ac-49[data-kb-block=\"kb-adv-heading3669_2226ac-49\"]{font-style:normal;}.wp-block-kadence-advancedheading.kt-adv-heading3669_2226ac-49 mark.kt-highlight, .wp-block-kadence-advancedheading.kt-adv-heading3669_2226ac-49[data-kb-block=\"kb-adv-heading3669_2226ac-49\"] mark.kt-highlight{font-style:normal;color:#f76a0c;-webkit-box-decoration-break:clone;box-decoration-break:clone;padding-top:0px;padding-right:0px;padding-bottom:0px;padding-left:0px;}.wp-block-kadence-advancedheading.kt-adv-heading3669_2226ac-49 img.kb-inline-image, .wp-block-kadence-advancedheading.kt-adv-heading3669_2226ac-49[data-kb-block=\"kb-adv-heading3669_2226ac-49\"] img.kb-inline-image{width:150px;vertical-align:baseline;}<\/style>\n<p class=\"kt-adv-heading3669_2226ac-49 wp-block-kadence-advancedheading\" data-kb-block=\"kb-adv-heading3669_2226ac-49\"><br>Kameleonten f\u00e4rdigst\u00e4lldes p\u00e5 f\u00f6rsommaren 2023 mitt i Alberga idrottspark. Den erbjuder moderna och m\u00e5ngsidiga utrymmen f\u00f6r t\u00e4vlingsidrott, f\u00f6reningsverksamhet, individuell tr\u00e4ning samt utrymmen f\u00f6r att ordna fester, konserter, m\u00e4ssor m.fl.<br> <\/p>\n\n\n<style>.wp-block-kadence-advancedheading.kt-adv-heading3669_9393ae-2a, .wp-block-kadence-advancedheading.kt-adv-heading3669_9393ae-2a[data-kb-block=\"kb-adv-heading3669_9393ae-2a\"]{font-style:normal;}.wp-block-kadence-advancedheading.kt-adv-heading3669_9393ae-2a mark.kt-highlight, .wp-block-kadence-advancedheading.kt-adv-heading3669_9393ae-2a[data-kb-block=\"kb-adv-heading3669_9393ae-2a\"] mark.kt-highlight{font-style:normal;color:#f76a0c;-webkit-box-decoration-break:clone;box-decoration-break:clone;padding-top:0px;padding-right:0px;padding-bottom:0px;padding-left:0px;}.wp-block-kadence-advancedheading.kt-adv-heading3669_9393ae-2a img.kb-inline-image, .wp-block-kadence-advancedheading.kt-adv-heading3669_9393ae-2a[data-kb-block=\"kb-adv-heading3669_9393ae-2a\"] img.kb-inline-image{width:150px;vertical-align:baseline;}<\/style>\n<p class=\"kt-adv-heading3669_9393ae-2a wp-block-kadence-advancedheading\" data-kb-block=\"kb-adv-heading3669_9393ae-2a\"><strong>Utrymmen och utrustning<\/strong><br>Totalyta: 14 500 m\u00b2, varav utrymmen f\u00f6r idrott ca. 11 000 m\u00b2<br>Friidrottssalen: 200 m l\u00f6pbana, m\u00f6jlighet att tr\u00e4na alla friidrottsgrenar.<br>Bollspelssakar: 5 planer f\u00f6r innebandy, futsal, korgboll, handboll, volleyboll och mycket mer!<br>Ett v\u00e4lutrustat gym<br>Gymnastiksalen: 1 800 m\u00b2, f\u00f6r redskapsgymnastik, TeamGym och trampolingymnastik.<br><\/p>\n\n\n<style>.wp-block-kadence-advancedheading.kt-adv-heading3669_e19d99-98, .wp-block-kadence-advancedheading.kt-adv-heading3669_e19d99-98[data-kb-block=\"kb-adv-heading3669_e19d99-98\"]{font-style:normal;}.wp-block-kadence-advancedheading.kt-adv-heading3669_e19d99-98 mark.kt-highlight, .wp-block-kadence-advancedheading.kt-adv-heading3669_e19d99-98[data-kb-block=\"kb-adv-heading3669_e19d99-98\"] mark.kt-highlight{font-style:normal;color:#f76a0c;-webkit-box-decoration-break:clone;box-decoration-break:clone;padding-top:0px;padding-right:0px;padding-bottom:0px;padding-left:0px;}.wp-block-kadence-advancedheading.kt-adv-heading3669_e19d99-98 img.kb-inline-image, .wp-block-kadence-advancedheading.kt-adv-heading3669_e19d99-98[data-kb-block=\"kb-adv-heading3669_e19d99-98\"] img.kb-inline-image{width:150px;vertical-align:baseline;}<\/style>\n<p class=\"kt-adv-heading3669_e19d99-98 wp-block-kadence-advancedheading\" data-kb-block=\"kb-adv-heading3669_e19d99-98\">\ud83d\udccd <strong>L\u00e4ge och tillg\u00e4nglighet<br><\/strong>Kameleonten ligger i hj\u00e4rtat av Alberga idrottspark, precis intill Alberga stadion. Platsen har goda f\u00f6rbindelser med bil, t\u00e5g och buss. Gemensamma logistikl\u00f6sningar, parkeringsplatser och kollektivtrafik inom idrottsparken g\u00f6r det enkelt att ta sig till hallen.<br><\/p>\n\n\n<style>.wp-block-kadence-advancedheading.kt-adv-heading3669_0bd96e-dc, .wp-block-kadence-advancedheading.kt-adv-heading3669_0bd96e-dc[data-kb-block=\"kb-adv-heading3669_0bd96e-dc\"]{font-style:normal;}.wp-block-kadence-advancedheading.kt-adv-heading3669_0bd96e-dc mark.kt-highlight, .wp-block-kadence-advancedheading.kt-adv-heading3669_0bd96e-dc[data-kb-block=\"kb-adv-heading3669_0bd96e-dc\"] mark.kt-highlight{font-style:normal;color:#f76a0c;-webkit-box-decoration-break:clone;box-decoration-break:clone;padding-top:0px;padding-right:0px;padding-bottom:0px;padding-left:0px;}.wp-block-kadence-advancedheading.kt-adv-heading3669_0bd96e-dc img.kb-inline-image, .wp-block-kadence-advancedheading.kt-adv-heading3669_0bd96e-dc[data-kb-block=\"kb-adv-heading3669_0bd96e-dc\"] img.kb-inline-image{width:150px;vertical-align:baseline;}<\/style>\n<p class=\"kt-adv-heading3669_0bd96e-dc wp-block-kadence-advancedheading\" data-kb-block=\"kb-adv-heading3669_0bd96e-dc\">\ud83c\udfaf <strong>Anv\u00e4ndnings\u00e4ndam\u00e5l och verksamhet<br><\/strong>Kameleonten betj\u00e4nar en m\u00e5ngsidig idrottsverksamhet och evenemangsarrangemang:<br>F\u00f6reningsverksamhet: Tr\u00e4ning och match i olika grenar.<br>Sj\u00e4lvst\u00e4ndig tr\u00e4ning: Med eng\u00e5ngs-, serie- och m\u00e5nadsbiljett har man r\u00e4tt att tr\u00e4na sj\u00e4lvst\u00e4ndigt.<br>Skolor och daghem: Grenprovningar och gymnastiklektioner<\/p>\n\n\n<style>.wp-block-kadence-advancedheading.kt-adv-heading3669_b2df36-55, .wp-block-kadence-advancedheading.kt-adv-heading3669_b2df36-55[data-kb-block=\"kb-adv-heading3669_b2df36-55\"]{font-style:normal;}.wp-block-kadence-advancedheading.kt-adv-heading3669_b2df36-55 mark.kt-highlight, .wp-block-kadence-advancedheading.kt-adv-heading3669_b2df36-55[data-kb-block=\"kb-adv-heading3669_b2df36-55\"] mark.kt-highlight{font-style:normal;color:#f76a0c;-webkit-box-decoration-break:clone;box-decoration-break:clone;padding-top:0px;padding-right:0px;padding-bottom:0px;padding-left:0px;}.wp-block-kadence-advancedheading.kt-adv-heading3669_b2df36-55 img.kb-inline-image, .wp-block-kadence-advancedheading.kt-adv-heading3669_b2df36-55[data-kb-block=\"kb-adv-heading3669_b2df36-55\"] img.kb-inline-image{width:150px;vertical-align:baseline;}<\/style>\n<p class=\"kt-adv-heading3669_b2df36-55 wp-block-kadence-advancedheading\" data-kb-block=\"kb-adv-heading3669_b2df36-55\"><strong>Evenemang:<\/strong> Kameleonten l\u00e4mpar sig f\u00f6r m\u00e5nga olika evenemang, s\u00e5som m\u00e4ssor, fester, konserter osv.<br><\/p>\n\n\n<style>.wp-block-kadence-advancedheading.kt-adv-heading3669_b4bc7a-b1, .wp-block-kadence-advancedheading.kt-adv-heading3669_b4bc7a-b1[data-kb-block=\"kb-adv-heading3669_b4bc7a-b1\"]{font-style:normal;}.wp-block-kadence-advancedheading.kt-adv-heading3669_b4bc7a-b1 mark.kt-highlight, .wp-block-kadence-advancedheading.kt-adv-heading3669_b4bc7a-b1[data-kb-block=\"kb-adv-heading3669_b4bc7a-b1\"] mark.kt-highlight{font-style:normal;color:#f76a0c;-webkit-box-decoration-break:clone;box-decoration-break:clone;padding-top:0px;padding-right:0px;padding-bottom:0px;padding-left:0px;}.wp-block-kadence-advancedheading.kt-adv-heading3669_b4bc7a-b1 img.kb-inline-image, .wp-block-kadence-advancedheading.kt-adv-heading3669_b4bc7a-b1[data-kb-block=\"kb-adv-heading3669_b4bc7a-b1\"] img.kb-inline-image{width:150px;vertical-align:baseline;}<\/style>\n<p class=\"kt-adv-heading3669_b4bc7a-b1 wp-block-kadence-advancedheading\" data-kb-block=\"kb-adv-heading3669_b4bc7a-b1\">\u2615<strong> Tj\u00e4nster<\/strong><br>I Kameleonten verkar <strong>Tauko Caf\u00e9 &amp; Kitchen<\/strong>, d\u00e4r man kan avnjuta f\u00f6rfriskningar och mat f\u00f6re eller efter tr\u00e4ningspasset!<\/p>\n\n\n\n<figure class=\"wp-block-image size-large\"><img loading=\"lazy\" decoding=\"async\" width=\"1024\" height=\"478\" src=\"https:\/\/www.kameleonten.fi\/wp-content\/uploads\/2025\/03\/section-bg-2-1024x478.jpg\" alt=\"\" class=\"wp-image-2902\" srcset=\"https:\/\/www.kameleonten.fi\/wp-content\/uploads\/2025\/03\/section-bg-2-1024x478.jpg 1024w, https:\/\/www.kameleonten.fi\/wp-content\/uploads\/2025\/03\/section-bg-2-300x140.jpg 300w, https:\/\/www.kameleonten.fi\/wp-content\/uploads\/2025\/03\/section-bg-2-768x359.jpg 768w, https:\/\/www.kameleonten.fi\/wp-content\/uploads\/2025\/03\/section-bg-2-1536x717.jpg 1536w, https:\/\/www.kameleonten.fi\/wp-content\/uploads\/2025\/03\/section-bg-2-2048x957.jpg 2048w\" sizes=\"auto, (max-width: 1024px) 100vw, 1024px\" \/><\/figure>\n","protected":false},"excerpt":{"rendered":"<p>Kameleonten \u2013 en m\u00e5ngsidig idrotts- och evenemangshall i Alberga<\/p>\n","protected":false},"author":2,"featured_media":1926,"parent":4832,"menu_order":0,"comment_status":"closed","ping_status":"closed","template":"","meta":{"_acf_changed":false,"inline_featured_image":false,"_kad_blocks_custom_css":"","_kad_blocks_head_custom_js":"","_kad_blocks_body_custom_js":"","_kad_blocks_footer_custom_js":"","_kadence_starter_templates_imported_post":false,"_kad_post_transparent":"","_kad_post_title":"","_kad_post_layout":"","_kad_post_sidebar_id":"","_kad_post_content_style":"","_kad_post_vertical_padding":"","_kad_post_feature":"","_kad_post_feature_position":"","_kad_post_header":false,"_kad_post_footer":false,"_kad_post_classname":"","footnotes":""},"page_template":[51],"class_list":["post-3669","page","type-page","status-publish","has-post-thumbnail","hentry","page_template-info-content-page-sv"],"acf":[],"yoast_head":"<!-- This site is optimized with the Yoast SEO plugin v27.5 - https:\/\/yoast.com\/product\/yoast-seo-wordpress\/ -->\n<title>Hallpresentation - Kameleonten<\/title>\n<meta name=\"description\" content=\"Kameleonten \u00e4r en m\u00e5ngsidig idrotts-, och evenemangshall som f\u00e4rdigst\u00e4lldes \u00e5r 2023 mitt i Alberga idrottspark. Hallen erbjuder moderna och m\u00e5ngsidiga utrymmen f\u00f6r t\u00e4vlingsidrott, f\u00f6reningsverksamhet, individuell tr\u00e4ning samt utrymmen f\u00f6r att ordna fester, konserter, m\u00e4ssor m.fl.\" \/>\n<meta name=\"robots\" content=\"index, follow, max-snippet:-1, max-image-preview:large, max-video-preview:-1\" \/>\n<link rel=\"canonical\" href=\"https:\/\/www.kameleonten.fi\/sv\/info\/hallpresentation\/\" \/>\n<meta property=\"og:locale\" content=\"sv_SE\" \/>\n<meta property=\"og:type\" content=\"article\" \/>\n<meta property=\"og:title\" content=\"Hallpresentation - Kameleonten\" \/>\n<meta property=\"og:description\" content=\"Kameleonten \u00e4r en m\u00e5ngsidig idrotts-, och evenemangshall som f\u00e4rdigst\u00e4lldes \u00e5r 2023 mitt i Alberga idrottspark. Hallen erbjuder moderna och m\u00e5ngsidiga utrymmen f\u00f6r t\u00e4vlingsidrott, f\u00f6reningsverksamhet, individuell tr\u00e4ning samt utrymmen f\u00f6r att ordna fester, konserter, m\u00e4ssor m.fl.\" \/>\n<meta property=\"og:url\" content=\"https:\/\/www.kameleonten.fi\/sv\/info\/hallpresentation\/\" \/>\n<meta property=\"og:site_name\" content=\"Kameleonten\" \/>\n<meta property=\"article:modified_time\" content=\"2025-06-19T10:25:30+00:00\" \/>\n<meta property=\"og:image\" content=\"https:\/\/www.kameleonten.fi\/wp-content\/uploads\/2023\/10\/IMG_20231009_123217-scaled.jpg\" \/>\n\t<meta property=\"og:image:width\" content=\"2560\" \/>\n\t<meta property=\"og:image:height\" content=\"1920\" \/>\n\t<meta property=\"og:image:type\" content=\"image\/jpeg\" \/>\n<meta name=\"twitter:card\" content=\"summary_large_image\" \/>\n<meta name=\"twitter:label1\" content=\"Ber\u00e4knad l\u00e4stid\" \/>\n\t<meta name=\"twitter:data1\" content=\"1 minut\" \/>\n<script type=\"application\/ld+json\" class=\"yoast-schema-graph\">{\"@context\":\"https:\\\/\\\/schema.org\",\"@graph\":[{\"@type\":\"WebPage\",\"@id\":\"https:\\\/\\\/www.kameleonten.fi\\\/sv\\\/info\\\/hallpresentation\\\/\",\"url\":\"https:\\\/\\\/www.kameleonten.fi\\\/sv\\\/info\\\/hallpresentation\\\/\",\"name\":\"Hallpresentation - Kameleonten\",\"isPartOf\":{\"@id\":\"https:\\\/\\\/www.kameleonten.fi\\\/sv\\\/#website\"},\"primaryImageOfPage\":{\"@id\":\"https:\\\/\\\/www.kameleonten.fi\\\/sv\\\/info\\\/hallpresentation\\\/#primaryimage\"},\"image\":{\"@id\":\"https:\\\/\\\/www.kameleonten.fi\\\/sv\\\/info\\\/hallpresentation\\\/#primaryimage\"},\"thumbnailUrl\":\"https:\\\/\\\/www.kameleonten.fi\\\/wp-content\\\/uploads\\\/2023\\\/10\\\/IMG_20231009_123217-scaled.jpg\",\"datePublished\":\"2025-04-10T06:21:27+00:00\",\"dateModified\":\"2025-06-19T10:25:30+00:00\",\"description\":\"Kameleonten \u00e4r en m\u00e5ngsidig idrotts-, och evenemangshall som f\u00e4rdigst\u00e4lldes \u00e5r 2023 mitt i Alberga idrottspark. Hallen erbjuder moderna och m\u00e5ngsidiga utrymmen f\u00f6r t\u00e4vlingsidrott, f\u00f6reningsverksamhet, individuell tr\u00e4ning samt utrymmen f\u00f6r att ordna fester, konserter, m\u00e4ssor m.fl.\",\"breadcrumb\":{\"@id\":\"https:\\\/\\\/www.kameleonten.fi\\\/sv\\\/info\\\/hallpresentation\\\/#breadcrumb\"},\"inLanguage\":\"sv-SE\",\"potentialAction\":[{\"@type\":\"ReadAction\",\"target\":[\"https:\\\/\\\/www.kameleonten.fi\\\/sv\\\/info\\\/hallpresentation\\\/\"]}]},{\"@type\":\"ImageObject\",\"inLanguage\":\"sv-SE\",\"@id\":\"https:\\\/\\\/www.kameleonten.fi\\\/sv\\\/info\\\/hallpresentation\\\/#primaryimage\",\"url\":\"https:\\\/\\\/www.kameleonten.fi\\\/wp-content\\\/uploads\\\/2023\\\/10\\\/IMG_20231009_123217-scaled.jpg\",\"contentUrl\":\"https:\\\/\\\/www.kameleonten.fi\\\/wp-content\\\/uploads\\\/2023\\\/10\\\/IMG_20231009_123217-scaled.jpg\",\"width\":2560,\"height\":1920},{\"@type\":\"BreadcrumbList\",\"@id\":\"https:\\\/\\\/www.kameleonten.fi\\\/sv\\\/info\\\/hallpresentation\\\/#breadcrumb\",\"itemListElement\":[{\"@type\":\"ListItem\",\"position\":1,\"name\":\"Home\",\"item\":\"https:\\\/\\\/www.kameleonten.fi\\\/sv\\\/\"},{\"@type\":\"ListItem\",\"position\":2,\"name\":\"Info\",\"item\":\"https:\\\/\\\/www.kameleonten.fi\\\/sv\\\/info\\\/\"},{\"@type\":\"ListItem\",\"position\":3,\"name\":\"Hallpresentation\"}]},{\"@type\":\"WebSite\",\"@id\":\"https:\\\/\\\/www.kameleonten.fi\\\/sv\\\/#website\",\"url\":\"https:\\\/\\\/www.kameleonten.fi\\\/sv\\\/\",\"name\":\"Kameleonten\",\"description\":\"Harrasta monilajihallissa Lepp&auml;vaarassa\",\"publisher\":{\"@id\":\"https:\\\/\\\/www.kameleonten.fi\\\/sv\\\/#organization\"},\"potentialAction\":[{\"@type\":\"SearchAction\",\"target\":{\"@type\":\"EntryPoint\",\"urlTemplate\":\"https:\\\/\\\/www.kameleonten.fi\\\/sv\\\/?s={search_term_string}\"},\"query-input\":{\"@type\":\"PropertyValueSpecification\",\"valueRequired\":true,\"valueName\":\"search_term_string\"}}],\"inLanguage\":\"sv-SE\"},{\"@type\":\"Organization\",\"@id\":\"https:\\\/\\\/www.kameleonten.fi\\\/sv\\\/#organization\",\"name\":\"Kameleonten\",\"url\":\"https:\\\/\\\/www.kameleonten.fi\\\/sv\\\/\",\"logo\":{\"@type\":\"ImageObject\",\"inLanguage\":\"sv-SE\",\"@id\":\"https:\\\/\\\/www.kameleonten.fi\\\/sv\\\/#\\\/schema\\\/logo\\\/image\\\/\",\"url\":\"https:\\\/\\\/www.kameleonten.fi\\\/wp-content\\\/uploads\\\/2025\\\/03\\\/favicon.svg\",\"contentUrl\":\"https:\\\/\\\/www.kameleonten.fi\\\/wp-content\\\/uploads\\\/2025\\\/03\\\/favicon.svg\",\"width\":108,\"height\":127,\"caption\":\"Kameleonten\"},\"image\":{\"@id\":\"https:\\\/\\\/www.kameleonten.fi\\\/sv\\\/#\\\/schema\\\/logo\\\/image\\\/\"}}]}<\/script>\n<!-- \/ Yoast SEO plugin. -->","yoast_head_json":{"title":"Hallpresentation - Kameleonten","description":"Kameleonten \u00e4r en m\u00e5ngsidig idrotts-, och evenemangshall som f\u00e4rdigst\u00e4lldes \u00e5r 2023 mitt i Alberga idrottspark. Hallen erbjuder moderna och m\u00e5ngsidiga utrymmen f\u00f6r t\u00e4vlingsidrott, f\u00f6reningsverksamhet, individuell tr\u00e4ning samt utrymmen f\u00f6r att ordna fester, konserter, m\u00e4ssor m.fl.","robots":{"index":"index","follow":"follow","max-snippet":"max-snippet:-1","max-image-preview":"max-image-preview:large","max-video-preview":"max-video-preview:-1"},"canonical":"https:\/\/www.kameleonten.fi\/sv\/info\/hallpresentation\/","og_locale":"sv_SE","og_type":"article","og_title":"Hallpresentation - Kameleonten","og_description":"Kameleonten \u00e4r en m\u00e5ngsidig idrotts-, och evenemangshall som f\u00e4rdigst\u00e4lldes \u00e5r 2023 mitt i Alberga idrottspark. Hallen erbjuder moderna och m\u00e5ngsidiga utrymmen f\u00f6r t\u00e4vlingsidrott, f\u00f6reningsverksamhet, individuell tr\u00e4ning samt utrymmen f\u00f6r att ordna fester, konserter, m\u00e4ssor m.fl.","og_url":"https:\/\/www.kameleonten.fi\/sv\/info\/hallpresentation\/","og_site_name":"Kameleonten","article_modified_time":"2025-06-19T10:25:30+00:00","og_image":[{"width":2560,"height":1920,"url":"https:\/\/www.kameleonten.fi\/wp-content\/uploads\/2023\/10\/IMG_20231009_123217-scaled.jpg","type":"image\/jpeg"}],"twitter_card":"summary_large_image","twitter_misc":{"Ber\u00e4knad l\u00e4stid":"1 minut"},"schema":{"@context":"https:\/\/schema.org","@graph":[{"@type":"WebPage","@id":"https:\/\/www.kameleonten.fi\/sv\/info\/hallpresentation\/","url":"https:\/\/www.kameleonten.fi\/sv\/info\/hallpresentation\/","name":"Hallpresentation - Kameleonten","isPartOf":{"@id":"https:\/\/www.kameleonten.fi\/sv\/#website"},"primaryImageOfPage":{"@id":"https:\/\/www.kameleonten.fi\/sv\/info\/hallpresentation\/#primaryimage"},"image":{"@id":"https:\/\/www.kameleonten.fi\/sv\/info\/hallpresentation\/#primaryimage"},"thumbnailUrl":"https:\/\/www.kameleonten.fi\/wp-content\/uploads\/2023\/10\/IMG_20231009_123217-scaled.jpg","datePublished":"2025-04-10T06:21:27+00:00","dateModified":"2025-06-19T10:25:30+00:00","description":"Kameleonten \u00e4r en m\u00e5ngsidig idrotts-, och evenemangshall som f\u00e4rdigst\u00e4lldes \u00e5r 2023 mitt i Alberga idrottspark. Hallen erbjuder moderna och m\u00e5ngsidiga utrymmen f\u00f6r t\u00e4vlingsidrott, f\u00f6reningsverksamhet, individuell tr\u00e4ning samt utrymmen f\u00f6r att ordna fester, konserter, m\u00e4ssor m.fl.","breadcrumb":{"@id":"https:\/\/www.kameleonten.fi\/sv\/info\/hallpresentation\/#breadcrumb"},"inLanguage":"sv-SE","potentialAction":[{"@type":"ReadAction","target":["https:\/\/www.kameleonten.fi\/sv\/info\/hallpresentation\/"]}]},{"@type":"ImageObject","inLanguage":"sv-SE","@id":"https:\/\/www.kameleonten.fi\/sv\/info\/hallpresentation\/#primaryimage","url":"https:\/\/www.kameleonten.fi\/wp-content\/uploads\/2023\/10\/IMG_20231009_123217-scaled.jpg","contentUrl":"https:\/\/www.kameleonten.fi\/wp-content\/uploads\/2023\/10\/IMG_20231009_123217-scaled.jpg","width":2560,"height":1920},{"@type":"BreadcrumbList","@id":"https:\/\/www.kameleonten.fi\/sv\/info\/hallpresentation\/#breadcrumb","itemListElement":[{"@type":"ListItem","position":1,"name":"Home","item":"https:\/\/www.kameleonten.fi\/sv\/"},{"@type":"ListItem","position":2,"name":"Info","item":"https:\/\/www.kameleonten.fi\/sv\/info\/"},{"@type":"ListItem","position":3,"name":"Hallpresentation"}]},{"@type":"WebSite","@id":"https:\/\/www.kameleonten.fi\/sv\/#website","url":"https:\/\/www.kameleonten.fi\/sv\/","name":"Kameleonten","description":"Harrasta monilajihallissa Lepp&auml;vaarassa","publisher":{"@id":"https:\/\/www.kameleonten.fi\/sv\/#organization"},"potentialAction":[{"@type":"SearchAction","target":{"@type":"EntryPoint","urlTemplate":"https:\/\/www.kameleonten.fi\/sv\/?s={search_term_string}"},"query-input":{"@type":"PropertyValueSpecification","valueRequired":true,"valueName":"search_term_string"}}],"inLanguage":"sv-SE"},{"@type":"Organization","@id":"https:\/\/www.kameleonten.fi\/sv\/#organization","name":"Kameleonten","url":"https:\/\/www.kameleonten.fi\/sv\/","logo":{"@type":"ImageObject","inLanguage":"sv-SE","@id":"https:\/\/www.kameleonten.fi\/sv\/#\/schema\/logo\/image\/","url":"https:\/\/www.kameleonten.fi\/wp-content\/uploads\/2025\/03\/favicon.svg","contentUrl":"https:\/\/www.kameleonten.fi\/wp-content\/uploads\/2025\/03\/favicon.svg","width":108,"height":127,"caption":"Kameleonten"},"image":{"@id":"https:\/\/www.kameleonten.fi\/sv\/#\/schema\/logo\/image\/"}}]}},"taxonomy_info":{"page_template":[{"value":51,"label":"Info \u2013 sis\u00e4lt\u00f6sivu (SV)"}]},"featured_image_src_large":["https:\/\/www.kameleonten.fi\/wp-content\/uploads\/2023\/10\/IMG_20231009_123217-1024x768.jpg",1024,768,true],"author_info":{"display_name":"Kameleonten","author_link":"https:\/\/www.kameleonten.fi\/sv\/author\/kam_editor\/"},"comment_info":0,"_links":{"self":[{"href":"https:\/\/www.kameleonten.fi\/sv\/wp-json\/wp\/v2\/pages\/3669","targetHints":{"allow":["GET"]}}],"collection":[{"href":"https:\/\/www.kameleonten.fi\/sv\/wp-json\/wp\/v2\/pages"}],"about":[{"href":"https:\/\/www.kameleonten.fi\/sv\/wp-json\/wp\/v2\/types\/page"}],"author":[{"embeddable":true,"href":"https:\/\/www.kameleonten.fi\/sv\/wp-json\/wp\/v2\/users\/2"}],"replies":[{"embeddable":true,"href":"https:\/\/www.kameleonten.fi\/sv\/wp-json\/wp\/v2\/comments?post=3669"}],"version-history":[{"count":12,"href":"https:\/\/www.kameleonten.fi\/sv\/wp-json\/wp\/v2\/pages\/3669\/revisions"}],"predecessor-version":[{"id":6509,"href":"https:\/\/www.kameleonten.fi\/sv\/wp-json\/wp\/v2\/pages\/3669\/revisions\/6509"}],"up":[{"embeddable":true,"href":"https:\/\/www.kameleonten.fi\/sv\/wp-json\/wp\/v2\/pages\/4832"}],"wp:featuredmedia":[{"embeddable":true,"href":"https:\/\/www.kameleonten.fi\/sv\/wp-json\/wp\/v2\/media\/1926"}],"wp:attachment":[{"href":"https:\/\/www.kameleonten.fi\/sv\/wp-json\/wp\/v2\/media?parent=3669"}],"wp:term":[{"taxonomy":"page_template","embeddable":true,"href":"https:\/\/www.kameleonten.fi\/sv\/wp-json\/wp\/v2\/page_template?post=3669"}],"curies":[{"name":"wp","href":"https:\/\/api.w.org\/{rel}","templated":true}]}}