{"id":3699,"date":"2023-01-17T10:55:29","date_gmt":"2023-01-17T08:55:29","guid":{"rendered":"https:\/\/www.kameleonten.fi\/?page_id=3699"},"modified":"2025-06-24T17:01:50","modified_gmt":"2025-06-24T14:01:50","slug":"dataskydd","status":"publish","type":"page","link":"https:\/\/www.kameleonten.fi\/sv\/dataskydd\/","title":{"rendered":"Dataskydd"},"content":{"rendered":"<style>.kadence-column3699_292bfc-6e > .kt-inside-inner-col,.kadence-column3699_292bfc-6e > .kt-inside-inner-col:before{border-top-left-radius:0px;border-top-right-radius:0px;border-bottom-right-radius:0px;border-bottom-left-radius:0px;}.kadence-column3699_292bfc-6e > .kt-inside-inner-col{column-gap:var(--global-kb-gap-sm, 1rem);}.kadence-column3699_292bfc-6e > .kt-inside-inner-col{flex-direction:column;}.kadence-column3699_292bfc-6e > .kt-inside-inner-col > .aligncenter{width:100%;}.kadence-column3699_292bfc-6e > .kt-inside-inner-col:before{opacity:0.3;}.kadence-column3699_292bfc-6e{position:relative;}@media all and (max-width: 1024px){.kadence-column3699_292bfc-6e > .kt-inside-inner-col{flex-direction:column;justify-content:center;}}@media all and (max-width: 767px){.kadence-column3699_292bfc-6e > .kt-inside-inner-col{flex-direction:column;justify-content:center;}}<\/style>\n<div class=\"wp-block-kadence-column kadence-column3699_292bfc-6e\"><div class=\"kt-inside-inner-col\"><style>.kb-row-layout-wrap.wp-block-kadence-rowlayout.kb-row-layout-id3699_546732-3b{margin-top:4rem;margin-bottom:5rem;}.kb-row-layout-id3699_546732-3b > .kt-row-column-wrap{align-content:start;}:where(.kb-row-layout-id3699_546732-3b > .kt-row-column-wrap) > .wp-block-kadence-column{justify-content:start;}.kb-row-layout-id3699_546732-3b > .kt-row-column-wrap{column-gap:var(--global-kb-gap-md, 2rem);row-gap:var(--global-kb-gap-md, 2rem);max-width:var( --global-content-width, 1317px );padding-left:var(--global-content-edge-padding);padding-right:var(--global-content-edge-padding);grid-template-columns:minmax(0, 2fr) minmax(0, 1fr);}.kb-row-layout-id3699_546732-3b > .kt-row-layout-overlay{opacity:0.30;}@media all and (max-width: 1024px){.kb-row-layout-id3699_546732-3b > .kt-row-column-wrap{grid-template-columns:minmax(0, 2fr) minmax(0, 1fr);}}@media all and (max-width: 767px){.kb-row-layout-id3699_546732-3b > .kt-row-column-wrap{grid-template-columns:minmax(0, 1fr);}}<\/style><div class=\"kb-row-layout-wrap kb-row-layout-id3699_546732-3b alignnone wp-block-kadence-rowlayout\"><div class=\"kt-row-column-wrap kt-has-2-columns kt-row-layout-left-golden kt-tab-layout-inherit kt-mobile-layout-row kt-row-valign-top kb-theme-content-width\">\n<style>.kadence-column3699_0e31d8-e2 > .kt-inside-inner-col,.kadence-column3699_0e31d8-e2 > .kt-inside-inner-col:before{border-top-left-radius:0px;border-top-right-radius:0px;border-bottom-right-radius:0px;border-bottom-left-radius:0px;}.kadence-column3699_0e31d8-e2 > .kt-inside-inner-col{column-gap:var(--global-kb-gap-sm, 1rem);}.kadence-column3699_0e31d8-e2 > .kt-inside-inner-col{flex-direction:column;}.kadence-column3699_0e31d8-e2 > .kt-inside-inner-col > .aligncenter{width:100%;}.kadence-column3699_0e31d8-e2 > .kt-inside-inner-col:before{opacity:0.3;}.kadence-column3699_0e31d8-e2{position:relative;}@media all and (max-width: 1024px){.kadence-column3699_0e31d8-e2 > .kt-inside-inner-col{flex-direction:column;justify-content:center;}}@media all and (max-width: 767px){.kadence-column3699_0e31d8-e2 > .kt-inside-inner-col{flex-direction:column;justify-content:center;}}<\/style>\n<div class=\"wp-block-kadence-column kadence-column3699_0e31d8-e2\"><div class=\"kt-inside-inner-col\"><style>.wp-block-kadence-advancedheading.kt-adv-heading3699_bcb463-cc, .wp-block-kadence-advancedheading.kt-adv-heading3699_bcb463-cc[data-kb-block=\"kb-adv-heading3699_bcb463-cc\"]{font-style:normal;}.wp-block-kadence-advancedheading.kt-adv-heading3699_bcb463-cc mark.kt-highlight, .wp-block-kadence-advancedheading.kt-adv-heading3699_bcb463-cc[data-kb-block=\"kb-adv-heading3699_bcb463-cc\"] mark.kt-highlight{font-style:normal;color:#f76a0c;-webkit-box-decoration-break:clone;box-decoration-break:clone;padding-top:0px;padding-right:0px;padding-bottom:0px;padding-left:0px;}.wp-block-kadence-advancedheading.kt-adv-heading3699_bcb463-cc img.kb-inline-image, .wp-block-kadence-advancedheading.kt-adv-heading3699_bcb463-cc[data-kb-block=\"kb-adv-heading3699_bcb463-cc\"] img.kb-inline-image{width:150px;vertical-align:baseline;}<\/style>\n<h2 class=\"kt-adv-heading3699_bcb463-cc wp-block-kadence-advancedheading\" data-kb-block=\"kb-adv-heading3699_bcb463-cc\">Vilka vi \u00e4r<\/h2>\n\n\n<style>.wp-block-kadence-advancedheading.kt-adv-heading3699_766e28-c8, .wp-block-kadence-advancedheading.kt-adv-heading3699_766e28-c8[data-kb-block=\"kb-adv-heading3699_766e28-c8\"]{font-style:normal;}.wp-block-kadence-advancedheading.kt-adv-heading3699_766e28-c8 mark.kt-highlight, .wp-block-kadence-advancedheading.kt-adv-heading3699_766e28-c8[data-kb-block=\"kb-adv-heading3699_766e28-c8\"] mark.kt-highlight{font-style:normal;color:#f76a0c;-webkit-box-decoration-break:clone;box-decoration-break:clone;padding-top:0px;padding-right:0px;padding-bottom:0px;padding-left:0px;}.wp-block-kadence-advancedheading.kt-adv-heading3699_766e28-c8 img.kb-inline-image, .wp-block-kadence-advancedheading.kt-adv-heading3699_766e28-c8[data-kb-block=\"kb-adv-heading3699_766e28-c8\"] img.kb-inline-image{width:150px;vertical-align:baseline;}<\/style>\n<p class=\"kt-adv-heading3699_766e28-c8 wp-block-kadence-advancedheading\" data-kb-block=\"kb-adv-heading3699_766e28-c8\">V\u00e5r webbplatsadress \u00e4r: https:\/\/www.kameleonten.fi<\/p>\n\n\n<style>.wp-block-kadence-advancedheading.kt-adv-heading3699_7e868c-6d, .wp-block-kadence-advancedheading.kt-adv-heading3699_7e868c-6d[data-kb-block=\"kb-adv-heading3699_7e868c-6d\"]{font-style:normal;}.wp-block-kadence-advancedheading.kt-adv-heading3699_7e868c-6d mark.kt-highlight, .wp-block-kadence-advancedheading.kt-adv-heading3699_7e868c-6d[data-kb-block=\"kb-adv-heading3699_7e868c-6d\"] mark.kt-highlight{font-style:normal;color:#f76a0c;-webkit-box-decoration-break:clone;box-decoration-break:clone;padding-top:0px;padding-right:0px;padding-bottom:0px;padding-left:0px;}.wp-block-kadence-advancedheading.kt-adv-heading3699_7e868c-6d img.kb-inline-image, .wp-block-kadence-advancedheading.kt-adv-heading3699_7e868c-6d[data-kb-block=\"kb-adv-heading3699_7e868c-6d\"] img.kb-inline-image{width:150px;vertical-align:baseline;}<\/style>\n<h2 class=\"kt-adv-heading3699_7e868c-6d wp-block-kadence-advancedheading\" data-kb-block=\"kb-adv-heading3699_7e868c-6d\">Inb\u00e4ddat inneh\u00e5ll fr\u00e5n andra webbplatser<\/h2>\n\n\n<style>.wp-block-kadence-advancedheading.kt-adv-heading3699_1e156f-3a, .wp-block-kadence-advancedheading.kt-adv-heading3699_1e156f-3a[data-kb-block=\"kb-adv-heading3699_1e156f-3a\"]{font-style:normal;}.wp-block-kadence-advancedheading.kt-adv-heading3699_1e156f-3a mark.kt-highlight, .wp-block-kadence-advancedheading.kt-adv-heading3699_1e156f-3a[data-kb-block=\"kb-adv-heading3699_1e156f-3a\"] mark.kt-highlight{font-style:normal;color:#f76a0c;-webkit-box-decoration-break:clone;box-decoration-break:clone;padding-top:0px;padding-right:0px;padding-bottom:0px;padding-left:0px;}.wp-block-kadence-advancedheading.kt-adv-heading3699_1e156f-3a img.kb-inline-image, .wp-block-kadence-advancedheading.kt-adv-heading3699_1e156f-3a[data-kb-block=\"kb-adv-heading3699_1e156f-3a\"] img.kb-inline-image{width:150px;vertical-align:baseline;}<\/style>\n<p class=\"kt-adv-heading3699_1e156f-3a wp-block-kadence-advancedheading\" data-kb-block=\"kb-adv-heading3699_1e156f-3a\">Artiklar p\u00e5 denna webbplats kan inneh\u00e5lla inb\u00e4ddat inneh\u00e5ll (t.ex. videor, bilder, artiklar etc.). Att \u00f6ppna inb\u00e4ddat inneh\u00e5ll fr\u00e5n andra webbplatser \u00e4r j\u00e4mf\u00f6rbart med att bes\u00f6karen sj\u00e4lv skulle bes\u00f6ka den tredje partens webbplats.<\/p>\n\n\n<style>.wp-block-kadence-advancedheading.kt-adv-heading3699_f0265f-33, .wp-block-kadence-advancedheading.kt-adv-heading3699_f0265f-33[data-kb-block=\"kb-adv-heading3699_f0265f-33\"]{font-style:normal;}.wp-block-kadence-advancedheading.kt-adv-heading3699_f0265f-33 mark.kt-highlight, .wp-block-kadence-advancedheading.kt-adv-heading3699_f0265f-33[data-kb-block=\"kb-adv-heading3699_f0265f-33\"] mark.kt-highlight{font-style:normal;color:#f76a0c;-webkit-box-decoration-break:clone;box-decoration-break:clone;padding-top:0px;padding-right:0px;padding-bottom:0px;padding-left:0px;}.wp-block-kadence-advancedheading.kt-adv-heading3699_f0265f-33 img.kb-inline-image, .wp-block-kadence-advancedheading.kt-adv-heading3699_f0265f-33[data-kb-block=\"kb-adv-heading3699_f0265f-33\"] img.kb-inline-image{width:150px;vertical-align:baseline;}<\/style>\n<p class=\"kt-adv-heading3699_f0265f-33 wp-block-kadence-advancedheading\" data-kb-block=\"kb-adv-heading3699_f0265f-33\">Dessa webbplatser kan samla in data om dig, anv\u00e4nda cookies, b\u00e4dda in sp\u00e5rningscookies fr\u00e5n tredje part och \u00f6vervaka din interaktion med det inb\u00e4ddade inneh\u00e5llet, inklusive \u00f6vervakning av interaktion om och n\u00e4r du \u00e4r inloggad som anv\u00e4ndare p\u00e5 webbplatsen.<\/p>\n\n\n\n<a href=\"#\" onClick=\"UC_UI.showSecondLayer();\">\u00c4ndra cookieinst\u00e4llningar<\/a>\n<\/div><\/div>\n\n\n<style>.kadence-column3699_cc0915-a3 > .kt-inside-inner-col,.kadence-column3699_cc0915-a3 > .kt-inside-inner-col:before{border-top-left-radius:0px;border-top-right-radius:0px;border-bottom-right-radius:0px;border-bottom-left-radius:0px;}.kadence-column3699_cc0915-a3 > .kt-inside-inner-col{column-gap:var(--global-kb-gap-sm, 1rem);}.kadence-column3699_cc0915-a3 > .kt-inside-inner-col{flex-direction:column;}.kadence-column3699_cc0915-a3 > .kt-inside-inner-col > .aligncenter{width:100%;}.kadence-column3699_cc0915-a3 > .kt-inside-inner-col:before{opacity:0.3;}.kadence-column3699_cc0915-a3{position:relative;}@media all and (max-width: 1024px){.kadence-column3699_cc0915-a3 > .kt-inside-inner-col{flex-direction:column;justify-content:center;}}@media all and (max-width: 767px){.kadence-column3699_cc0915-a3 > .kt-inside-inner-col{flex-direction:column;justify-content:center;}}<\/style>\n<div class=\"wp-block-kadence-column kadence-column3699_cc0915-a3\"><div class=\"kt-inside-inner-col\"><\/div><\/div>\n\n<\/div><\/div><\/div><\/div>\n","protected":false},"excerpt":{"rendered":"<p>Vilka vi \u00e4r V\u00e5r webbplatsadress \u00e4r: https:\/\/www.kameleonten.fi Inb\u00e4ddat inneh\u00e5ll fr\u00e5n andra webbplatser Artiklar p\u00e5 denna webbplats kan inneh\u00e5lla inb\u00e4ddat inneh\u00e5ll (t.ex. videor, bilder, artiklar etc.). Att \u00f6ppna inb\u00e4ddat inneh\u00e5ll fr\u00e5n andra webbplatser \u00e4r j\u00e4mf\u00f6rbart med att bes\u00f6karen sj\u00e4lv skulle bes\u00f6ka den tredje partens webbplats. Dessa webbplatser kan samla in data om dig, anv\u00e4nda cookies, b\u00e4dda&#8230;<\/p>\n","protected":false},"author":2,"featured_media":6302,"parent":0,"menu_order":0,"comment_status":"closed","ping_status":"open","template":"","meta":{"_acf_changed":false,"inline_featured_image":false,"_kad_blocks_custom_css":"","_kad_blocks_head_custom_js":"","_kad_blocks_body_custom_js":"","_kad_blocks_footer_custom_js":"","_kadence_starter_templates_imported_post":false,"_kad_post_transparent":"","_kad_post_title":"","_kad_post_layout":"","_kad_post_sidebar_id":"","_kad_post_content_style":"","_kad_post_vertical_padding":"","_kad_post_feature":"","_kad_post_feature_position":"","_kad_post_header":false,"_kad_post_footer":false,"_kad_post_classname":"","footnotes":""},"page_template":[],"class_list":["post-3699","page","type-page","status-publish","has-post-thumbnail","hentry"],"acf":[],"yoast_head":"<!-- This site is optimized with the Yoast SEO plugin v27.4 - https:\/\/yoast.com\/product\/yoast-seo-wordpress\/ -->\n<title>Dataskydd - Kameleonten<\/title>\n<meta name=\"robots\" content=\"index, follow, max-snippet:-1, max-image-preview:large, max-video-preview:-1\" \/>\n<link rel=\"canonical\" href=\"https:\/\/www.kameleonten.fi\/sv\/dataskydd\/\" \/>\n<meta property=\"og:locale\" content=\"sv_SE\" \/>\n<meta property=\"og:type\" content=\"article\" \/>\n<meta property=\"og:title\" content=\"Dataskydd - Kameleonten\" \/>\n<meta property=\"og:description\" content=\"Vilka vi \u00e4r V\u00e5r webbplatsadress \u00e4r: https:\/\/www.kameleonten.fi Inb\u00e4ddat inneh\u00e5ll fr\u00e5n andra webbplatser Artiklar p\u00e5 denna webbplats kan inneh\u00e5lla inb\u00e4ddat inneh\u00e5ll (t.ex. videor, bilder, artiklar etc.). Att \u00f6ppna inb\u00e4ddat inneh\u00e5ll fr\u00e5n andra webbplatser \u00e4r j\u00e4mf\u00f6rbart med att bes\u00f6karen sj\u00e4lv skulle bes\u00f6ka den tredje partens webbplats. Dessa webbplatser kan samla in data om dig, anv\u00e4nda cookies, b\u00e4dda...\" \/>\n<meta property=\"og:url\" content=\"https:\/\/www.kameleonten.fi\/sv\/dataskydd\/\" \/>\n<meta property=\"og:site_name\" content=\"Kameleonten\" \/>\n<meta property=\"article:modified_time\" content=\"2025-06-24T14:01:50+00:00\" \/>\n<meta name=\"twitter:card\" content=\"summary_large_image\" \/>\n<meta name=\"twitter:label1\" content=\"Ber\u00e4knad l\u00e4stid\" \/>\n\t<meta name=\"twitter:data1\" content=\"1 minut\" \/>\n<script type=\"application\/ld+json\" class=\"yoast-schema-graph\">{\"@context\":\"https:\\\/\\\/schema.org\",\"@graph\":[{\"@type\":\"WebPage\",\"@id\":\"https:\\\/\\\/www.kameleonten.fi\\\/sv\\\/dataskydd\\\/\",\"url\":\"https:\\\/\\\/www.kameleonten.fi\\\/sv\\\/dataskydd\\\/\",\"name\":\"Dataskydd - Kameleonten\",\"isPartOf\":{\"@id\":\"https:\\\/\\\/www.kameleonten.fi\\\/sv\\\/#website\"},\"primaryImageOfPage\":{\"@id\":\"https:\\\/\\\/www.kameleonten.fi\\\/sv\\\/dataskydd\\\/#primaryimage\"},\"image\":{\"@id\":\"https:\\\/\\\/www.kameleonten.fi\\\/sv\\\/dataskydd\\\/#primaryimage\"},\"thumbnailUrl\":\"https:\\\/\\\/www.kameleonten.fi\\\/wp-content\\\/uploads\\\/2025\\\/06\\\/icon-tietopankki-1.svg\",\"datePublished\":\"2023-01-17T08:55:29+00:00\",\"dateModified\":\"2025-06-24T14:01:50+00:00\",\"breadcrumb\":{\"@id\":\"https:\\\/\\\/www.kameleonten.fi\\\/sv\\\/dataskydd\\\/#breadcrumb\"},\"inLanguage\":\"sv-SE\",\"potentialAction\":[{\"@type\":\"ReadAction\",\"target\":[\"https:\\\/\\\/www.kameleonten.fi\\\/sv\\\/dataskydd\\\/\"]}]},{\"@type\":\"ImageObject\",\"inLanguage\":\"sv-SE\",\"@id\":\"https:\\\/\\\/www.kameleonten.fi\\\/sv\\\/dataskydd\\\/#primaryimage\",\"url\":\"https:\\\/\\\/www.kameleonten.fi\\\/wp-content\\\/uploads\\\/2025\\\/06\\\/icon-tietopankki-1.svg\",\"contentUrl\":\"https:\\\/\\\/www.kameleonten.fi\\\/wp-content\\\/uploads\\\/2025\\\/06\\\/icon-tietopankki-1.svg\",\"width\":74,\"height\":80,\"caption\":\"Tietosuojaseloste\"},{\"@type\":\"BreadcrumbList\",\"@id\":\"https:\\\/\\\/www.kameleonten.fi\\\/sv\\\/dataskydd\\\/#breadcrumb\",\"itemListElement\":[{\"@type\":\"ListItem\",\"position\":1,\"name\":\"Home\",\"item\":\"https:\\\/\\\/www.kameleonten.fi\\\/sv\\\/\"},{\"@type\":\"ListItem\",\"position\":2,\"name\":\"Dataskydd\"}]},{\"@type\":\"WebSite\",\"@id\":\"https:\\\/\\\/www.kameleonten.fi\\\/sv\\\/#website\",\"url\":\"https:\\\/\\\/www.kameleonten.fi\\\/sv\\\/\",\"name\":\"Kameleonten\",\"description\":\"Harrasta monilajihallissa Lepp&auml;vaarassa\",\"publisher\":{\"@id\":\"https:\\\/\\\/www.kameleonten.fi\\\/sv\\\/#organization\"},\"potentialAction\":[{\"@type\":\"SearchAction\",\"target\":{\"@type\":\"EntryPoint\",\"urlTemplate\":\"https:\\\/\\\/www.kameleonten.fi\\\/sv\\\/?s={search_term_string}\"},\"query-input\":{\"@type\":\"PropertyValueSpecification\",\"valueRequired\":true,\"valueName\":\"search_term_string\"}}],\"inLanguage\":\"sv-SE\"},{\"@type\":\"Organization\",\"@id\":\"https:\\\/\\\/www.kameleonten.fi\\\/sv\\\/#organization\",\"name\":\"Kameleonten\",\"url\":\"https:\\\/\\\/www.kameleonten.fi\\\/sv\\\/\",\"logo\":{\"@type\":\"ImageObject\",\"inLanguage\":\"sv-SE\",\"@id\":\"https:\\\/\\\/www.kameleonten.fi\\\/sv\\\/#\\\/schema\\\/logo\\\/image\\\/\",\"url\":\"https:\\\/\\\/www.kameleonten.fi\\\/wp-content\\\/uploads\\\/2025\\\/03\\\/favicon.svg\",\"contentUrl\":\"https:\\\/\\\/www.kameleonten.fi\\\/wp-content\\\/uploads\\\/2025\\\/03\\\/favicon.svg\",\"width\":108,\"height\":127,\"caption\":\"Kameleonten\"},\"image\":{\"@id\":\"https:\\\/\\\/www.kameleonten.fi\\\/sv\\\/#\\\/schema\\\/logo\\\/image\\\/\"}}]}<\/script>\n<!-- \/ Yoast SEO plugin. -->","yoast_head_json":{"title":"Dataskydd - Kameleonten","robots":{"index":"index","follow":"follow","max-snippet":"max-snippet:-1","max-image-preview":"max-image-preview:large","max-video-preview":"max-video-preview:-1"},"canonical":"https:\/\/www.kameleonten.fi\/sv\/dataskydd\/","og_locale":"sv_SE","og_type":"article","og_title":"Dataskydd - Kameleonten","og_description":"Vilka vi \u00e4r V\u00e5r webbplatsadress \u00e4r: https:\/\/www.kameleonten.fi Inb\u00e4ddat inneh\u00e5ll fr\u00e5n andra webbplatser Artiklar p\u00e5 denna webbplats kan inneh\u00e5lla inb\u00e4ddat inneh\u00e5ll (t.ex. videor, bilder, artiklar etc.). Att \u00f6ppna inb\u00e4ddat inneh\u00e5ll fr\u00e5n andra webbplatser \u00e4r j\u00e4mf\u00f6rbart med att bes\u00f6karen sj\u00e4lv skulle bes\u00f6ka den tredje partens webbplats. Dessa webbplatser kan samla in data om dig, anv\u00e4nda cookies, b\u00e4dda...","og_url":"https:\/\/www.kameleonten.fi\/sv\/dataskydd\/","og_site_name":"Kameleonten","article_modified_time":"2025-06-24T14:01:50+00:00","twitter_card":"summary_large_image","twitter_misc":{"Ber\u00e4knad l\u00e4stid":"1 minut"},"schema":{"@context":"https:\/\/schema.org","@graph":[{"@type":"WebPage","@id":"https:\/\/www.kameleonten.fi\/sv\/dataskydd\/","url":"https:\/\/www.kameleonten.fi\/sv\/dataskydd\/","name":"Dataskydd - Kameleonten","isPartOf":{"@id":"https:\/\/www.kameleonten.fi\/sv\/#website"},"primaryImageOfPage":{"@id":"https:\/\/www.kameleonten.fi\/sv\/dataskydd\/#primaryimage"},"image":{"@id":"https:\/\/www.kameleonten.fi\/sv\/dataskydd\/#primaryimage"},"thumbnailUrl":"https:\/\/www.kameleonten.fi\/wp-content\/uploads\/2025\/06\/icon-tietopankki-1.svg","datePublished":"2023-01-17T08:55:29+00:00","dateModified":"2025-06-24T14:01:50+00:00","breadcrumb":{"@id":"https:\/\/www.kameleonten.fi\/sv\/dataskydd\/#breadcrumb"},"inLanguage":"sv-SE","potentialAction":[{"@type":"ReadAction","target":["https:\/\/www.kameleonten.fi\/sv\/dataskydd\/"]}]},{"@type":"ImageObject","inLanguage":"sv-SE","@id":"https:\/\/www.kameleonten.fi\/sv\/dataskydd\/#primaryimage","url":"https:\/\/www.kameleonten.fi\/wp-content\/uploads\/2025\/06\/icon-tietopankki-1.svg","contentUrl":"https:\/\/www.kameleonten.fi\/wp-content\/uploads\/2025\/06\/icon-tietopankki-1.svg","width":74,"height":80,"caption":"Tietosuojaseloste"},{"@type":"BreadcrumbList","@id":"https:\/\/www.kameleonten.fi\/sv\/dataskydd\/#breadcrumb","itemListElement":[{"@type":"ListItem","position":1,"name":"Home","item":"https:\/\/www.kameleonten.fi\/sv\/"},{"@type":"ListItem","position":2,"name":"Dataskydd"}]},{"@type":"WebSite","@id":"https:\/\/www.kameleonten.fi\/sv\/#website","url":"https:\/\/www.kameleonten.fi\/sv\/","name":"Kameleonten","description":"Harrasta monilajihallissa Lepp&auml;vaarassa","publisher":{"@id":"https:\/\/www.kameleonten.fi\/sv\/#organization"},"potentialAction":[{"@type":"SearchAction","target":{"@type":"EntryPoint","urlTemplate":"https:\/\/www.kameleonten.fi\/sv\/?s={search_term_string}"},"query-input":{"@type":"PropertyValueSpecification","valueRequired":true,"valueName":"search_term_string"}}],"inLanguage":"sv-SE"},{"@type":"Organization","@id":"https:\/\/www.kameleonten.fi\/sv\/#organization","name":"Kameleonten","url":"https:\/\/www.kameleonten.fi\/sv\/","logo":{"@type":"ImageObject","inLanguage":"sv-SE","@id":"https:\/\/www.kameleonten.fi\/sv\/#\/schema\/logo\/image\/","url":"https:\/\/www.kameleonten.fi\/wp-content\/uploads\/2025\/03\/favicon.svg","contentUrl":"https:\/\/www.kameleonten.fi\/wp-content\/uploads\/2025\/03\/favicon.svg","width":108,"height":127,"caption":"Kameleonten"},"image":{"@id":"https:\/\/www.kameleonten.fi\/sv\/#\/schema\/logo\/image\/"}}]}},"taxonomy_info":[],"featured_image_src_large":["https:\/\/www.kameleonten.fi\/wp-content\/uploads\/2025\/06\/icon-tietopankki-1.svg",948,1024,true],"author_info":{"display_name":"Kameleonten","author_link":"https:\/\/www.kameleonten.fi\/sv\/author\/kam_editor\/"},"comment_info":0,"_links":{"self":[{"href":"https:\/\/www.kameleonten.fi\/sv\/wp-json\/wp\/v2\/pages\/3699","targetHints":{"allow":["GET"]}}],"collection":[{"href":"https:\/\/www.kameleonten.fi\/sv\/wp-json\/wp\/v2\/pages"}],"about":[{"href":"https:\/\/www.kameleonten.fi\/sv\/wp-json\/wp\/v2\/types\/page"}],"author":[{"embeddable":true,"href":"https:\/\/www.kameleonten.fi\/sv\/wp-json\/wp\/v2\/users\/2"}],"replies":[{"embeddable":true,"href":"https:\/\/www.kameleonten.fi\/sv\/wp-json\/wp\/v2\/comments?post=3699"}],"version-history":[{"count":3,"href":"https:\/\/www.kameleonten.fi\/sv\/wp-json\/wp\/v2\/pages\/3699\/revisions"}],"predecessor-version":[{"id":7126,"href":"https:\/\/www.kameleonten.fi\/sv\/wp-json\/wp\/v2\/pages\/3699\/revisions\/7126"}],"wp:featuredmedia":[{"embeddable":true,"href":"https:\/\/www.kameleonten.fi\/sv\/wp-json\/wp\/v2\/media\/6302"}],"wp:attachment":[{"href":"https:\/\/www.kameleonten.fi\/sv\/wp-json\/wp\/v2\/media?parent=3699"}],"wp:term":[{"taxonomy":"page_template","embeddable":true,"href":"https:\/\/www.kameleonten.fi\/sv\/wp-json\/wp\/v2\/page_template?post=3699"}],"curies":[{"name":"wp","href":"https:\/\/api.w.org\/{rel}","templated":true}]}}