{"id":3712,"date":"2025-04-16T10:48:23","date_gmt":"2025-04-16T07:48:23","guid":{"rendered":"https:\/\/www.kameleonten.fi\/?page_id=3712"},"modified":"2025-09-11T12:19:35","modified_gmt":"2025-09-11T09:19:35","slug":"cafe-och-restaurang","status":"publish","type":"page","link":"https:\/\/www.kameleonten.fi\/sv\/sport\/tjanster\/cafe-och-restaurang\/","title":{"rendered":"Caf\u00e9 och restaurang"},"content":{"rendered":"<style>.wp-block-kadence-advancedheading.kt-adv-heading3712_e1957a-e0, .wp-block-kadence-advancedheading.kt-adv-heading3712_e1957a-e0[data-kb-block=\"kb-adv-heading3712_e1957a-e0\"]{font-style:normal;}.wp-block-kadence-advancedheading.kt-adv-heading3712_e1957a-e0 mark.kt-highlight, .wp-block-kadence-advancedheading.kt-adv-heading3712_e1957a-e0[data-kb-block=\"kb-adv-heading3712_e1957a-e0\"] mark.kt-highlight{font-style:normal;color:#f76a0c;-webkit-box-decoration-break:clone;box-decoration-break:clone;padding-top:0px;padding-right:0px;padding-bottom:0px;padding-left:0px;}.wp-block-kadence-advancedheading.kt-adv-heading3712_e1957a-e0 img.kb-inline-image, .wp-block-kadence-advancedheading.kt-adv-heading3712_e1957a-e0[data-kb-block=\"kb-adv-heading3712_e1957a-e0\"] img.kb-inline-image{width:150px;vertical-align:baseline;}<\/style>\n<p class=\"kt-adv-heading3712_e1957a-e0 wp-block-kadence-advancedheading\" data-kb-block=\"kb-adv-heading3712_e1957a-e0\">Hos oss hittar du ett brett urval av drycker, s\u00f6ta och salta bakverk samt hemlagad husmanskost fr\u00e5n buff\u00e9n p\u00e5 l\u00f6rdagar och s\u00f6ndagar mellan kl. 11\u201316 (efter best\u00e4llning \u00e4ven efter kl. 16 samt p\u00e5 vardagar).<br><\/p>\n\n\n<style>.wp-block-kadence-advancedheading.kt-adv-heading3712_d2d185-9e, .wp-block-kadence-advancedheading.kt-adv-heading3712_d2d185-9e[data-kb-block=\"kb-adv-heading3712_d2d185-9e\"]{font-style:normal;}.wp-block-kadence-advancedheading.kt-adv-heading3712_d2d185-9e mark.kt-highlight, .wp-block-kadence-advancedheading.kt-adv-heading3712_d2d185-9e[data-kb-block=\"kb-adv-heading3712_d2d185-9e\"] mark.kt-highlight{font-style:normal;color:#f76a0c;-webkit-box-decoration-break:clone;box-decoration-break:clone;padding-top:0px;padding-right:0px;padding-bottom:0px;padding-left:0px;}.wp-block-kadence-advancedheading.kt-adv-heading3712_d2d185-9e img.kb-inline-image, .wp-block-kadence-advancedheading.kt-adv-heading3712_d2d185-9e[data-kb-block=\"kb-adv-heading3712_d2d185-9e\"] img.kb-inline-image{width:150px;vertical-align:baseline;}<\/style>\n<p class=\"kt-adv-heading3712_d2d185-9e wp-block-kadence-advancedheading\" data-kb-block=\"kb-adv-heading3712_d2d185-9e\">Vi fungerar ocks\u00e5 som best\u00e4llningsrestaurang och erbjuder utm\u00e4rkta f\u00f6ruts\u00e4ttningar f\u00f6r m\u00e5ltider och m\u00f6ten f\u00f6r till exempel f\u00f6reningar, f\u00f6retag eller organisationer.<br>I v\u00e5ra lokaler finns \u00e4ven kabinettutrymmen f\u00f6r olika evenemang och behov.<\/p>\n\n\n<style>.wp-block-kadence-advancedheading.kt-adv-heading3712_092cd2-2b, .wp-block-kadence-advancedheading.kt-adv-heading3712_092cd2-2b[data-kb-block=\"kb-adv-heading3712_092cd2-2b\"]{font-style:normal;}.wp-block-kadence-advancedheading.kt-adv-heading3712_092cd2-2b mark.kt-highlight, .wp-block-kadence-advancedheading.kt-adv-heading3712_092cd2-2b[data-kb-block=\"kb-adv-heading3712_092cd2-2b\"] mark.kt-highlight{font-style:normal;color:#f76a0c;-webkit-box-decoration-break:clone;box-decoration-break:clone;padding-top:0px;padding-right:0px;padding-bottom:0px;padding-left:0px;}.wp-block-kadence-advancedheading.kt-adv-heading3712_092cd2-2b img.kb-inline-image, .wp-block-kadence-advancedheading.kt-adv-heading3712_092cd2-2b[data-kb-block=\"kb-adv-heading3712_092cd2-2b\"] img.kb-inline-image{width:150px;vertical-align:baseline;}<\/style>\n<p class=\"kt-adv-heading3712_092cd2-2b wp-block-kadence-advancedheading\" data-kb-block=\"kb-adv-heading3712_092cd2-2b\"><strong>\u00d6ppettider:<\/strong><\/p>\n\n\n<style>.wp-block-kadence-advancedheading.kt-adv-heading3712_3fb5b6-cf, .wp-block-kadence-advancedheading.kt-adv-heading3712_3fb5b6-cf[data-kb-block=\"kb-adv-heading3712_3fb5b6-cf\"]{font-style:normal;}.wp-block-kadence-advancedheading.kt-adv-heading3712_3fb5b6-cf mark.kt-highlight, .wp-block-kadence-advancedheading.kt-adv-heading3712_3fb5b6-cf[data-kb-block=\"kb-adv-heading3712_3fb5b6-cf\"] mark.kt-highlight{font-style:normal;color:#f76a0c;-webkit-box-decoration-break:clone;box-decoration-break:clone;padding-top:0px;padding-right:0px;padding-bottom:0px;padding-left:0px;}.wp-block-kadence-advancedheading.kt-adv-heading3712_3fb5b6-cf img.kb-inline-image, .wp-block-kadence-advancedheading.kt-adv-heading3712_3fb5b6-cf[data-kb-block=\"kb-adv-heading3712_3fb5b6-cf\"] img.kb-inline-image{width:150px;vertical-align:baseline;}<\/style>\n<p class=\"kt-adv-heading3712_3fb5b6-cf wp-block-kadence-advancedheading\" data-kb-block=\"kb-adv-heading3712_3fb5b6-cf\">M\u00e5n-Fre kl 15-20<br>L\u00f6-S\u00f6 kl 10-17<\/p>\n\n\n<style>.wp-block-kadence-advancedheading.kt-adv-heading3712_4a4373-be, .wp-block-kadence-advancedheading.kt-adv-heading3712_4a4373-be[data-kb-block=\"kb-adv-heading3712_4a4373-be\"]{font-style:normal;}.wp-block-kadence-advancedheading.kt-adv-heading3712_4a4373-be mark.kt-highlight, .wp-block-kadence-advancedheading.kt-adv-heading3712_4a4373-be[data-kb-block=\"kb-adv-heading3712_4a4373-be\"] mark.kt-highlight{font-style:normal;color:#f76a0c;-webkit-box-decoration-break:clone;box-decoration-break:clone;padding-top:0px;padding-right:0px;padding-bottom:0px;padding-left:0px;}.wp-block-kadence-advancedheading.kt-adv-heading3712_4a4373-be img.kb-inline-image, .wp-block-kadence-advancedheading.kt-adv-heading3712_4a4373-be[data-kb-block=\"kb-adv-heading3712_4a4373-be\"] img.kb-inline-image{width:150px;vertical-align:baseline;}<\/style>\n<p class=\"kt-adv-heading3712_4a4373-be wp-block-kadence-advancedheading\" data-kb-block=\"kb-adv-heading3712_4a4373-be\"><strong>F\u00f6rfr\u00e5gningar<\/strong>:<\/p>\n\n\n<style>.wp-block-kadence-advancedheading.kt-adv-heading3712_891190-8a, .wp-block-kadence-advancedheading.kt-adv-heading3712_891190-8a[data-kb-block=\"kb-adv-heading3712_891190-8a\"]{font-style:normal;}.wp-block-kadence-advancedheading.kt-adv-heading3712_891190-8a mark.kt-highlight, .wp-block-kadence-advancedheading.kt-adv-heading3712_891190-8a[data-kb-block=\"kb-adv-heading3712_891190-8a\"] mark.kt-highlight{font-style:normal;color:#f76a0c;-webkit-box-decoration-break:clone;box-decoration-break:clone;padding-top:0px;padding-right:0px;padding-bottom:0px;padding-left:0px;}.wp-block-kadence-advancedheading.kt-adv-heading3712_891190-8a img.kb-inline-image, .wp-block-kadence-advancedheading.kt-adv-heading3712_891190-8a[data-kb-block=\"kb-adv-heading3712_891190-8a\"] img.kb-inline-image{width:150px;vertical-align:baseline;}<\/style>\n<p class=\"kt-adv-heading3712_891190-8a wp-block-kadence-advancedheading\" data-kb-block=\"kb-adv-heading3712_891190-8a\">Antti Karikoski, tel. 045 630 6677 eller <a href=\"mailto:ateriapalvelut@taukobaarit.fi\" target=\"_blank\" rel=\"noreferrer noopener\">ateriapalvelut@taukobaarit.fi<\/a><br><\/p>\n","protected":false},"excerpt":{"rendered":"<p>Tauko Caf\u00e9 bjuder p\u00e5 goda h\u00f6gklassiga caf\u00e9- och m\u00e5ltidstj\u00e4nster i Kameleonten.<\/p>\n","protected":false},"author":2,"featured_media":0,"parent":3710,"menu_order":0,"comment_status":"closed","ping_status":"closed","template":"","meta":{"_acf_changed":false,"inline_featured_image":false,"_kad_blocks_custom_css":"","_kad_blocks_head_custom_js":"","_kad_blocks_body_custom_js":"","_kad_blocks_footer_custom_js":"","_kadence_starter_templates_imported_post":false,"_kad_post_transparent":"","_kad_post_title":"","_kad_post_layout":"","_kad_post_sidebar_id":"","_kad_post_content_style":"","_kad_post_vertical_padding":"","_kad_post_feature":"","_kad_post_feature_position":"","_kad_post_header":false,"_kad_post_footer":false,"_kad_post_classname":"","footnotes":""},"page_template":[52],"class_list":["post-3712","page","type-page","status-publish","hentry","page_template-urheliu-content-page-sv"],"acf":[],"yoast_head":"<!-- This site is optimized with the Yoast SEO plugin v27.4 - https:\/\/yoast.com\/product\/yoast-seo-wordpress\/ -->\n<title>Caf\u00e9 och restaurang - Kameleonten<\/title>\n<meta name=\"description\" content=\"Tauko Caf\u00e9 bjuder p\u00e5 goda h\u00f6gklassiga caf\u00e9- och m\u00e5ltidstj\u00e4nster i Kameleonten.\" \/>\n<meta name=\"robots\" content=\"index, follow, max-snippet:-1, max-image-preview:large, max-video-preview:-1\" \/>\n<link rel=\"canonical\" href=\"https:\/\/www.kameleonten.fi\/sv\/sport\/tjanster\/cafe-och-restaurang\/\" \/>\n<meta property=\"og:locale\" content=\"sv_SE\" \/>\n<meta property=\"og:type\" content=\"article\" \/>\n<meta property=\"og:title\" content=\"Caf\u00e9 och restaurang - Kameleonten\" \/>\n<meta property=\"og:description\" content=\"Tauko Caf\u00e9 bjuder p\u00e5 goda h\u00f6gklassiga caf\u00e9- och m\u00e5ltidstj\u00e4nster i Kameleonten.\" \/>\n<meta property=\"og:url\" content=\"https:\/\/www.kameleonten.fi\/sv\/sport\/tjanster\/cafe-och-restaurang\/\" \/>\n<meta property=\"og:site_name\" content=\"Kameleonten\" \/>\n<meta property=\"article:modified_time\" content=\"2025-09-11T09:19:35+00:00\" \/>\n<meta name=\"twitter:card\" content=\"summary_large_image\" \/>\n<meta name=\"twitter:label1\" content=\"Ber\u00e4knad l\u00e4stid\" \/>\n\t<meta name=\"twitter:data1\" content=\"1 minut\" \/>\n<script type=\"application\/ld+json\" class=\"yoast-schema-graph\">{\"@context\":\"https:\\\/\\\/schema.org\",\"@graph\":[{\"@type\":\"WebPage\",\"@id\":\"https:\\\/\\\/www.kameleonten.fi\\\/sv\\\/sport\\\/tjanster\\\/cafe-och-restaurang\\\/\",\"url\":\"https:\\\/\\\/www.kameleonten.fi\\\/sv\\\/sport\\\/tjanster\\\/cafe-och-restaurang\\\/\",\"name\":\"Caf\u00e9 och restaurang - Kameleonten\",\"isPartOf\":{\"@id\":\"https:\\\/\\\/www.kameleonten.fi\\\/sv\\\/#website\"},\"datePublished\":\"2025-04-16T07:48:23+00:00\",\"dateModified\":\"2025-09-11T09:19:35+00:00\",\"description\":\"Tauko Caf\u00e9 bjuder p\u00e5 goda h\u00f6gklassiga caf\u00e9- och m\u00e5ltidstj\u00e4nster i Kameleonten.\",\"breadcrumb\":{\"@id\":\"https:\\\/\\\/www.kameleonten.fi\\\/sv\\\/sport\\\/tjanster\\\/cafe-och-restaurang\\\/#breadcrumb\"},\"inLanguage\":\"sv-SE\",\"potentialAction\":[{\"@type\":\"ReadAction\",\"target\":[\"https:\\\/\\\/www.kameleonten.fi\\\/sv\\\/sport\\\/tjanster\\\/cafe-och-restaurang\\\/\"]}]},{\"@type\":\"BreadcrumbList\",\"@id\":\"https:\\\/\\\/www.kameleonten.fi\\\/sv\\\/sport\\\/tjanster\\\/cafe-och-restaurang\\\/#breadcrumb\",\"itemListElement\":[{\"@type\":\"ListItem\",\"position\":1,\"name\":\"Home\",\"item\":\"https:\\\/\\\/www.kameleonten.fi\\\/sv\\\/\"},{\"@type\":\"ListItem\",\"position\":2,\"name\":\"Sport\",\"item\":\"https:\\\/\\\/www.kameleonten.fi\\\/sv\\\/sport\\\/\"},{\"@type\":\"ListItem\",\"position\":3,\"name\":\"Tj\u00e4nster\",\"item\":\"https:\\\/\\\/www.kameleonten.fi\\\/sv\\\/sport\\\/tjanster\\\/\"},{\"@type\":\"ListItem\",\"position\":4,\"name\":\"Caf\u00e9 och restaurang\"}]},{\"@type\":\"WebSite\",\"@id\":\"https:\\\/\\\/www.kameleonten.fi\\\/sv\\\/#website\",\"url\":\"https:\\\/\\\/www.kameleonten.fi\\\/sv\\\/\",\"name\":\"Kameleonten\",\"description\":\"Harrasta monilajihallissa Lepp&auml;vaarassa\",\"publisher\":{\"@id\":\"https:\\\/\\\/www.kameleonten.fi\\\/sv\\\/#organization\"},\"potentialAction\":[{\"@type\":\"SearchAction\",\"target\":{\"@type\":\"EntryPoint\",\"urlTemplate\":\"https:\\\/\\\/www.kameleonten.fi\\\/sv\\\/?s={search_term_string}\"},\"query-input\":{\"@type\":\"PropertyValueSpecification\",\"valueRequired\":true,\"valueName\":\"search_term_string\"}}],\"inLanguage\":\"sv-SE\"},{\"@type\":\"Organization\",\"@id\":\"https:\\\/\\\/www.kameleonten.fi\\\/sv\\\/#organization\",\"name\":\"Kameleonten\",\"url\":\"https:\\\/\\\/www.kameleonten.fi\\\/sv\\\/\",\"logo\":{\"@type\":\"ImageObject\",\"inLanguage\":\"sv-SE\",\"@id\":\"https:\\\/\\\/www.kameleonten.fi\\\/sv\\\/#\\\/schema\\\/logo\\\/image\\\/\",\"url\":\"https:\\\/\\\/www.kameleonten.fi\\\/wp-content\\\/uploads\\\/2025\\\/03\\\/favicon.svg\",\"contentUrl\":\"https:\\\/\\\/www.kameleonten.fi\\\/wp-content\\\/uploads\\\/2025\\\/03\\\/favicon.svg\",\"width\":108,\"height\":127,\"caption\":\"Kameleonten\"},\"image\":{\"@id\":\"https:\\\/\\\/www.kameleonten.fi\\\/sv\\\/#\\\/schema\\\/logo\\\/image\\\/\"}}]}<\/script>\n<!-- \/ Yoast SEO plugin. -->","yoast_head_json":{"title":"Caf\u00e9 och restaurang - Kameleonten","description":"Tauko Caf\u00e9 bjuder p\u00e5 goda h\u00f6gklassiga caf\u00e9- och m\u00e5ltidstj\u00e4nster i Kameleonten.","robots":{"index":"index","follow":"follow","max-snippet":"max-snippet:-1","max-image-preview":"max-image-preview:large","max-video-preview":"max-video-preview:-1"},"canonical":"https:\/\/www.kameleonten.fi\/sv\/sport\/tjanster\/cafe-och-restaurang\/","og_locale":"sv_SE","og_type":"article","og_title":"Caf\u00e9 och restaurang - Kameleonten","og_description":"Tauko Caf\u00e9 bjuder p\u00e5 goda h\u00f6gklassiga caf\u00e9- och m\u00e5ltidstj\u00e4nster i Kameleonten.","og_url":"https:\/\/www.kameleonten.fi\/sv\/sport\/tjanster\/cafe-och-restaurang\/","og_site_name":"Kameleonten","article_modified_time":"2025-09-11T09:19:35+00:00","twitter_card":"summary_large_image","twitter_misc":{"Ber\u00e4knad l\u00e4stid":"1 minut"},"schema":{"@context":"https:\/\/schema.org","@graph":[{"@type":"WebPage","@id":"https:\/\/www.kameleonten.fi\/sv\/sport\/tjanster\/cafe-och-restaurang\/","url":"https:\/\/www.kameleonten.fi\/sv\/sport\/tjanster\/cafe-och-restaurang\/","name":"Caf\u00e9 och restaurang - Kameleonten","isPartOf":{"@id":"https:\/\/www.kameleonten.fi\/sv\/#website"},"datePublished":"2025-04-16T07:48:23+00:00","dateModified":"2025-09-11T09:19:35+00:00","description":"Tauko Caf\u00e9 bjuder p\u00e5 goda h\u00f6gklassiga caf\u00e9- och m\u00e5ltidstj\u00e4nster i Kameleonten.","breadcrumb":{"@id":"https:\/\/www.kameleonten.fi\/sv\/sport\/tjanster\/cafe-och-restaurang\/#breadcrumb"},"inLanguage":"sv-SE","potentialAction":[{"@type":"ReadAction","target":["https:\/\/www.kameleonten.fi\/sv\/sport\/tjanster\/cafe-och-restaurang\/"]}]},{"@type":"BreadcrumbList","@id":"https:\/\/www.kameleonten.fi\/sv\/sport\/tjanster\/cafe-och-restaurang\/#breadcrumb","itemListElement":[{"@type":"ListItem","position":1,"name":"Home","item":"https:\/\/www.kameleonten.fi\/sv\/"},{"@type":"ListItem","position":2,"name":"Sport","item":"https:\/\/www.kameleonten.fi\/sv\/sport\/"},{"@type":"ListItem","position":3,"name":"Tj\u00e4nster","item":"https:\/\/www.kameleonten.fi\/sv\/sport\/tjanster\/"},{"@type":"ListItem","position":4,"name":"Caf\u00e9 och restaurang"}]},{"@type":"WebSite","@id":"https:\/\/www.kameleonten.fi\/sv\/#website","url":"https:\/\/www.kameleonten.fi\/sv\/","name":"Kameleonten","description":"Harrasta monilajihallissa Lepp&auml;vaarassa","publisher":{"@id":"https:\/\/www.kameleonten.fi\/sv\/#organization"},"potentialAction":[{"@type":"SearchAction","target":{"@type":"EntryPoint","urlTemplate":"https:\/\/www.kameleonten.fi\/sv\/?s={search_term_string}"},"query-input":{"@type":"PropertyValueSpecification","valueRequired":true,"valueName":"search_term_string"}}],"inLanguage":"sv-SE"},{"@type":"Organization","@id":"https:\/\/www.kameleonten.fi\/sv\/#organization","name":"Kameleonten","url":"https:\/\/www.kameleonten.fi\/sv\/","logo":{"@type":"ImageObject","inLanguage":"sv-SE","@id":"https:\/\/www.kameleonten.fi\/sv\/#\/schema\/logo\/image\/","url":"https:\/\/www.kameleonten.fi\/wp-content\/uploads\/2025\/03\/favicon.svg","contentUrl":"https:\/\/www.kameleonten.fi\/wp-content\/uploads\/2025\/03\/favicon.svg","width":108,"height":127,"caption":"Kameleonten"},"image":{"@id":"https:\/\/www.kameleonten.fi\/sv\/#\/schema\/logo\/image\/"}}]}},"taxonomy_info":{"page_template":[{"value":52,"label":"Urheliu \u2013 sis\u00e4lt\u00f6sivu (SV)"}]},"featured_image_src_large":false,"author_info":{"display_name":"Kameleonten","author_link":"https:\/\/www.kameleonten.fi\/sv\/author\/kam_editor\/"},"comment_info":0,"_links":{"self":[{"href":"https:\/\/www.kameleonten.fi\/sv\/wp-json\/wp\/v2\/pages\/3712","targetHints":{"allow":["GET"]}}],"collection":[{"href":"https:\/\/www.kameleonten.fi\/sv\/wp-json\/wp\/v2\/pages"}],"about":[{"href":"https:\/\/www.kameleonten.fi\/sv\/wp-json\/wp\/v2\/types\/page"}],"author":[{"embeddable":true,"href":"https:\/\/www.kameleonten.fi\/sv\/wp-json\/wp\/v2\/users\/2"}],"replies":[{"embeddable":true,"href":"https:\/\/www.kameleonten.fi\/sv\/wp-json\/wp\/v2\/comments?post=3712"}],"version-history":[{"count":8,"href":"https:\/\/www.kameleonten.fi\/sv\/wp-json\/wp\/v2\/pages\/3712\/revisions"}],"predecessor-version":[{"id":7379,"href":"https:\/\/www.kameleonten.fi\/sv\/wp-json\/wp\/v2\/pages\/3712\/revisions\/7379"}],"up":[{"embeddable":true,"href":"https:\/\/www.kameleonten.fi\/sv\/wp-json\/wp\/v2\/pages\/3710"}],"wp:attachment":[{"href":"https:\/\/www.kameleonten.fi\/sv\/wp-json\/wp\/v2\/media?parent=3712"}],"wp:term":[{"taxonomy":"page_template","embeddable":true,"href":"https:\/\/www.kameleonten.fi\/sv\/wp-json\/wp\/v2\/page_template?post=3712"}],"curies":[{"name":"wp","href":"https:\/\/api.w.org\/{rel}","templated":true}]}}