{"id":3738,"date":"2025-04-16T10:37:59","date_gmt":"2025-04-16T07:37:59","guid":{"rendered":"https:\/\/www.kameleonten.fi\/?page_id=3738"},"modified":"2025-06-23T14:36:04","modified_gmt":"2025-06-23T11:36:04","slug":"lager-som-anvander-friidrottssalen","status":"publish","type":"page","link":"https:\/\/www.kameleonten.fi\/sv\/sport\/for-foreningar\/lager-som-anvander-friidrottssalen\/","title":{"rendered":"L\u00e4ger"},"content":{"rendered":"<style>.wp-block-kadence-advancedheading.kt-adv-heading3738_b49a30-83, .wp-block-kadence-advancedheading.kt-adv-heading3738_b49a30-83[data-kb-block=\"kb-adv-heading3738_b49a30-83\"]{font-style:normal;}.wp-block-kadence-advancedheading.kt-adv-heading3738_b49a30-83 mark.kt-highlight, .wp-block-kadence-advancedheading.kt-adv-heading3738_b49a30-83[data-kb-block=\"kb-adv-heading3738_b49a30-83\"] mark.kt-highlight{font-style:normal;color:#f76a0c;-webkit-box-decoration-break:clone;box-decoration-break:clone;padding-top:0px;padding-right:0px;padding-bottom:0px;padding-left:0px;}.wp-block-kadence-advancedheading.kt-adv-heading3738_b49a30-83 img.kb-inline-image, .wp-block-kadence-advancedheading.kt-adv-heading3738_b49a30-83[data-kb-block=\"kb-adv-heading3738_b49a30-83\"] img.kb-inline-image{width:150px;vertical-align:baseline;}<\/style>\n<p class=\"kt-adv-heading3738_b49a30-83 wp-block-kadence-advancedheading\" data-kb-block=\"kb-adv-heading3738_b49a30-83\">V\u00e4lkommen att ordna of\u00f6rgl\u00f6mliga l\u00e4ger i v\u00e5r moderna idrotts- och evenemangshall!<br><\/p>\n\n\n<style>.wp-block-kadence-advancedheading.kt-adv-heading3738_328c43-09, .wp-block-kadence-advancedheading.kt-adv-heading3738_328c43-09[data-kb-block=\"kb-adv-heading3738_328c43-09\"]{font-style:normal;}.wp-block-kadence-advancedheading.kt-adv-heading3738_328c43-09 mark.kt-highlight, .wp-block-kadence-advancedheading.kt-adv-heading3738_328c43-09[data-kb-block=\"kb-adv-heading3738_328c43-09\"] mark.kt-highlight{font-style:normal;color:#f76a0c;-webkit-box-decoration-break:clone;box-decoration-break:clone;padding-top:0px;padding-right:0px;padding-bottom:0px;padding-left:0px;}.wp-block-kadence-advancedheading.kt-adv-heading3738_328c43-09 img.kb-inline-image, .wp-block-kadence-advancedheading.kt-adv-heading3738_328c43-09[data-kb-block=\"kb-adv-heading3738_328c43-09\"] img.kb-inline-image{width:150px;vertical-align:baseline;}<\/style>\n<p class=\"kt-adv-heading3738_328c43-09 wp-block-kadence-advancedheading\" data-kb-block=\"kb-adv-heading3738_328c43-09\">Arenan l\u00e4mpar sig f\u00f6r m\u00e5nga \u00e4ndam\u00e5l: hos oss finns h\u00f6gklassiga spelplaner, tr\u00e4ningsutrustning, m\u00f6tesrum samt dusch- och omkl\u00e4dningsutrymmen som g\u00f6r l\u00e4gret smidigt och bekv\u00e4mt f\u00f6r alla deltagare. T.ex. Golf- samt Bollf\u00f6rbundt har ordnat egna l\u00e4ger i hallen &#8211; t.o.m. p\u00e5 landslagsniv\u00e5!<br><\/p>\n\n\n<style>.wp-block-kadence-advancedheading.kt-adv-heading3738_ff6433-24, .wp-block-kadence-advancedheading.kt-adv-heading3738_ff6433-24[data-kb-block=\"kb-adv-heading3738_ff6433-24\"]{font-style:normal;}.wp-block-kadence-advancedheading.kt-adv-heading3738_ff6433-24 mark.kt-highlight, .wp-block-kadence-advancedheading.kt-adv-heading3738_ff6433-24[data-kb-block=\"kb-adv-heading3738_ff6433-24\"] mark.kt-highlight{font-style:normal;color:#f76a0c;-webkit-box-decoration-break:clone;box-decoration-break:clone;padding-top:0px;padding-right:0px;padding-bottom:0px;padding-left:0px;}.wp-block-kadence-advancedheading.kt-adv-heading3738_ff6433-24 img.kb-inline-image, .wp-block-kadence-advancedheading.kt-adv-heading3738_ff6433-24[data-kb-block=\"kb-adv-heading3738_ff6433-24\"] img.kb-inline-image{width:150px;vertical-align:baseline;}<\/style>\n<p class=\"kt-adv-heading3738_ff6433-24 wp-block-kadence-advancedheading\" data-kb-block=\"kb-adv-heading3738_ff6433-24\">L\u00e4grets framg\u00e5ng st\u00f6ds ocks\u00e5 av v\u00e5rt l\u00e4ttillg\u00e4ngliga l\u00e4ge och flexibla service \u2013 du kan skr\u00e4ddarsy ditt l\u00e4gerpaket med \u00f6vernattning, m\u00e5ltider och kringaktiviteter enligt behov. V\u00e5r erfarna personal hj\u00e4lper dig g\u00e4rna med planering och praktiska arrangemang, s\u00e5 att du kan fokusera p\u00e5 det viktigaste.<br><\/p>\n\n\n<style>.wp-block-kadence-advancedheading.kt-adv-heading3738_fcfeed-a0, .wp-block-kadence-advancedheading.kt-adv-heading3738_fcfeed-a0[data-kb-block=\"kb-adv-heading3738_fcfeed-a0\"]{font-style:normal;}.wp-block-kadence-advancedheading.kt-adv-heading3738_fcfeed-a0 mark.kt-highlight, .wp-block-kadence-advancedheading.kt-adv-heading3738_fcfeed-a0[data-kb-block=\"kb-adv-heading3738_fcfeed-a0\"] mark.kt-highlight{font-style:normal;color:#f76a0c;-webkit-box-decoration-break:clone;box-decoration-break:clone;padding-top:0px;padding-right:0px;padding-bottom:0px;padding-left:0px;}.wp-block-kadence-advancedheading.kt-adv-heading3738_fcfeed-a0 img.kb-inline-image, .wp-block-kadence-advancedheading.kt-adv-heading3738_fcfeed-a0[data-kb-block=\"kb-adv-heading3738_fcfeed-a0\"] img.kb-inline-image{width:150px;vertical-align:baseline;}<\/style>\n<p class=\"kt-adv-heading3738_fcfeed-a0 wp-block-kadence-advancedheading\" data-kb-block=\"kb-adv-heading3738_fcfeed-a0\">Kontakta oss f\u00f6r mer information och boka din tid i god tid \u2013 de b\u00e4sta l\u00e4germinnena b\u00f6rjar hos oss!<\/p>\n\n\n<style>.kadence-column6881_3b3a76-55 > .kt-inside-inner-col{display:flex;}.kadence-column6881_3b3a76-55{max-width:300px;margin-left:auto;margin-right:auto;}.wp-block-kadence-column.kb-section-dir-horizontal:not(.kb-section-md-dir-vertical)>.kt-inside-inner-col>.kadence-column6881_3b3a76-55{-webkit-flex:0 1 300px;flex:0 1 300px;max-width:unset;margin-left:unset;margin-right:unset;}.kadence-column6881_3b3a76-55 > .kt-inside-inner-col,.kadence-column6881_3b3a76-55 > .kt-inside-inner-col:before{border-top-left-radius:0px;border-top-right-radius:0px;border-bottom-right-radius:0px;border-bottom-left-radius:0px;}.kadence-column6881_3b3a76-55 > .kt-inside-inner-col{row-gap:0.9rem;column-gap:var(--global-kb-gap-sm, 1rem);}.kadence-column6881_3b3a76-55 > .kt-inside-inner-col{flex-direction:column;justify-content:flex-start;align-items:flex-start;}.kadence-column6881_3b3a76-55 > .kt-inside-inner-col > .kb-image-is-ratio-size{align-self:stretch;}.kadence-column6881_3b3a76-55 > .kt-inside-inner-col > .wp-block-kadence-advancedgallery{align-self:stretch;}.kadence-column6881_3b3a76-55 > .kt-inside-inner-col > .aligncenter{width:100%;}.kt-row-column-wrap > .kadence-column6881_3b3a76-55{align-self:flex-start;}.kt-inner-column-height-full:not(.kt-has-1-columns) > .wp-block-kadence-column.kadence-column6881_3b3a76-55{align-self:auto;}.kt-inner-column-height-full:not(.kt-has-1-columns) > .wp-block-kadence-column.kadence-column6881_3b3a76-55 > .kt-inside-inner-col{flex-direction:column;justify-content:flex-start;}.kadence-column6881_3b3a76-55 > .kt-inside-inner-col:before{opacity:0.3;}.kadence-column6881_3b3a76-55{text-align:left;}.kadence-column6881_3b3a76-55{position:relative;}.kadence-column6881_3b3a76-55, .kt-inside-inner-col > .kadence-column6881_3b3a76-55:not(.specificity){margin-right:0px;margin-left:0px;}@media all and (min-width: 1025px){.wp-block-kadence-column.kb-section-dir-horizontal>.kt-inside-inner-col>.kadence-column6881_3b3a76-55{-webkit-flex:0 1 300px;flex:0 1 300px;max-width:unset;margin-left:unset;margin-right:unset;}}@media all and (max-width: 1024px){.kt-row-column-wrap > .kadence-column6881_3b3a76-55{align-self:flex-start;}}@media all and (max-width: 1024px){.kt-inner-column-height-full:not(.kt-has-1-columns) > .wp-block-kadence-column.kadence-column6881_3b3a76-55{align-self:auto;}}@media all and (max-width: 1024px){.kt-inner-column-height-full:not(.kt-has-1-columns) > .wp-block-kadence-column.kadence-column6881_3b3a76-55 > .kt-inside-inner-col{flex-direction:column;justify-content:flex-start;}}@media all and (max-width: 1024px){.kadence-column6881_3b3a76-55 > .kt-inside-inner-col{flex-direction:column;justify-content:flex-start;align-items:flex-start;}}@media all and (max-width: 767px){.kt-row-column-wrap > .kadence-column6881_3b3a76-55{align-self:flex-start;}.kt-inner-column-height-full:not(.kt-has-1-columns) > .wp-block-kadence-column.kadence-column6881_3b3a76-55{align-self:auto;}.kt-inner-column-height-full:not(.kt-has-1-columns) > .wp-block-kadence-column.kadence-column6881_3b3a76-55 > .kt-inside-inner-col{flex-direction:column;justify-content:flex-start;}.wp-block-kadence-column.kb-section-sm-dir-vertical:not(.kb-section-sm-dir-horizontal):not(.kb-section-sm-dir-specificity)>.kt-inside-inner-col>.kadence-column6881_3b3a76-55{max-width:300px;-webkit-flex:1;flex:1;margin-left:auto;margin-right:auto;}.kadence-column6881_3b3a76-55 > .kt-inside-inner-col{flex-direction:column;justify-content:flex-start;align-items:flex-start;}}.kadence-column6881_3b3a76-55 {  width: 100%;  text-wrap: balance;}<\/style>\n<div class=\"wp-block-kadence-column kadence-column6881_3b3a76-55\"><div class=\"kt-inside-inner-col\"><style>.wp-block-kadence-image.kb-image6881_b1a78b-63:not(.kb-specificity-added):not(.kb-extra-specificity-added){margin-bottom:0px;}.kb-image6881_b1a78b-63.kb-image-is-ratio-size, .kb-image6881_b1a78b-63 .kb-image-is-ratio-size{max-width:100px;width:100%;}.wp-block-kadence-column > .kt-inside-inner-col > .kb-image6881_b1a78b-63.kb-image-is-ratio-size, .wp-block-kadence-column > .kt-inside-inner-col > .kb-image6881_b1a78b-63 .kb-image-is-ratio-size{align-self:unset;}.kb-image6881_b1a78b-63{max-width:100px;}.image-is-svg.kb-image6881_b1a78b-63{-webkit-flex:0 1 100%;flex:0 1 100%;}.image-is-svg.kb-image6881_b1a78b-63 img{width:100%;}.kb-image6881_b1a78b-63 .kb-image-has-overlay:after{opacity:0.3;border-top-left-radius:3.125rem;border-top-right-radius:3.125rem;border-bottom-right-radius:3.125rem;border-bottom-left-radius:3.125rem;}.kb-image6881_b1a78b-63 img.kb-img, .kb-image6881_b1a78b-63 .kb-img img{border-top-left-radius:3.125rem;border-top-right-radius:3.125rem;border-bottom-right-radius:3.125rem;border-bottom-left-radius:3.125rem;object-position:100% 8%;}<\/style>\n<figure class=\"wp-block-kadence-image kb-image6881_b1a78b-63 size-full kb-image-is-ratio-size\"><div class=\"kb-is-ratio-image kb-image-ratio-square\"><img loading=\"lazy\" decoding=\"async\" src=\"https:\/\/www.kameleonten.fi\/wp-content\/uploads\/2025\/05\/kameleonten-2025-0038-scaled.jpg\" alt=\"\" width=\"2560\" height=\"1707\" class=\"kb-img wp-image-5309 \" srcset=\"https:\/\/www.kameleonten.fi\/wp-content\/uploads\/2025\/05\/kameleonten-2025-0038-scaled.jpg 2560w, https:\/\/www.kameleonten.fi\/wp-content\/uploads\/2025\/05\/kameleonten-2025-0038-300x200.jpg 300w, https:\/\/www.kameleonten.fi\/wp-content\/uploads\/2025\/05\/kameleonten-2025-0038-1024x683.jpg 1024w, https:\/\/www.kameleonten.fi\/wp-content\/uploads\/2025\/05\/kameleonten-2025-0038-768x512.jpg 768w, https:\/\/www.kameleonten.fi\/wp-content\/uploads\/2025\/05\/kameleonten-2025-0038-1536x1024.jpg 1536w, https:\/\/www.kameleonten.fi\/wp-content\/uploads\/2025\/05\/kameleonten-2025-0038-2048x1365.jpg 2048w\" sizes=\"auto, (max-width: 2560px) 100vw, 2560px\" \/><\/div><\/figure>\n\n\n<style>.wp-block-kadence-advancedheading.kt-adv-heading6881_f89711-8e, .wp-block-kadence-advancedheading.kt-adv-heading6881_f89711-8e[data-kb-block=\"kb-adv-heading6881_f89711-8e\"]{margin-top:0.4rem;margin-bottom:0rem;font-size:1.375rem;font-style:normal;font-family:var( --global-heading-font-family, inherit );}.wp-block-kadence-advancedheading.kt-adv-heading6881_f89711-8e mark.kt-highlight, .wp-block-kadence-advancedheading.kt-adv-heading6881_f89711-8e[data-kb-block=\"kb-adv-heading6881_f89711-8e\"] mark.kt-highlight{font-style:normal;color:#f76a0c;-webkit-box-decoration-break:clone;box-decoration-break:clone;padding-top:0px;padding-right:0px;padding-bottom:0px;padding-left:0px;}.wp-block-kadence-advancedheading.kt-adv-heading6881_f89711-8e img.kb-inline-image, .wp-block-kadence-advancedheading.kt-adv-heading6881_f89711-8e[data-kb-block=\"kb-adv-heading6881_f89711-8e\"] img.kb-inline-image{width:150px;vertical-align:baseline;}<\/style>\n<h3 class=\"kt-adv-heading6881_f89711-8e wp-block-kadence-advancedheading\" data-kb-block=\"kb-adv-heading6881_f89711-8e\">Erno Salonen<\/h3>\n\n\n<style>.wp-block-kadence-advancedheading.kt-adv-heading6881_48a8b3-30, .wp-block-kadence-advancedheading.kt-adv-heading6881_48a8b3-30[data-kb-block=\"kb-adv-heading6881_48a8b3-30\"]{margin-top:0px;margin-bottom:0px;font-style:normal;}.wp-block-kadence-advancedheading.kt-adv-heading6881_48a8b3-30 mark.kt-highlight, .wp-block-kadence-advancedheading.kt-adv-heading6881_48a8b3-30[data-kb-block=\"kb-adv-heading6881_48a8b3-30\"] mark.kt-highlight{font-style:normal;color:#f76a0c;-webkit-box-decoration-break:clone;box-decoration-break:clone;padding-top:0px;padding-right:0px;padding-bottom:0px;padding-left:0px;}.wp-block-kadence-advancedheading.kt-adv-heading6881_48a8b3-30 img.kb-inline-image, .wp-block-kadence-advancedheading.kt-adv-heading6881_48a8b3-30[data-kb-block=\"kb-adv-heading6881_48a8b3-30\"] img.kb-inline-image{width:150px;vertical-align:baseline;}<\/style>\n<p class=\"kt-adv-heading6881_48a8b3-30 wp-block-kadence-advancedheading\" data-kb-block=\"kb-adv-heading6881_48a8b3-30\">F\u00f6rs\u00e4ljning<br>+358 50 337 6962<\/p>\n\n\n<style>.wp-block-kadence-dynamichtml.kb-dynamic-html-id-6881_349267-b2.kb-dynamic-html:not(.added-for-specificity){padding-top:0px;padding-bottom:0px;margin-top:0px;margin-bottom:0px;}<\/style><div class=\"wp-block-kadence-dynamichtml kb-dynamic-html kb-dynamic-html-id-6881_349267-b2\"><a href=\"mailto:erno@kameleonten.fi\">Epost till Erno<\/a><\/div><\/div><\/div>\n","protected":false},"excerpt":{"rendered":"<p>V\u00e5r m\u00e5ngsidiga arena erbjuder utm\u00e4rkta f\u00f6ruts\u00e4ttningar f\u00f6r att arrangera olika typer av l\u00e4ger \u00e5ret runt \u2013 vare sig det g\u00e4ller juniorlagens tr\u00e4ningsl\u00e4ger, sommarens klubbverksamhet eller intensiva speciall\u00e4ger f\u00f6r mer erfarna idrottare. <\/p>\n","protected":false},"author":2,"featured_media":8580,"parent":3726,"menu_order":0,"comment_status":"closed","ping_status":"closed","template":"","meta":{"_acf_changed":false,"inline_featured_image":false,"_kad_blocks_custom_css":"","_kad_blocks_head_custom_js":"","_kad_blocks_body_custom_js":"","_kad_blocks_footer_custom_js":"","_kadence_starter_templates_imported_post":false,"_kad_post_transparent":"","_kad_post_title":"","_kad_post_layout":"","_kad_post_sidebar_id":"","_kad_post_content_style":"","_kad_post_vertical_padding":"","_kad_post_feature":"","_kad_post_feature_position":"","_kad_post_header":false,"_kad_post_footer":false,"_kad_post_classname":"","footnotes":""},"page_template":[52],"class_list":["post-3738","page","type-page","status-publish","has-post-thumbnail","hentry","page_template-urheliu-content-page-sv"],"acf":[],"yoast_head":"<!-- This site is optimized with the Yoast SEO plugin v27.4 - https:\/\/yoast.com\/product\/yoast-seo-wordpress\/ -->\n<title>L\u00e4ger - Kameleonten<\/title>\n<meta name=\"description\" content=\"V\u00e5r m\u00e5ngsidiga arena erbjuder utm\u00e4rkta f\u00f6ruts\u00e4ttningar f\u00f6r att arrangera olika typer av l\u00e4ger \u00e5ret runt \u2013 vare sig det g\u00e4ller juniorlagens tr\u00e4ningsl\u00e4ger, sommarens klubbverksamhet eller intensiva speciall\u00e4ger f\u00f6r mer erfarna idrottare.\" \/>\n<meta name=\"robots\" content=\"index, follow, max-snippet:-1, max-image-preview:large, max-video-preview:-1\" \/>\n<link rel=\"canonical\" href=\"https:\/\/www.kameleonten.fi\/sv\/sport\/for-foreningar\/lager-som-anvander-friidrottssalen\/\" \/>\n<meta property=\"og:locale\" content=\"sv_SE\" \/>\n<meta property=\"og:type\" content=\"article\" \/>\n<meta property=\"og:title\" content=\"L\u00e4ger - Kameleonten\" \/>\n<meta property=\"og:description\" content=\"V\u00e5r m\u00e5ngsidiga arena erbjuder utm\u00e4rkta f\u00f6ruts\u00e4ttningar f\u00f6r att arrangera olika typer av l\u00e4ger \u00e5ret runt \u2013 vare sig det g\u00e4ller juniorlagens tr\u00e4ningsl\u00e4ger, sommarens klubbverksamhet eller intensiva speciall\u00e4ger f\u00f6r mer erfarna idrottare.\" \/>\n<meta property=\"og:url\" content=\"https:\/\/www.kameleonten.fi\/sv\/sport\/for-foreningar\/lager-som-anvander-friidrottssalen\/\" \/>\n<meta property=\"og:site_name\" content=\"Kameleonten\" \/>\n<meta property=\"article:modified_time\" content=\"2025-06-23T11:36:04+00:00\" \/>\n<meta name=\"twitter:card\" content=\"summary_large_image\" \/>\n<meta name=\"twitter:label1\" content=\"Ber\u00e4knad l\u00e4stid\" \/>\n\t<meta name=\"twitter:data1\" content=\"1 minut\" \/>\n<script type=\"application\/ld+json\" class=\"yoast-schema-graph\">{\"@context\":\"https:\\\/\\\/schema.org\",\"@graph\":[{\"@type\":\"WebPage\",\"@id\":\"https:\\\/\\\/www.kameleonten.fi\\\/sv\\\/sport\\\/for-foreningar\\\/lager-som-anvander-friidrottssalen\\\/\",\"url\":\"https:\\\/\\\/www.kameleonten.fi\\\/sv\\\/sport\\\/for-foreningar\\\/lager-som-anvander-friidrottssalen\\\/\",\"name\":\"L\u00e4ger - Kameleonten\",\"isPartOf\":{\"@id\":\"https:\\\/\\\/www.kameleonten.fi\\\/sv\\\/#website\"},\"primaryImageOfPage\":{\"@id\":\"https:\\\/\\\/www.kameleonten.fi\\\/sv\\\/sport\\\/for-foreningar\\\/lager-som-anvander-friidrottssalen\\\/#primaryimage\"},\"image\":{\"@id\":\"https:\\\/\\\/www.kameleonten.fi\\\/sv\\\/sport\\\/for-foreningar\\\/lager-som-anvander-friidrottssalen\\\/#primaryimage\"},\"thumbnailUrl\":\"https:\\\/\\\/www.kameleonten.fi\\\/wp-content\\\/uploads\\\/2026\\\/03\\\/rear-view-of-children-walking-together-on-a-school-playground-with-white-line-markings.-5274643-scaled.jpg\",\"datePublished\":\"2025-04-16T07:37:59+00:00\",\"dateModified\":\"2025-06-23T11:36:04+00:00\",\"description\":\"V\u00e5r m\u00e5ngsidiga arena erbjuder utm\u00e4rkta f\u00f6ruts\u00e4ttningar f\u00f6r att arrangera olika typer av l\u00e4ger \u00e5ret runt \u2013 vare sig det g\u00e4ller juniorlagens tr\u00e4ningsl\u00e4ger, sommarens klubbverksamhet eller intensiva speciall\u00e4ger f\u00f6r mer erfarna idrottare.\",\"breadcrumb\":{\"@id\":\"https:\\\/\\\/www.kameleonten.fi\\\/sv\\\/sport\\\/for-foreningar\\\/lager-som-anvander-friidrottssalen\\\/#breadcrumb\"},\"inLanguage\":\"sv-SE\",\"potentialAction\":[{\"@type\":\"ReadAction\",\"target\":[\"https:\\\/\\\/www.kameleonten.fi\\\/sv\\\/sport\\\/for-foreningar\\\/lager-som-anvander-friidrottssalen\\\/\"]}]},{\"@type\":\"ImageObject\",\"inLanguage\":\"sv-SE\",\"@id\":\"https:\\\/\\\/www.kameleonten.fi\\\/sv\\\/sport\\\/for-foreningar\\\/lager-som-anvander-friidrottssalen\\\/#primaryimage\",\"url\":\"https:\\\/\\\/www.kameleonten.fi\\\/wp-content\\\/uploads\\\/2026\\\/03\\\/rear-view-of-children-walking-together-on-a-school-playground-with-white-line-markings.-5274643-scaled.jpg\",\"contentUrl\":\"https:\\\/\\\/www.kameleonten.fi\\\/wp-content\\\/uploads\\\/2026\\\/03\\\/rear-view-of-children-walking-together-on-a-school-playground-with-white-line-markings.-5274643-scaled.jpg\",\"width\":2560,\"height\":1707,\"caption\":\"Lapset leikkim\u00e4ss\u00e4 iloisesti\"},{\"@type\":\"BreadcrumbList\",\"@id\":\"https:\\\/\\\/www.kameleonten.fi\\\/sv\\\/sport\\\/for-foreningar\\\/lager-som-anvander-friidrottssalen\\\/#breadcrumb\",\"itemListElement\":[{\"@type\":\"ListItem\",\"position\":1,\"name\":\"Home\",\"item\":\"https:\\\/\\\/www.kameleonten.fi\\\/sv\\\/\"},{\"@type\":\"ListItem\",\"position\":2,\"name\":\"Sport\",\"item\":\"https:\\\/\\\/www.kameleonten.fi\\\/sv\\\/sport\\\/\"},{\"@type\":\"ListItem\",\"position\":3,\"name\":\"F\u00f6r f\u00f6reningar\",\"item\":\"https:\\\/\\\/www.kameleonten.fi\\\/sv\\\/sport\\\/for-foreningar\\\/\"},{\"@type\":\"ListItem\",\"position\":4,\"name\":\"L\u00e4ger\"}]},{\"@type\":\"WebSite\",\"@id\":\"https:\\\/\\\/www.kameleonten.fi\\\/sv\\\/#website\",\"url\":\"https:\\\/\\\/www.kameleonten.fi\\\/sv\\\/\",\"name\":\"Kameleonten\",\"description\":\"Harrasta monilajihallissa Lepp&auml;vaarassa\",\"publisher\":{\"@id\":\"https:\\\/\\\/www.kameleonten.fi\\\/sv\\\/#organization\"},\"potentialAction\":[{\"@type\":\"SearchAction\",\"target\":{\"@type\":\"EntryPoint\",\"urlTemplate\":\"https:\\\/\\\/www.kameleonten.fi\\\/sv\\\/?s={search_term_string}\"},\"query-input\":{\"@type\":\"PropertyValueSpecification\",\"valueRequired\":true,\"valueName\":\"search_term_string\"}}],\"inLanguage\":\"sv-SE\"},{\"@type\":\"Organization\",\"@id\":\"https:\\\/\\\/www.kameleonten.fi\\\/sv\\\/#organization\",\"name\":\"Kameleonten\",\"url\":\"https:\\\/\\\/www.kameleonten.fi\\\/sv\\\/\",\"logo\":{\"@type\":\"ImageObject\",\"inLanguage\":\"sv-SE\",\"@id\":\"https:\\\/\\\/www.kameleonten.fi\\\/sv\\\/#\\\/schema\\\/logo\\\/image\\\/\",\"url\":\"https:\\\/\\\/www.kameleonten.fi\\\/wp-content\\\/uploads\\\/2025\\\/03\\\/favicon.svg\",\"contentUrl\":\"https:\\\/\\\/www.kameleonten.fi\\\/wp-content\\\/uploads\\\/2025\\\/03\\\/favicon.svg\",\"width\":108,\"height\":127,\"caption\":\"Kameleonten\"},\"image\":{\"@id\":\"https:\\\/\\\/www.kameleonten.fi\\\/sv\\\/#\\\/schema\\\/logo\\\/image\\\/\"}}]}<\/script>\n<!-- \/ Yoast SEO plugin. -->","yoast_head_json":{"title":"L\u00e4ger - Kameleonten","description":"V\u00e5r m\u00e5ngsidiga arena erbjuder utm\u00e4rkta f\u00f6ruts\u00e4ttningar f\u00f6r att arrangera olika typer av l\u00e4ger \u00e5ret runt \u2013 vare sig det g\u00e4ller juniorlagens tr\u00e4ningsl\u00e4ger, sommarens klubbverksamhet eller intensiva speciall\u00e4ger f\u00f6r mer erfarna idrottare.","robots":{"index":"index","follow":"follow","max-snippet":"max-snippet:-1","max-image-preview":"max-image-preview:large","max-video-preview":"max-video-preview:-1"},"canonical":"https:\/\/www.kameleonten.fi\/sv\/sport\/for-foreningar\/lager-som-anvander-friidrottssalen\/","og_locale":"sv_SE","og_type":"article","og_title":"L\u00e4ger - Kameleonten","og_description":"V\u00e5r m\u00e5ngsidiga arena erbjuder utm\u00e4rkta f\u00f6ruts\u00e4ttningar f\u00f6r att arrangera olika typer av l\u00e4ger \u00e5ret runt \u2013 vare sig det g\u00e4ller juniorlagens tr\u00e4ningsl\u00e4ger, sommarens klubbverksamhet eller intensiva speciall\u00e4ger f\u00f6r mer erfarna idrottare.","og_url":"https:\/\/www.kameleonten.fi\/sv\/sport\/for-foreningar\/lager-som-anvander-friidrottssalen\/","og_site_name":"Kameleonten","article_modified_time":"2025-06-23T11:36:04+00:00","twitter_card":"summary_large_image","twitter_misc":{"Ber\u00e4knad l\u00e4stid":"1 minut"},"schema":{"@context":"https:\/\/schema.org","@graph":[{"@type":"WebPage","@id":"https:\/\/www.kameleonten.fi\/sv\/sport\/for-foreningar\/lager-som-anvander-friidrottssalen\/","url":"https:\/\/www.kameleonten.fi\/sv\/sport\/for-foreningar\/lager-som-anvander-friidrottssalen\/","name":"L\u00e4ger - Kameleonten","isPartOf":{"@id":"https:\/\/www.kameleonten.fi\/sv\/#website"},"primaryImageOfPage":{"@id":"https:\/\/www.kameleonten.fi\/sv\/sport\/for-foreningar\/lager-som-anvander-friidrottssalen\/#primaryimage"},"image":{"@id":"https:\/\/www.kameleonten.fi\/sv\/sport\/for-foreningar\/lager-som-anvander-friidrottssalen\/#primaryimage"},"thumbnailUrl":"https:\/\/www.kameleonten.fi\/wp-content\/uploads\/2026\/03\/rear-view-of-children-walking-together-on-a-school-playground-with-white-line-markings.-5274643-scaled.jpg","datePublished":"2025-04-16T07:37:59+00:00","dateModified":"2025-06-23T11:36:04+00:00","description":"V\u00e5r m\u00e5ngsidiga arena erbjuder utm\u00e4rkta f\u00f6ruts\u00e4ttningar f\u00f6r att arrangera olika typer av l\u00e4ger \u00e5ret runt \u2013 vare sig det g\u00e4ller juniorlagens tr\u00e4ningsl\u00e4ger, sommarens klubbverksamhet eller intensiva speciall\u00e4ger f\u00f6r mer erfarna idrottare.","breadcrumb":{"@id":"https:\/\/www.kameleonten.fi\/sv\/sport\/for-foreningar\/lager-som-anvander-friidrottssalen\/#breadcrumb"},"inLanguage":"sv-SE","potentialAction":[{"@type":"ReadAction","target":["https:\/\/www.kameleonten.fi\/sv\/sport\/for-foreningar\/lager-som-anvander-friidrottssalen\/"]}]},{"@type":"ImageObject","inLanguage":"sv-SE","@id":"https:\/\/www.kameleonten.fi\/sv\/sport\/for-foreningar\/lager-som-anvander-friidrottssalen\/#primaryimage","url":"https:\/\/www.kameleonten.fi\/wp-content\/uploads\/2026\/03\/rear-view-of-children-walking-together-on-a-school-playground-with-white-line-markings.-5274643-scaled.jpg","contentUrl":"https:\/\/www.kameleonten.fi\/wp-content\/uploads\/2026\/03\/rear-view-of-children-walking-together-on-a-school-playground-with-white-line-markings.-5274643-scaled.jpg","width":2560,"height":1707,"caption":"Lapset leikkim\u00e4ss\u00e4 iloisesti"},{"@type":"BreadcrumbList","@id":"https:\/\/www.kameleonten.fi\/sv\/sport\/for-foreningar\/lager-som-anvander-friidrottssalen\/#breadcrumb","itemListElement":[{"@type":"ListItem","position":1,"name":"Home","item":"https:\/\/www.kameleonten.fi\/sv\/"},{"@type":"ListItem","position":2,"name":"Sport","item":"https:\/\/www.kameleonten.fi\/sv\/sport\/"},{"@type":"ListItem","position":3,"name":"F\u00f6r f\u00f6reningar","item":"https:\/\/www.kameleonten.fi\/sv\/sport\/for-foreningar\/"},{"@type":"ListItem","position":4,"name":"L\u00e4ger"}]},{"@type":"WebSite","@id":"https:\/\/www.kameleonten.fi\/sv\/#website","url":"https:\/\/www.kameleonten.fi\/sv\/","name":"Kameleonten","description":"Harrasta monilajihallissa Lepp&auml;vaarassa","publisher":{"@id":"https:\/\/www.kameleonten.fi\/sv\/#organization"},"potentialAction":[{"@type":"SearchAction","target":{"@type":"EntryPoint","urlTemplate":"https:\/\/www.kameleonten.fi\/sv\/?s={search_term_string}"},"query-input":{"@type":"PropertyValueSpecification","valueRequired":true,"valueName":"search_term_string"}}],"inLanguage":"sv-SE"},{"@type":"Organization","@id":"https:\/\/www.kameleonten.fi\/sv\/#organization","name":"Kameleonten","url":"https:\/\/www.kameleonten.fi\/sv\/","logo":{"@type":"ImageObject","inLanguage":"sv-SE","@id":"https:\/\/www.kameleonten.fi\/sv\/#\/schema\/logo\/image\/","url":"https:\/\/www.kameleonten.fi\/wp-content\/uploads\/2025\/03\/favicon.svg","contentUrl":"https:\/\/www.kameleonten.fi\/wp-content\/uploads\/2025\/03\/favicon.svg","width":108,"height":127,"caption":"Kameleonten"},"image":{"@id":"https:\/\/www.kameleonten.fi\/sv\/#\/schema\/logo\/image\/"}}]}},"taxonomy_info":{"page_template":[{"value":52,"label":"Urheliu \u2013 sis\u00e4lt\u00f6sivu (SV)"}]},"featured_image_src_large":["https:\/\/www.kameleonten.fi\/wp-content\/uploads\/2026\/03\/rear-view-of-children-walking-together-on-a-school-playground-with-white-line-markings.-5274643-1024x683.jpg",1024,683,true],"author_info":{"display_name":"Kameleonten","author_link":"https:\/\/www.kameleonten.fi\/sv\/author\/kam_editor\/"},"comment_info":0,"_links":{"self":[{"href":"https:\/\/www.kameleonten.fi\/sv\/wp-json\/wp\/v2\/pages\/3738","targetHints":{"allow":["GET"]}}],"collection":[{"href":"https:\/\/www.kameleonten.fi\/sv\/wp-json\/wp\/v2\/pages"}],"about":[{"href":"https:\/\/www.kameleonten.fi\/sv\/wp-json\/wp\/v2\/types\/page"}],"author":[{"embeddable":true,"href":"https:\/\/www.kameleonten.fi\/sv\/wp-json\/wp\/v2\/users\/2"}],"replies":[{"embeddable":true,"href":"https:\/\/www.kameleonten.fi\/sv\/wp-json\/wp\/v2\/comments?post=3738"}],"version-history":[{"count":12,"href":"https:\/\/www.kameleonten.fi\/sv\/wp-json\/wp\/v2\/pages\/3738\/revisions"}],"predecessor-version":[{"id":7036,"href":"https:\/\/www.kameleonten.fi\/sv\/wp-json\/wp\/v2\/pages\/3738\/revisions\/7036"}],"up":[{"embeddable":true,"href":"https:\/\/www.kameleonten.fi\/sv\/wp-json\/wp\/v2\/pages\/3726"}],"wp:featuredmedia":[{"embeddable":true,"href":"https:\/\/www.kameleonten.fi\/sv\/wp-json\/wp\/v2\/media\/8580"}],"wp:attachment":[{"href":"https:\/\/www.kameleonten.fi\/sv\/wp-json\/wp\/v2\/media?parent=3738"}],"wp:term":[{"taxonomy":"page_template","embeddable":true,"href":"https:\/\/www.kameleonten.fi\/sv\/wp-json\/wp\/v2\/page_template?post=3738"}],"curies":[{"name":"wp","href":"https:\/\/api.w.org\/{rel}","templated":true}]}}