{"id":3740,"date":"2025-04-16T10:34:11","date_gmt":"2025-04-16T07:34:11","guid":{"rendered":"https:\/\/www.kameleonten.fi\/?page_id=3740"},"modified":"2025-06-24T16:53:31","modified_gmt":"2025-06-24T13:53:31","slug":"gymnastiktraning-som-stod-for-andra-grenar","status":"publish","type":"page","link":"https:\/\/www.kameleonten.fi\/sv\/sport\/for-foreningar\/gymnastiktraning-som-stod-for-andra-grenar\/","title":{"rendered":"Gymnastiktr\u00e4ning som st\u00f6d f\u00f6r andra grenar"},"content":{"rendered":"<style>.wp-block-kadence-advancedheading.kt-adv-heading3740_6eacd4-df, .wp-block-kadence-advancedheading.kt-adv-heading3740_6eacd4-df[data-kb-block=\"kb-adv-heading3740_6eacd4-df\"]{font-style:normal;}.wp-block-kadence-advancedheading.kt-adv-heading3740_6eacd4-df mark.kt-highlight, .wp-block-kadence-advancedheading.kt-adv-heading3740_6eacd4-df[data-kb-block=\"kb-adv-heading3740_6eacd4-df\"] mark.kt-highlight{font-style:normal;color:#f76a0c;-webkit-box-decoration-break:clone;box-decoration-break:clone;padding-top:0px;padding-right:0px;padding-bottom:0px;padding-left:0px;}.wp-block-kadence-advancedheading.kt-adv-heading3740_6eacd4-df img.kb-inline-image, .wp-block-kadence-advancedheading.kt-adv-heading3740_6eacd4-df[data-kb-block=\"kb-adv-heading3740_6eacd4-df\"] img.kb-inline-image{width:150px;vertical-align:baseline;}<\/style>\n<p class=\"kt-adv-heading3740_6eacd4-df wp-block-kadence-advancedheading\" data-kb-block=\"kb-adv-heading3740_6eacd4-df\">Espoon telinetaiturit ordnar, f\u00f6r ut\u00f6vare av andra idrottsgrenar, en ledd gymnastikbaserad kompletterande tr\u00e4ning i Kameleontens gymnastiksal.<\/p>\n\n\n\n<p class=\"wp-block-kadence-advancedheading\" data-kb-block=\"kb-adv-headingundefined\"><strong>F\u00f6r mera info<\/strong><br>Jassi Koskimies<br><a href=\"mailto:jassi.koskimies@espoontelinetaiturit.fi\">jassi.koskimies@espoontelinetaiturit.fi<\/a><\/p>\n","protected":false},"excerpt":{"rendered":"<p>En enormt bra kompletterande tr\u00e4ning, som st\u00f6der byggandet av en starkare fysik.<\/p>\n","protected":false},"author":2,"featured_media":8784,"parent":3726,"menu_order":0,"comment_status":"closed","ping_status":"closed","template":"","meta":{"_acf_changed":false,"inline_featured_image":false,"_kad_blocks_custom_css":"","_kad_blocks_head_custom_js":"","_kad_blocks_body_custom_js":"","_kad_blocks_footer_custom_js":"","_kadence_starter_templates_imported_post":false,"_kad_post_transparent":"","_kad_post_title":"","_kad_post_layout":"","_kad_post_sidebar_id":"","_kad_post_content_style":"","_kad_post_vertical_padding":"","_kad_post_feature":"","_kad_post_feature_position":"","_kad_post_header":false,"_kad_post_footer":false,"_kad_post_classname":"","footnotes":""},"page_template":[52],"class_list":["post-3740","page","type-page","status-publish","has-post-thumbnail","hentry","page_template-urheliu-content-page-sv"],"acf":[],"yoast_head":"<!-- This site is optimized with the Yoast SEO plugin v27.4 - https:\/\/yoast.com\/product\/yoast-seo-wordpress\/ -->\n<title>Gymnastiktr\u00e4ning som st\u00f6d f\u00f6r andra grenar - Kameleonten<\/title>\n<meta name=\"description\" content=\"En enormt bra kompletterande tr\u00e4ning, som st\u00f6der byggandet av en starkare fysik.\" \/>\n<meta name=\"robots\" content=\"index, follow, max-snippet:-1, max-image-preview:large, max-video-preview:-1\" \/>\n<link rel=\"canonical\" href=\"https:\/\/www.kameleonten.fi\/sv\/sport\/for-foreningar\/gymnastiktraning-som-stod-for-andra-grenar\/\" \/>\n<meta property=\"og:locale\" content=\"sv_SE\" \/>\n<meta property=\"og:type\" content=\"article\" \/>\n<meta property=\"og:title\" content=\"Gymnastiktr\u00e4ning som st\u00f6d f\u00f6r andra grenar - Kameleonten\" \/>\n<meta property=\"og:description\" content=\"En enormt bra kompletterande tr\u00e4ning, som st\u00f6der byggandet av en starkare fysik.\" \/>\n<meta property=\"og:url\" content=\"https:\/\/www.kameleonten.fi\/sv\/sport\/for-foreningar\/gymnastiktraning-som-stod-for-andra-grenar\/\" \/>\n<meta property=\"og:site_name\" content=\"Kameleonten\" \/>\n<meta property=\"article:modified_time\" content=\"2025-06-24T13:53:31+00:00\" \/>\n<meta name=\"twitter:card\" content=\"summary_large_image\" \/>\n<script type=\"application\/ld+json\" class=\"yoast-schema-graph\">{\"@context\":\"https:\\\/\\\/schema.org\",\"@graph\":[{\"@type\":\"WebPage\",\"@id\":\"https:\\\/\\\/www.kameleonten.fi\\\/sv\\\/sport\\\/for-foreningar\\\/gymnastiktraning-som-stod-for-andra-grenar\\\/\",\"url\":\"https:\\\/\\\/www.kameleonten.fi\\\/sv\\\/sport\\\/for-foreningar\\\/gymnastiktraning-som-stod-for-andra-grenar\\\/\",\"name\":\"Gymnastiktr\u00e4ning som st\u00f6d f\u00f6r andra grenar - Kameleonten\",\"isPartOf\":{\"@id\":\"https:\\\/\\\/www.kameleonten.fi\\\/sv\\\/#website\"},\"primaryImageOfPage\":{\"@id\":\"https:\\\/\\\/www.kameleonten.fi\\\/sv\\\/sport\\\/for-foreningar\\\/gymnastiktraning-som-stod-for-andra-grenar\\\/#primaryimage\"},\"image\":{\"@id\":\"https:\\\/\\\/www.kameleonten.fi\\\/sv\\\/sport\\\/for-foreningar\\\/gymnastiktraning-som-stod-for-andra-grenar\\\/#primaryimage\"},\"thumbnailUrl\":\"https:\\\/\\\/www.kameleonten.fi\\\/wp-content\\\/uploads\\\/2026\\\/04\\\/a-gymnast-gracefully-balances-in-a-handstand-showcasing-strength-and-precision-indoors.-6572655-scaled.jpg\",\"datePublished\":\"2025-04-16T07:34:11+00:00\",\"dateModified\":\"2025-06-24T13:53:31+00:00\",\"description\":\"En enormt bra kompletterande tr\u00e4ning, som st\u00f6der byggandet av en starkare fysik.\",\"breadcrumb\":{\"@id\":\"https:\\\/\\\/www.kameleonten.fi\\\/sv\\\/sport\\\/for-foreningar\\\/gymnastiktraning-som-stod-for-andra-grenar\\\/#breadcrumb\"},\"inLanguage\":\"sv-SE\",\"potentialAction\":[{\"@type\":\"ReadAction\",\"target\":[\"https:\\\/\\\/www.kameleonten.fi\\\/sv\\\/sport\\\/for-foreningar\\\/gymnastiktraning-som-stod-for-andra-grenar\\\/\"]}]},{\"@type\":\"ImageObject\",\"inLanguage\":\"sv-SE\",\"@id\":\"https:\\\/\\\/www.kameleonten.fi\\\/sv\\\/sport\\\/for-foreningar\\\/gymnastiktraning-som-stod-for-andra-grenar\\\/#primaryimage\",\"url\":\"https:\\\/\\\/www.kameleonten.fi\\\/wp-content\\\/uploads\\\/2026\\\/04\\\/a-gymnast-gracefully-balances-in-a-handstand-showcasing-strength-and-precision-indoors.-6572655-scaled.jpg\",\"contentUrl\":\"https:\\\/\\\/www.kameleonten.fi\\\/wp-content\\\/uploads\\\/2026\\\/04\\\/a-gymnast-gracefully-balances-in-a-handstand-showcasing-strength-and-precision-indoors.-6572655-scaled.jpg\",\"width\":1706,\"height\":2560,\"caption\":\"Voimistelu\"},{\"@type\":\"BreadcrumbList\",\"@id\":\"https:\\\/\\\/www.kameleonten.fi\\\/sv\\\/sport\\\/for-foreningar\\\/gymnastiktraning-som-stod-for-andra-grenar\\\/#breadcrumb\",\"itemListElement\":[{\"@type\":\"ListItem\",\"position\":1,\"name\":\"Home\",\"item\":\"https:\\\/\\\/www.kameleonten.fi\\\/sv\\\/\"},{\"@type\":\"ListItem\",\"position\":2,\"name\":\"Sport\",\"item\":\"https:\\\/\\\/www.kameleonten.fi\\\/sv\\\/sport\\\/\"},{\"@type\":\"ListItem\",\"position\":3,\"name\":\"F\u00f6r f\u00f6reningar\",\"item\":\"https:\\\/\\\/www.kameleonten.fi\\\/sv\\\/sport\\\/for-foreningar\\\/\"},{\"@type\":\"ListItem\",\"position\":4,\"name\":\"Gymnastiktr\u00e4ning som st\u00f6d f\u00f6r andra grenar\"}]},{\"@type\":\"WebSite\",\"@id\":\"https:\\\/\\\/www.kameleonten.fi\\\/sv\\\/#website\",\"url\":\"https:\\\/\\\/www.kameleonten.fi\\\/sv\\\/\",\"name\":\"Kameleonten\",\"description\":\"Harrasta monilajihallissa Lepp&auml;vaarassa\",\"publisher\":{\"@id\":\"https:\\\/\\\/www.kameleonten.fi\\\/sv\\\/#organization\"},\"potentialAction\":[{\"@type\":\"SearchAction\",\"target\":{\"@type\":\"EntryPoint\",\"urlTemplate\":\"https:\\\/\\\/www.kameleonten.fi\\\/sv\\\/?s={search_term_string}\"},\"query-input\":{\"@type\":\"PropertyValueSpecification\",\"valueRequired\":true,\"valueName\":\"search_term_string\"}}],\"inLanguage\":\"sv-SE\"},{\"@type\":\"Organization\",\"@id\":\"https:\\\/\\\/www.kameleonten.fi\\\/sv\\\/#organization\",\"name\":\"Kameleonten\",\"url\":\"https:\\\/\\\/www.kameleonten.fi\\\/sv\\\/\",\"logo\":{\"@type\":\"ImageObject\",\"inLanguage\":\"sv-SE\",\"@id\":\"https:\\\/\\\/www.kameleonten.fi\\\/sv\\\/#\\\/schema\\\/logo\\\/image\\\/\",\"url\":\"https:\\\/\\\/www.kameleonten.fi\\\/wp-content\\\/uploads\\\/2025\\\/03\\\/favicon.svg\",\"contentUrl\":\"https:\\\/\\\/www.kameleonten.fi\\\/wp-content\\\/uploads\\\/2025\\\/03\\\/favicon.svg\",\"width\":108,\"height\":127,\"caption\":\"Kameleonten\"},\"image\":{\"@id\":\"https:\\\/\\\/www.kameleonten.fi\\\/sv\\\/#\\\/schema\\\/logo\\\/image\\\/\"}}]}<\/script>\n<!-- \/ Yoast SEO plugin. -->","yoast_head_json":{"title":"Gymnastiktr\u00e4ning som st\u00f6d f\u00f6r andra grenar - Kameleonten","description":"En enormt bra kompletterande tr\u00e4ning, som st\u00f6der byggandet av en starkare fysik.","robots":{"index":"index","follow":"follow","max-snippet":"max-snippet:-1","max-image-preview":"max-image-preview:large","max-video-preview":"max-video-preview:-1"},"canonical":"https:\/\/www.kameleonten.fi\/sv\/sport\/for-foreningar\/gymnastiktraning-som-stod-for-andra-grenar\/","og_locale":"sv_SE","og_type":"article","og_title":"Gymnastiktr\u00e4ning som st\u00f6d f\u00f6r andra grenar - Kameleonten","og_description":"En enormt bra kompletterande tr\u00e4ning, som st\u00f6der byggandet av en starkare fysik.","og_url":"https:\/\/www.kameleonten.fi\/sv\/sport\/for-foreningar\/gymnastiktraning-som-stod-for-andra-grenar\/","og_site_name":"Kameleonten","article_modified_time":"2025-06-24T13:53:31+00:00","twitter_card":"summary_large_image","schema":{"@context":"https:\/\/schema.org","@graph":[{"@type":"WebPage","@id":"https:\/\/www.kameleonten.fi\/sv\/sport\/for-foreningar\/gymnastiktraning-som-stod-for-andra-grenar\/","url":"https:\/\/www.kameleonten.fi\/sv\/sport\/for-foreningar\/gymnastiktraning-som-stod-for-andra-grenar\/","name":"Gymnastiktr\u00e4ning som st\u00f6d f\u00f6r andra grenar - Kameleonten","isPartOf":{"@id":"https:\/\/www.kameleonten.fi\/sv\/#website"},"primaryImageOfPage":{"@id":"https:\/\/www.kameleonten.fi\/sv\/sport\/for-foreningar\/gymnastiktraning-som-stod-for-andra-grenar\/#primaryimage"},"image":{"@id":"https:\/\/www.kameleonten.fi\/sv\/sport\/for-foreningar\/gymnastiktraning-som-stod-for-andra-grenar\/#primaryimage"},"thumbnailUrl":"https:\/\/www.kameleonten.fi\/wp-content\/uploads\/2026\/04\/a-gymnast-gracefully-balances-in-a-handstand-showcasing-strength-and-precision-indoors.-6572655-scaled.jpg","datePublished":"2025-04-16T07:34:11+00:00","dateModified":"2025-06-24T13:53:31+00:00","description":"En enormt bra kompletterande tr\u00e4ning, som st\u00f6der byggandet av en starkare fysik.","breadcrumb":{"@id":"https:\/\/www.kameleonten.fi\/sv\/sport\/for-foreningar\/gymnastiktraning-som-stod-for-andra-grenar\/#breadcrumb"},"inLanguage":"sv-SE","potentialAction":[{"@type":"ReadAction","target":["https:\/\/www.kameleonten.fi\/sv\/sport\/for-foreningar\/gymnastiktraning-som-stod-for-andra-grenar\/"]}]},{"@type":"ImageObject","inLanguage":"sv-SE","@id":"https:\/\/www.kameleonten.fi\/sv\/sport\/for-foreningar\/gymnastiktraning-som-stod-for-andra-grenar\/#primaryimage","url":"https:\/\/www.kameleonten.fi\/wp-content\/uploads\/2026\/04\/a-gymnast-gracefully-balances-in-a-handstand-showcasing-strength-and-precision-indoors.-6572655-scaled.jpg","contentUrl":"https:\/\/www.kameleonten.fi\/wp-content\/uploads\/2026\/04\/a-gymnast-gracefully-balances-in-a-handstand-showcasing-strength-and-precision-indoors.-6572655-scaled.jpg","width":1706,"height":2560,"caption":"Voimistelu"},{"@type":"BreadcrumbList","@id":"https:\/\/www.kameleonten.fi\/sv\/sport\/for-foreningar\/gymnastiktraning-som-stod-for-andra-grenar\/#breadcrumb","itemListElement":[{"@type":"ListItem","position":1,"name":"Home","item":"https:\/\/www.kameleonten.fi\/sv\/"},{"@type":"ListItem","position":2,"name":"Sport","item":"https:\/\/www.kameleonten.fi\/sv\/sport\/"},{"@type":"ListItem","position":3,"name":"F\u00f6r f\u00f6reningar","item":"https:\/\/www.kameleonten.fi\/sv\/sport\/for-foreningar\/"},{"@type":"ListItem","position":4,"name":"Gymnastiktr\u00e4ning som st\u00f6d f\u00f6r andra grenar"}]},{"@type":"WebSite","@id":"https:\/\/www.kameleonten.fi\/sv\/#website","url":"https:\/\/www.kameleonten.fi\/sv\/","name":"Kameleonten","description":"Harrasta monilajihallissa Lepp&auml;vaarassa","publisher":{"@id":"https:\/\/www.kameleonten.fi\/sv\/#organization"},"potentialAction":[{"@type":"SearchAction","target":{"@type":"EntryPoint","urlTemplate":"https:\/\/www.kameleonten.fi\/sv\/?s={search_term_string}"},"query-input":{"@type":"PropertyValueSpecification","valueRequired":true,"valueName":"search_term_string"}}],"inLanguage":"sv-SE"},{"@type":"Organization","@id":"https:\/\/www.kameleonten.fi\/sv\/#organization","name":"Kameleonten","url":"https:\/\/www.kameleonten.fi\/sv\/","logo":{"@type":"ImageObject","inLanguage":"sv-SE","@id":"https:\/\/www.kameleonten.fi\/sv\/#\/schema\/logo\/image\/","url":"https:\/\/www.kameleonten.fi\/wp-content\/uploads\/2025\/03\/favicon.svg","contentUrl":"https:\/\/www.kameleonten.fi\/wp-content\/uploads\/2025\/03\/favicon.svg","width":108,"height":127,"caption":"Kameleonten"},"image":{"@id":"https:\/\/www.kameleonten.fi\/sv\/#\/schema\/logo\/image\/"}}]}},"taxonomy_info":{"page_template":[{"value":52,"label":"Urheliu \u2013 sis\u00e4lt\u00f6sivu (SV)"}]},"featured_image_src_large":["https:\/\/www.kameleonten.fi\/wp-content\/uploads\/2026\/04\/a-gymnast-gracefully-balances-in-a-handstand-showcasing-strength-and-precision-indoors.-6572655-683x1024.jpg",683,1024,true],"author_info":{"display_name":"Kameleonten","author_link":"https:\/\/www.kameleonten.fi\/sv\/author\/kam_editor\/"},"comment_info":0,"_links":{"self":[{"href":"https:\/\/www.kameleonten.fi\/sv\/wp-json\/wp\/v2\/pages\/3740","targetHints":{"allow":["GET"]}}],"collection":[{"href":"https:\/\/www.kameleonten.fi\/sv\/wp-json\/wp\/v2\/pages"}],"about":[{"href":"https:\/\/www.kameleonten.fi\/sv\/wp-json\/wp\/v2\/types\/page"}],"author":[{"embeddable":true,"href":"https:\/\/www.kameleonten.fi\/sv\/wp-json\/wp\/v2\/users\/2"}],"replies":[{"embeddable":true,"href":"https:\/\/www.kameleonten.fi\/sv\/wp-json\/wp\/v2\/comments?post=3740"}],"version-history":[{"count":12,"href":"https:\/\/www.kameleonten.fi\/sv\/wp-json\/wp\/v2\/pages\/3740\/revisions"}],"predecessor-version":[{"id":7154,"href":"https:\/\/www.kameleonten.fi\/sv\/wp-json\/wp\/v2\/pages\/3740\/revisions\/7154"}],"up":[{"embeddable":true,"href":"https:\/\/www.kameleonten.fi\/sv\/wp-json\/wp\/v2\/pages\/3726"}],"wp:featuredmedia":[{"embeddable":true,"href":"https:\/\/www.kameleonten.fi\/sv\/wp-json\/wp\/v2\/media\/8784"}],"wp:attachment":[{"href":"https:\/\/www.kameleonten.fi\/sv\/wp-json\/wp\/v2\/media?parent=3740"}],"wp:term":[{"taxonomy":"page_template","embeddable":true,"href":"https:\/\/www.kameleonten.fi\/sv\/wp-json\/wp\/v2\/page_template?post=3740"}],"curies":[{"name":"wp","href":"https:\/\/api.w.org\/{rel}","templated":true}]}}