{"id":3746,"date":"2025-04-16T10:41:41","date_gmt":"2025-04-16T07:41:41","guid":{"rendered":"https:\/\/www.kameleonten.fi\/?page_id=3746"},"modified":"2025-06-24T17:06:32","modified_gmt":"2025-06-24T14:06:32","slug":"databank","status":"publish","type":"page","link":"https:\/\/www.kameleonten.fi\/sv\/info\/databank\/","title":{"rendered":"Databank"},"content":{"rendered":"<style>.wp-block-kadence-advancedheading.kt-adv-heading3746_158baa-31, .wp-block-kadence-advancedheading.kt-adv-heading3746_158baa-31[data-kb-block=\"kb-adv-heading3746_158baa-31\"]{font-style:normal;}.wp-block-kadence-advancedheading.kt-adv-heading3746_158baa-31 mark.kt-highlight, .wp-block-kadence-advancedheading.kt-adv-heading3746_158baa-31[data-kb-block=\"kb-adv-heading3746_158baa-31\"] mark.kt-highlight{font-style:normal;color:#f76a0c;-webkit-box-decoration-break:clone;box-decoration-break:clone;padding-top:0px;padding-right:0px;padding-bottom:0px;padding-left:0px;}.wp-block-kadence-advancedheading.kt-adv-heading3746_158baa-31 img.kb-inline-image, .wp-block-kadence-advancedheading.kt-adv-heading3746_158baa-31[data-kb-block=\"kb-adv-heading3746_158baa-31\"] img.kb-inline-image{width:150px;vertical-align:baseline;}<\/style>\n<p class=\"kt-adv-heading3746_158baa-31 wp-block-kadence-advancedheading\" data-kb-block=\"kb-adv-heading3746_158baa-31\"><a href=\"https:\/\/www.kameleonten.fi\/wp-content\/uploads\/2025\/06\/Kontraktsvillkor.pdf\">Kontraktsvillkor<\/a><\/p>\n\n\n<style>.wp-block-kadence-advancedheading.kt-adv-heading3746_0a3427-53, .wp-block-kadence-advancedheading.kt-adv-heading3746_0a3427-53[data-kb-block=\"kb-adv-heading3746_0a3427-53\"]{font-style:normal;}.wp-block-kadence-advancedheading.kt-adv-heading3746_0a3427-53 mark.kt-highlight, .wp-block-kadence-advancedheading.kt-adv-heading3746_0a3427-53[data-kb-block=\"kb-adv-heading3746_0a3427-53\"] mark.kt-highlight{font-style:normal;color:#f76a0c;-webkit-box-decoration-break:clone;box-decoration-break:clone;padding-top:0px;padding-right:0px;padding-bottom:0px;padding-left:0px;}.wp-block-kadence-advancedheading.kt-adv-heading3746_0a3427-53 img.kb-inline-image, .wp-block-kadence-advancedheading.kt-adv-heading3746_0a3427-53[data-kb-block=\"kb-adv-heading3746_0a3427-53\"] img.kb-inline-image{width:150px;vertical-align:baseline;}<\/style>\n<p class=\"kt-adv-heading3746_0a3427-53 wp-block-kadence-advancedheading\" data-kb-block=\"kb-adv-heading3746_0a3427-53\"><a href=\"https:\/\/www.kameleonten.fi\/wp-content\/uploads\/2025\/06\/Ordningsregler-Kameleonten.pdf\">Ordningsregler<\/a><\/p>\n\n\n<style>.wp-block-kadence-advancedheading.kt-adv-heading3746_91c5ad-29, .wp-block-kadence-advancedheading.kt-adv-heading3746_91c5ad-29[data-kb-block=\"kb-adv-heading3746_91c5ad-29\"]{font-style:normal;}.wp-block-kadence-advancedheading.kt-adv-heading3746_91c5ad-29 mark.kt-highlight, .wp-block-kadence-advancedheading.kt-adv-heading3746_91c5ad-29[data-kb-block=\"kb-adv-heading3746_91c5ad-29\"] mark.kt-highlight{font-style:normal;color:#f76a0c;-webkit-box-decoration-break:clone;box-decoration-break:clone;padding-top:0px;padding-right:0px;padding-bottom:0px;padding-left:0px;}.wp-block-kadence-advancedheading.kt-adv-heading3746_91c5ad-29 img.kb-inline-image, .wp-block-kadence-advancedheading.kt-adv-heading3746_91c5ad-29[data-kb-block=\"kb-adv-heading3746_91c5ad-29\"] img.kb-inline-image{width:150px;vertical-align:baseline;}<\/style>\n<p class=\"kt-adv-heading3746_91c5ad-29 wp-block-kadence-advancedheading\" data-kb-block=\"kb-adv-heading3746_91c5ad-29\"><a href=\"https:\/\/www.kameleonten.fi\/wp-content\/uploads\/2025\/06\/Anvisningar-Friidrottssalen.pdf\">Anvisningar f\u00f6r anv\u00e4ndning av friidrottssalen<\/a><\/p>\n\n\n<style>.wp-block-kadence-advancedheading.kt-adv-heading3746_75d07d-58, .wp-block-kadence-advancedheading.kt-adv-heading3746_75d07d-58[data-kb-block=\"kb-adv-heading3746_75d07d-58\"]{font-style:normal;}.wp-block-kadence-advancedheading.kt-adv-heading3746_75d07d-58 mark.kt-highlight, .wp-block-kadence-advancedheading.kt-adv-heading3746_75d07d-58[data-kb-block=\"kb-adv-heading3746_75d07d-58\"] mark.kt-highlight{font-style:normal;color:#f76a0c;-webkit-box-decoration-break:clone;box-decoration-break:clone;padding-top:0px;padding-right:0px;padding-bottom:0px;padding-left:0px;}.wp-block-kadence-advancedheading.kt-adv-heading3746_75d07d-58 img.kb-inline-image, .wp-block-kadence-advancedheading.kt-adv-heading3746_75d07d-58[data-kb-block=\"kb-adv-heading3746_75d07d-58\"] img.kb-inline-image{width:150px;vertical-align:baseline;}<\/style>\n<p class=\"kt-adv-heading3746_75d07d-58 wp-block-kadence-advancedheading\" data-kb-block=\"kb-adv-heading3746_75d07d-58\"><a href=\"https:\/\/www.kameleonten.fi\/wp-content\/uploads\/2025\/06\/Regler-for-bollsalarna.pdf\">Anvisningar f\u00f6r anv\u00e4ndning av bollsalar<\/a><\/p>\n\n\n<style>.wp-block-kadence-advancedheading.kt-adv-heading3746_05dd01-1b, .wp-block-kadence-advancedheading.kt-adv-heading3746_05dd01-1b[data-kb-block=\"kb-adv-heading3746_05dd01-1b\"]{font-style:normal;}.wp-block-kadence-advancedheading.kt-adv-heading3746_05dd01-1b mark.kt-highlight, .wp-block-kadence-advancedheading.kt-adv-heading3746_05dd01-1b[data-kb-block=\"kb-adv-heading3746_05dd01-1b\"] mark.kt-highlight{font-style:normal;color:#f76a0c;-webkit-box-decoration-break:clone;box-decoration-break:clone;padding-top:0px;padding-right:0px;padding-bottom:0px;padding-left:0px;}.wp-block-kadence-advancedheading.kt-adv-heading3746_05dd01-1b img.kb-inline-image, .wp-block-kadence-advancedheading.kt-adv-heading3746_05dd01-1b[data-kb-block=\"kb-adv-heading3746_05dd01-1b\"] img.kb-inline-image{width:150px;vertical-align:baseline;}<\/style>\n<p class=\"kt-adv-heading3746_05dd01-1b wp-block-kadence-advancedheading\" data-kb-block=\"kb-adv-heading3746_05dd01-1b\"><a href=\"https:\/\/www.kameleonten.fi\/wp-content\/uploads\/2025\/06\/Gym-regler.pdf\">Anvisningar f\u00f6r anv\u00e4ndning av gymmet<\/a><\/p>\n\n\n<style>.wp-block-kadence-advancedheading.kt-adv-heading3746_cf2bb1-89, .wp-block-kadence-advancedheading.kt-adv-heading3746_cf2bb1-89[data-kb-block=\"kb-adv-heading3746_cf2bb1-89\"]{font-style:normal;}.wp-block-kadence-advancedheading.kt-adv-heading3746_cf2bb1-89 mark.kt-highlight, .wp-block-kadence-advancedheading.kt-adv-heading3746_cf2bb1-89[data-kb-block=\"kb-adv-heading3746_cf2bb1-89\"] mark.kt-highlight{font-style:normal;color:#f76a0c;-webkit-box-decoration-break:clone;box-decoration-break:clone;padding-top:0px;padding-right:0px;padding-bottom:0px;padding-left:0px;}.wp-block-kadence-advancedheading.kt-adv-heading3746_cf2bb1-89 img.kb-inline-image, .wp-block-kadence-advancedheading.kt-adv-heading3746_cf2bb1-89[data-kb-block=\"kb-adv-heading3746_cf2bb1-89\"] img.kb-inline-image{width:150px;vertical-align:baseline;}<\/style>\n<p class=\"kt-adv-heading3746_cf2bb1-89 wp-block-kadence-advancedheading\" data-kb-block=\"kb-adv-heading3746_cf2bb1-89\"><a href=\"https:\/\/www.kameleonten.fi\/wp-content\/uploads\/2025\/06\/Idrottstester.pdf\">Idrottstester<\/a><\/p>\n","protected":false},"excerpt":{"rendered":"<p>H\u00e4r finns alla instruktioner och annan viktig information samlade f\u00f6r hallens anv\u00e4ndare.<\/p>\n","protected":false},"author":2,"featured_media":1490,"parent":4832,"menu_order":0,"comment_status":"closed","ping_status":"closed","template":"","meta":{"_acf_changed":false,"inline_featured_image":false,"_kad_blocks_custom_css":"","_kad_blocks_head_custom_js":"","_kad_blocks_body_custom_js":"","_kad_blocks_footer_custom_js":"","_kadence_starter_templates_imported_post":false,"_kad_post_transparent":"","_kad_post_title":"","_kad_post_layout":"","_kad_post_sidebar_id":"","_kad_post_content_style":"","_kad_post_vertical_padding":"","_kad_post_feature":"","_kad_post_feature_position":"","_kad_post_header":false,"_kad_post_footer":false,"_kad_post_classname":"","footnotes":""},"page_template":[51],"class_list":["post-3746","page","type-page","status-publish","has-post-thumbnail","hentry","page_template-info-content-page-sv"],"acf":[],"yoast_head":"<!-- This site is optimized with the Yoast SEO plugin v27.4 - https:\/\/yoast.com\/product\/yoast-seo-wordpress\/ -->\n<title>Databank - Kameleonten<\/title>\n<meta name=\"robots\" content=\"index, follow, max-snippet:-1, max-image-preview:large, max-video-preview:-1\" \/>\n<link rel=\"canonical\" href=\"https:\/\/www.kameleonten.fi\/sv\/info\/databank\/\" \/>\n<meta property=\"og:locale\" content=\"sv_SE\" \/>\n<meta property=\"og:type\" content=\"article\" \/>\n<meta property=\"og:title\" content=\"Databank - Kameleonten\" \/>\n<meta property=\"og:description\" content=\"H\u00e4r finns alla instruktioner och annan viktig information samlade f\u00f6r hallens anv\u00e4ndare.\" \/>\n<meta property=\"og:url\" content=\"https:\/\/www.kameleonten.fi\/sv\/info\/databank\/\" \/>\n<meta property=\"og:site_name\" content=\"Kameleonten\" \/>\n<meta property=\"article:modified_time\" content=\"2025-06-24T14:06:32+00:00\" \/>\n<meta name=\"twitter:card\" content=\"summary_large_image\" \/>\n<script type=\"application\/ld+json\" class=\"yoast-schema-graph\">{\"@context\":\"https:\\\/\\\/schema.org\",\"@graph\":[{\"@type\":\"WebPage\",\"@id\":\"https:\\\/\\\/www.kameleonten.fi\\\/sv\\\/info\\\/databank\\\/\",\"url\":\"https:\\\/\\\/www.kameleonten.fi\\\/sv\\\/info\\\/databank\\\/\",\"name\":\"Databank - Kameleonten\",\"isPartOf\":{\"@id\":\"https:\\\/\\\/www.kameleonten.fi\\\/sv\\\/#website\"},\"primaryImageOfPage\":{\"@id\":\"https:\\\/\\\/www.kameleonten.fi\\\/sv\\\/info\\\/databank\\\/#primaryimage\"},\"image\":{\"@id\":\"https:\\\/\\\/www.kameleonten.fi\\\/sv\\\/info\\\/databank\\\/#primaryimage\"},\"thumbnailUrl\":\"https:\\\/\\\/www.kameleonten.fi\\\/wp-content\\\/uploads\\\/2023\\\/01\\\/hero_front.jpg\",\"datePublished\":\"2025-04-16T07:41:41+00:00\",\"dateModified\":\"2025-06-24T14:06:32+00:00\",\"breadcrumb\":{\"@id\":\"https:\\\/\\\/www.kameleonten.fi\\\/sv\\\/info\\\/databank\\\/#breadcrumb\"},\"inLanguage\":\"sv-SE\",\"potentialAction\":[{\"@type\":\"ReadAction\",\"target\":[\"https:\\\/\\\/www.kameleonten.fi\\\/sv\\\/info\\\/databank\\\/\"]}]},{\"@type\":\"ImageObject\",\"inLanguage\":\"sv-SE\",\"@id\":\"https:\\\/\\\/www.kameleonten.fi\\\/sv\\\/info\\\/databank\\\/#primaryimage\",\"url\":\"https:\\\/\\\/www.kameleonten.fi\\\/wp-content\\\/uploads\\\/2023\\\/01\\\/hero_front.jpg\",\"contentUrl\":\"https:\\\/\\\/www.kameleonten.fi\\\/wp-content\\\/uploads\\\/2023\\\/01\\\/hero_front.jpg\",\"width\":1360,\"height\":765,\"caption\":\"Kameleontenin ulkopuoli\"},{\"@type\":\"BreadcrumbList\",\"@id\":\"https:\\\/\\\/www.kameleonten.fi\\\/sv\\\/info\\\/databank\\\/#breadcrumb\",\"itemListElement\":[{\"@type\":\"ListItem\",\"position\":1,\"name\":\"Home\",\"item\":\"https:\\\/\\\/www.kameleonten.fi\\\/sv\\\/\"},{\"@type\":\"ListItem\",\"position\":2,\"name\":\"Info\",\"item\":\"https:\\\/\\\/www.kameleonten.fi\\\/sv\\\/info\\\/\"},{\"@type\":\"ListItem\",\"position\":3,\"name\":\"Databank\"}]},{\"@type\":\"WebSite\",\"@id\":\"https:\\\/\\\/www.kameleonten.fi\\\/sv\\\/#website\",\"url\":\"https:\\\/\\\/www.kameleonten.fi\\\/sv\\\/\",\"name\":\"Kameleonten\",\"description\":\"Harrasta monilajihallissa Lepp&auml;vaarassa\",\"publisher\":{\"@id\":\"https:\\\/\\\/www.kameleonten.fi\\\/sv\\\/#organization\"},\"potentialAction\":[{\"@type\":\"SearchAction\",\"target\":{\"@type\":\"EntryPoint\",\"urlTemplate\":\"https:\\\/\\\/www.kameleonten.fi\\\/sv\\\/?s={search_term_string}\"},\"query-input\":{\"@type\":\"PropertyValueSpecification\",\"valueRequired\":true,\"valueName\":\"search_term_string\"}}],\"inLanguage\":\"sv-SE\"},{\"@type\":\"Organization\",\"@id\":\"https:\\\/\\\/www.kameleonten.fi\\\/sv\\\/#organization\",\"name\":\"Kameleonten\",\"url\":\"https:\\\/\\\/www.kameleonten.fi\\\/sv\\\/\",\"logo\":{\"@type\":\"ImageObject\",\"inLanguage\":\"sv-SE\",\"@id\":\"https:\\\/\\\/www.kameleonten.fi\\\/sv\\\/#\\\/schema\\\/logo\\\/image\\\/\",\"url\":\"https:\\\/\\\/www.kameleonten.fi\\\/wp-content\\\/uploads\\\/2025\\\/03\\\/favicon.svg\",\"contentUrl\":\"https:\\\/\\\/www.kameleonten.fi\\\/wp-content\\\/uploads\\\/2025\\\/03\\\/favicon.svg\",\"width\":108,\"height\":127,\"caption\":\"Kameleonten\"},\"image\":{\"@id\":\"https:\\\/\\\/www.kameleonten.fi\\\/sv\\\/#\\\/schema\\\/logo\\\/image\\\/\"}}]}<\/script>\n<!-- \/ Yoast SEO plugin. -->","yoast_head_json":{"title":"Databank - Kameleonten","robots":{"index":"index","follow":"follow","max-snippet":"max-snippet:-1","max-image-preview":"max-image-preview:large","max-video-preview":"max-video-preview:-1"},"canonical":"https:\/\/www.kameleonten.fi\/sv\/info\/databank\/","og_locale":"sv_SE","og_type":"article","og_title":"Databank - Kameleonten","og_description":"H\u00e4r finns alla instruktioner och annan viktig information samlade f\u00f6r hallens anv\u00e4ndare.","og_url":"https:\/\/www.kameleonten.fi\/sv\/info\/databank\/","og_site_name":"Kameleonten","article_modified_time":"2025-06-24T14:06:32+00:00","twitter_card":"summary_large_image","schema":{"@context":"https:\/\/schema.org","@graph":[{"@type":"WebPage","@id":"https:\/\/www.kameleonten.fi\/sv\/info\/databank\/","url":"https:\/\/www.kameleonten.fi\/sv\/info\/databank\/","name":"Databank - Kameleonten","isPartOf":{"@id":"https:\/\/www.kameleonten.fi\/sv\/#website"},"primaryImageOfPage":{"@id":"https:\/\/www.kameleonten.fi\/sv\/info\/databank\/#primaryimage"},"image":{"@id":"https:\/\/www.kameleonten.fi\/sv\/info\/databank\/#primaryimage"},"thumbnailUrl":"https:\/\/www.kameleonten.fi\/wp-content\/uploads\/2023\/01\/hero_front.jpg","datePublished":"2025-04-16T07:41:41+00:00","dateModified":"2025-06-24T14:06:32+00:00","breadcrumb":{"@id":"https:\/\/www.kameleonten.fi\/sv\/info\/databank\/#breadcrumb"},"inLanguage":"sv-SE","potentialAction":[{"@type":"ReadAction","target":["https:\/\/www.kameleonten.fi\/sv\/info\/databank\/"]}]},{"@type":"ImageObject","inLanguage":"sv-SE","@id":"https:\/\/www.kameleonten.fi\/sv\/info\/databank\/#primaryimage","url":"https:\/\/www.kameleonten.fi\/wp-content\/uploads\/2023\/01\/hero_front.jpg","contentUrl":"https:\/\/www.kameleonten.fi\/wp-content\/uploads\/2023\/01\/hero_front.jpg","width":1360,"height":765,"caption":"Kameleontenin ulkopuoli"},{"@type":"BreadcrumbList","@id":"https:\/\/www.kameleonten.fi\/sv\/info\/databank\/#breadcrumb","itemListElement":[{"@type":"ListItem","position":1,"name":"Home","item":"https:\/\/www.kameleonten.fi\/sv\/"},{"@type":"ListItem","position":2,"name":"Info","item":"https:\/\/www.kameleonten.fi\/sv\/info\/"},{"@type":"ListItem","position":3,"name":"Databank"}]},{"@type":"WebSite","@id":"https:\/\/www.kameleonten.fi\/sv\/#website","url":"https:\/\/www.kameleonten.fi\/sv\/","name":"Kameleonten","description":"Harrasta monilajihallissa Lepp&auml;vaarassa","publisher":{"@id":"https:\/\/www.kameleonten.fi\/sv\/#organization"},"potentialAction":[{"@type":"SearchAction","target":{"@type":"EntryPoint","urlTemplate":"https:\/\/www.kameleonten.fi\/sv\/?s={search_term_string}"},"query-input":{"@type":"PropertyValueSpecification","valueRequired":true,"valueName":"search_term_string"}}],"inLanguage":"sv-SE"},{"@type":"Organization","@id":"https:\/\/www.kameleonten.fi\/sv\/#organization","name":"Kameleonten","url":"https:\/\/www.kameleonten.fi\/sv\/","logo":{"@type":"ImageObject","inLanguage":"sv-SE","@id":"https:\/\/www.kameleonten.fi\/sv\/#\/schema\/logo\/image\/","url":"https:\/\/www.kameleonten.fi\/wp-content\/uploads\/2025\/03\/favicon.svg","contentUrl":"https:\/\/www.kameleonten.fi\/wp-content\/uploads\/2025\/03\/favicon.svg","width":108,"height":127,"caption":"Kameleonten"},"image":{"@id":"https:\/\/www.kameleonten.fi\/sv\/#\/schema\/logo\/image\/"}}]}},"taxonomy_info":{"page_template":[{"value":51,"label":"Info \u2013 sis\u00e4lt\u00f6sivu (SV)"}]},"featured_image_src_large":["https:\/\/www.kameleonten.fi\/wp-content\/uploads\/2023\/01\/hero_front-1024x576.jpg",1024,576,true],"author_info":{"display_name":"Kameleonten","author_link":"https:\/\/www.kameleonten.fi\/sv\/author\/kam_editor\/"},"comment_info":0,"_links":{"self":[{"href":"https:\/\/www.kameleonten.fi\/sv\/wp-json\/wp\/v2\/pages\/3746","targetHints":{"allow":["GET"]}}],"collection":[{"href":"https:\/\/www.kameleonten.fi\/sv\/wp-json\/wp\/v2\/pages"}],"about":[{"href":"https:\/\/www.kameleonten.fi\/sv\/wp-json\/wp\/v2\/types\/page"}],"author":[{"embeddable":true,"href":"https:\/\/www.kameleonten.fi\/sv\/wp-json\/wp\/v2\/users\/2"}],"replies":[{"embeddable":true,"href":"https:\/\/www.kameleonten.fi\/sv\/wp-json\/wp\/v2\/comments?post=3746"}],"version-history":[{"count":19,"href":"https:\/\/www.kameleonten.fi\/sv\/wp-json\/wp\/v2\/pages\/3746\/revisions"}],"predecessor-version":[{"id":7163,"href":"https:\/\/www.kameleonten.fi\/sv\/wp-json\/wp\/v2\/pages\/3746\/revisions\/7163"}],"up":[{"embeddable":true,"href":"https:\/\/www.kameleonten.fi\/sv\/wp-json\/wp\/v2\/pages\/4832"}],"wp:featuredmedia":[{"embeddable":true,"href":"https:\/\/www.kameleonten.fi\/sv\/wp-json\/wp\/v2\/media\/1490"}],"wp:attachment":[{"href":"https:\/\/www.kameleonten.fi\/sv\/wp-json\/wp\/v2\/media?parent=3746"}],"wp:term":[{"taxonomy":"page_template","embeddable":true,"href":"https:\/\/www.kameleonten.fi\/sv\/wp-json\/wp\/v2\/page_template?post=3746"}],"curies":[{"name":"wp","href":"https:\/\/api.w.org\/{rel}","templated":true}]}}