{"id":3750,"date":"2025-04-02T16:53:25","date_gmt":"2025-04-02T13:53:25","guid":{"rendered":"https:\/\/www.kameleonten.fi\/?page_id=3750"},"modified":"2025-06-19T13:54:36","modified_gmt":"2025-06-19T10:54:36","slug":"gymnastik","status":"publish","type":"page","link":"https:\/\/www.kameleonten.fi\/sv\/sport\/gymnastik\/","title":{"rendered":"Gymnastik"},"content":{"rendered":"<style>.wp-block-kadence-advancedheading.kt-adv-heading3750_a0f469-87, .wp-block-kadence-advancedheading.kt-adv-heading3750_a0f469-87[data-kb-block=\"kb-adv-heading3750_a0f469-87\"]{font-style:normal;}.wp-block-kadence-advancedheading.kt-adv-heading3750_a0f469-87 mark.kt-highlight, .wp-block-kadence-advancedheading.kt-adv-heading3750_a0f469-87[data-kb-block=\"kb-adv-heading3750_a0f469-87\"] mark.kt-highlight{font-style:normal;color:#f76a0c;-webkit-box-decoration-break:clone;box-decoration-break:clone;padding-top:0px;padding-right:0px;padding-bottom:0px;padding-left:0px;}.wp-block-kadence-advancedheading.kt-adv-heading3750_a0f469-87 img.kb-inline-image, .wp-block-kadence-advancedheading.kt-adv-heading3750_a0f469-87[data-kb-block=\"kb-adv-heading3750_a0f469-87\"] img.kb-inline-image{width:150px;vertical-align:baseline;}<\/style>\n<p class=\"kt-adv-heading3750_a0f469-87 wp-block-kadence-advancedheading\" data-kb-block=\"kb-adv-heading3750_a0f469-87\">Kameleonten fungerar som Epoon Telinetaiturit:s hemmahall, och h\u00e4r tr\u00e4nar alla EsTT:s TeamGym och trampolingymnastik t\u00e4vlings- och hobbygrupper. <\/p>\n\n\n<style>.wp-block-kadence-advancedheading.kt-adv-heading3750_8091f0-e8, .wp-block-kadence-advancedheading.kt-adv-heading3750_8091f0-e8[data-kb-block=\"kb-adv-heading3750_8091f0-e8\"]{font-style:normal;}.wp-block-kadence-advancedheading.kt-adv-heading3750_8091f0-e8 mark.kt-highlight, .wp-block-kadence-advancedheading.kt-adv-heading3750_8091f0-e8[data-kb-block=\"kb-adv-heading3750_8091f0-e8\"] mark.kt-highlight{font-style:normal;color:#f76a0c;-webkit-box-decoration-break:clone;box-decoration-break:clone;padding-top:0px;padding-right:0px;padding-bottom:0px;padding-left:0px;}.wp-block-kadence-advancedheading.kt-adv-heading3750_8091f0-e8 img.kb-inline-image, .wp-block-kadence-advancedheading.kt-adv-heading3750_8091f0-e8[data-kb-block=\"kb-adv-heading3750_8091f0-e8\"] img.kb-inline-image{width:150px;vertical-align:baseline;}<\/style>\n<p class=\"kt-adv-heading3750_8091f0-e8 wp-block-kadence-advancedheading\" data-kb-block=\"kb-adv-heading3750_8091f0-e8\">EsTT erbjuder  \u00e4ven hobbyverksamhet i PerheGym, gymnastikskola, NinjaGym redskapsgymnastik, parkour och FreeGym.<\/p>\n\n\n<style>.wp-block-kadence-advancedheading.kt-adv-heading3750_ba36cc-76, .wp-block-kadence-advancedheading.kt-adv-heading3750_ba36cc-76[data-kb-block=\"kb-adv-heading3750_ba36cc-76\"]{font-style:normal;}.wp-block-kadence-advancedheading.kt-adv-heading3750_ba36cc-76 mark.kt-highlight, .wp-block-kadence-advancedheading.kt-adv-heading3750_ba36cc-76[data-kb-block=\"kb-adv-heading3750_ba36cc-76\"] mark.kt-highlight{font-style:normal;color:#f76a0c;-webkit-box-decoration-break:clone;box-decoration-break:clone;padding-top:0px;padding-right:0px;padding-bottom:0px;padding-left:0px;}.wp-block-kadence-advancedheading.kt-adv-heading3750_ba36cc-76 img.kb-inline-image, .wp-block-kadence-advancedheading.kt-adv-heading3750_ba36cc-76[data-kb-block=\"kb-adv-heading3750_ba36cc-76\"] img.kb-inline-image{width:150px;vertical-align:baseline;}<\/style>\n<p class=\"kt-adv-heading3750_ba36cc-76 wp-block-kadence-advancedheading\" data-kb-block=\"kb-adv-heading3750_ba36cc-76\">Mera information oom deras verksamhet hittar du via <a href=\"https:\/\/espoontelinetaiturit.fi\/\">l\u00e4nken<\/a>.<\/p>\n","protected":false},"excerpt":{"rendered":"<p>En 1800 kvadratmeters gymnastiksal i tv\u00e5 plan, d\u00e4r man hittar utm\u00e4rkta f\u00f6ruts\u00e4ttningar f\u00f6r gymnastikgreanar som TeamGym och trampolingymnastik med flera.<\/p>\n","protected":false},"author":2,"featured_media":7605,"parent":3702,"menu_order":0,"comment_status":"closed","ping_status":"closed","template":"","meta":{"_acf_changed":false,"inline_featured_image":false,"_kad_blocks_custom_css":"","_kad_blocks_head_custom_js":"","_kad_blocks_body_custom_js":"","_kad_blocks_footer_custom_js":"","_kadence_starter_templates_imported_post":false,"_kad_post_transparent":"","_kad_post_title":"","_kad_post_layout":"","_kad_post_sidebar_id":"","_kad_post_content_style":"","_kad_post_vertical_padding":"","_kad_post_feature":"","_kad_post_feature_position":"","_kad_post_header":false,"_kad_post_footer":false,"_kad_post_classname":"","footnotes":""},"page_template":[52],"class_list":["post-3750","page","type-page","status-publish","has-post-thumbnail","hentry","page_template-urheliu-content-page-sv"],"acf":[],"yoast_head":"<!-- This site is optimized with the Yoast SEO plugin v27.5 - https:\/\/yoast.com\/product\/yoast-seo-wordpress\/ -->\n<title>Gymnastik - Kameleonten<\/title>\n<meta name=\"description\" content=\"En 1800 kvadratmeters gymnastiksal i tv\u00e5 plan, d\u00e4r man hittar utm\u00e4rkta f\u00f6ruts\u00e4ttningar f\u00f6r gymnastikgreanar som TeamGym och trampolingymnastik med flera.\" \/>\n<meta name=\"robots\" content=\"index, follow, max-snippet:-1, max-image-preview:large, max-video-preview:-1\" \/>\n<link rel=\"canonical\" href=\"https:\/\/www.kameleonten.fi\/sv\/sport\/gymnastik\/\" \/>\n<meta property=\"og:locale\" content=\"sv_SE\" \/>\n<meta property=\"og:type\" content=\"article\" \/>\n<meta property=\"og:title\" content=\"Gymnastik - Kameleonten\" \/>\n<meta property=\"og:description\" content=\"En 1800 kvadratmeters gymnastiksal i tv\u00e5 plan, d\u00e4r man hittar utm\u00e4rkta f\u00f6ruts\u00e4ttningar f\u00f6r gymnastikgreanar som TeamGym och trampolingymnastik med flera.\" \/>\n<meta property=\"og:url\" content=\"https:\/\/www.kameleonten.fi\/sv\/sport\/gymnastik\/\" \/>\n<meta property=\"og:site_name\" content=\"Kameleonten\" \/>\n<meta property=\"article:modified_time\" content=\"2025-06-19T10:54:36+00:00\" \/>\n<meta name=\"twitter:card\" content=\"summary_large_image\" \/>\n<script type=\"application\/ld+json\" class=\"yoast-schema-graph\">{\"@context\":\"https:\\\/\\\/schema.org\",\"@graph\":[{\"@type\":\"WebPage\",\"@id\":\"https:\\\/\\\/www.kameleonten.fi\\\/sv\\\/sport\\\/gymnastik\\\/\",\"url\":\"https:\\\/\\\/www.kameleonten.fi\\\/sv\\\/sport\\\/gymnastik\\\/\",\"name\":\"Gymnastik - Kameleonten\",\"isPartOf\":{\"@id\":\"https:\\\/\\\/www.kameleonten.fi\\\/sv\\\/#website\"},\"primaryImageOfPage\":{\"@id\":\"https:\\\/\\\/www.kameleonten.fi\\\/sv\\\/sport\\\/gymnastik\\\/#primaryimage\"},\"image\":{\"@id\":\"https:\\\/\\\/www.kameleonten.fi\\\/sv\\\/sport\\\/gymnastik\\\/#primaryimage\"},\"thumbnailUrl\":\"https:\\\/\\\/www.kameleonten.fi\\\/wp-content\\\/uploads\\\/2025\\\/11\\\/Kameleonten_Voimistelu.jpg\",\"datePublished\":\"2025-04-02T13:53:25+00:00\",\"dateModified\":\"2025-06-19T10:54:36+00:00\",\"description\":\"En 1800 kvadratmeters gymnastiksal i tv\u00e5 plan, d\u00e4r man hittar utm\u00e4rkta f\u00f6ruts\u00e4ttningar f\u00f6r gymnastikgreanar som TeamGym och trampolingymnastik med flera.\",\"breadcrumb\":{\"@id\":\"https:\\\/\\\/www.kameleonten.fi\\\/sv\\\/sport\\\/gymnastik\\\/#breadcrumb\"},\"inLanguage\":\"sv-SE\",\"potentialAction\":[{\"@type\":\"ReadAction\",\"target\":[\"https:\\\/\\\/www.kameleonten.fi\\\/sv\\\/sport\\\/gymnastik\\\/\"]}]},{\"@type\":\"ImageObject\",\"inLanguage\":\"sv-SE\",\"@id\":\"https:\\\/\\\/www.kameleonten.fi\\\/sv\\\/sport\\\/gymnastik\\\/#primaryimage\",\"url\":\"https:\\\/\\\/www.kameleonten.fi\\\/wp-content\\\/uploads\\\/2025\\\/11\\\/Kameleonten_Voimistelu.jpg\",\"contentUrl\":\"https:\\\/\\\/www.kameleonten.fi\\\/wp-content\\\/uploads\\\/2025\\\/11\\\/Kameleonten_Voimistelu.jpg\",\"width\":961,\"height\":1440,\"caption\":\"Voimistelu\"},{\"@type\":\"BreadcrumbList\",\"@id\":\"https:\\\/\\\/www.kameleonten.fi\\\/sv\\\/sport\\\/gymnastik\\\/#breadcrumb\",\"itemListElement\":[{\"@type\":\"ListItem\",\"position\":1,\"name\":\"Home\",\"item\":\"https:\\\/\\\/www.kameleonten.fi\\\/sv\\\/\"},{\"@type\":\"ListItem\",\"position\":2,\"name\":\"Sport\",\"item\":\"https:\\\/\\\/www.kameleonten.fi\\\/sv\\\/sport\\\/\"},{\"@type\":\"ListItem\",\"position\":3,\"name\":\"Gymnastik\"}]},{\"@type\":\"WebSite\",\"@id\":\"https:\\\/\\\/www.kameleonten.fi\\\/sv\\\/#website\",\"url\":\"https:\\\/\\\/www.kameleonten.fi\\\/sv\\\/\",\"name\":\"Kameleonten\",\"description\":\"Harrasta monilajihallissa Lepp&auml;vaarassa\",\"publisher\":{\"@id\":\"https:\\\/\\\/www.kameleonten.fi\\\/sv\\\/#organization\"},\"potentialAction\":[{\"@type\":\"SearchAction\",\"target\":{\"@type\":\"EntryPoint\",\"urlTemplate\":\"https:\\\/\\\/www.kameleonten.fi\\\/sv\\\/?s={search_term_string}\"},\"query-input\":{\"@type\":\"PropertyValueSpecification\",\"valueRequired\":true,\"valueName\":\"search_term_string\"}}],\"inLanguage\":\"sv-SE\"},{\"@type\":\"Organization\",\"@id\":\"https:\\\/\\\/www.kameleonten.fi\\\/sv\\\/#organization\",\"name\":\"Kameleonten\",\"url\":\"https:\\\/\\\/www.kameleonten.fi\\\/sv\\\/\",\"logo\":{\"@type\":\"ImageObject\",\"inLanguage\":\"sv-SE\",\"@id\":\"https:\\\/\\\/www.kameleonten.fi\\\/sv\\\/#\\\/schema\\\/logo\\\/image\\\/\",\"url\":\"https:\\\/\\\/www.kameleonten.fi\\\/wp-content\\\/uploads\\\/2025\\\/03\\\/favicon.svg\",\"contentUrl\":\"https:\\\/\\\/www.kameleonten.fi\\\/wp-content\\\/uploads\\\/2025\\\/03\\\/favicon.svg\",\"width\":108,\"height\":127,\"caption\":\"Kameleonten\"},\"image\":{\"@id\":\"https:\\\/\\\/www.kameleonten.fi\\\/sv\\\/#\\\/schema\\\/logo\\\/image\\\/\"}}]}<\/script>\n<!-- \/ Yoast SEO plugin. -->","yoast_head_json":{"title":"Gymnastik - Kameleonten","description":"En 1800 kvadratmeters gymnastiksal i tv\u00e5 plan, d\u00e4r man hittar utm\u00e4rkta f\u00f6ruts\u00e4ttningar f\u00f6r gymnastikgreanar som TeamGym och trampolingymnastik med flera.","robots":{"index":"index","follow":"follow","max-snippet":"max-snippet:-1","max-image-preview":"max-image-preview:large","max-video-preview":"max-video-preview:-1"},"canonical":"https:\/\/www.kameleonten.fi\/sv\/sport\/gymnastik\/","og_locale":"sv_SE","og_type":"article","og_title":"Gymnastik - Kameleonten","og_description":"En 1800 kvadratmeters gymnastiksal i tv\u00e5 plan, d\u00e4r man hittar utm\u00e4rkta f\u00f6ruts\u00e4ttningar f\u00f6r gymnastikgreanar som TeamGym och trampolingymnastik med flera.","og_url":"https:\/\/www.kameleonten.fi\/sv\/sport\/gymnastik\/","og_site_name":"Kameleonten","article_modified_time":"2025-06-19T10:54:36+00:00","twitter_card":"summary_large_image","schema":{"@context":"https:\/\/schema.org","@graph":[{"@type":"WebPage","@id":"https:\/\/www.kameleonten.fi\/sv\/sport\/gymnastik\/","url":"https:\/\/www.kameleonten.fi\/sv\/sport\/gymnastik\/","name":"Gymnastik - Kameleonten","isPartOf":{"@id":"https:\/\/www.kameleonten.fi\/sv\/#website"},"primaryImageOfPage":{"@id":"https:\/\/www.kameleonten.fi\/sv\/sport\/gymnastik\/#primaryimage"},"image":{"@id":"https:\/\/www.kameleonten.fi\/sv\/sport\/gymnastik\/#primaryimage"},"thumbnailUrl":"https:\/\/www.kameleonten.fi\/wp-content\/uploads\/2025\/11\/Kameleonten_Voimistelu.jpg","datePublished":"2025-04-02T13:53:25+00:00","dateModified":"2025-06-19T10:54:36+00:00","description":"En 1800 kvadratmeters gymnastiksal i tv\u00e5 plan, d\u00e4r man hittar utm\u00e4rkta f\u00f6ruts\u00e4ttningar f\u00f6r gymnastikgreanar som TeamGym och trampolingymnastik med flera.","breadcrumb":{"@id":"https:\/\/www.kameleonten.fi\/sv\/sport\/gymnastik\/#breadcrumb"},"inLanguage":"sv-SE","potentialAction":[{"@type":"ReadAction","target":["https:\/\/www.kameleonten.fi\/sv\/sport\/gymnastik\/"]}]},{"@type":"ImageObject","inLanguage":"sv-SE","@id":"https:\/\/www.kameleonten.fi\/sv\/sport\/gymnastik\/#primaryimage","url":"https:\/\/www.kameleonten.fi\/wp-content\/uploads\/2025\/11\/Kameleonten_Voimistelu.jpg","contentUrl":"https:\/\/www.kameleonten.fi\/wp-content\/uploads\/2025\/11\/Kameleonten_Voimistelu.jpg","width":961,"height":1440,"caption":"Voimistelu"},{"@type":"BreadcrumbList","@id":"https:\/\/www.kameleonten.fi\/sv\/sport\/gymnastik\/#breadcrumb","itemListElement":[{"@type":"ListItem","position":1,"name":"Home","item":"https:\/\/www.kameleonten.fi\/sv\/"},{"@type":"ListItem","position":2,"name":"Sport","item":"https:\/\/www.kameleonten.fi\/sv\/sport\/"},{"@type":"ListItem","position":3,"name":"Gymnastik"}]},{"@type":"WebSite","@id":"https:\/\/www.kameleonten.fi\/sv\/#website","url":"https:\/\/www.kameleonten.fi\/sv\/","name":"Kameleonten","description":"Harrasta monilajihallissa Lepp&auml;vaarassa","publisher":{"@id":"https:\/\/www.kameleonten.fi\/sv\/#organization"},"potentialAction":[{"@type":"SearchAction","target":{"@type":"EntryPoint","urlTemplate":"https:\/\/www.kameleonten.fi\/sv\/?s={search_term_string}"},"query-input":{"@type":"PropertyValueSpecification","valueRequired":true,"valueName":"search_term_string"}}],"inLanguage":"sv-SE"},{"@type":"Organization","@id":"https:\/\/www.kameleonten.fi\/sv\/#organization","name":"Kameleonten","url":"https:\/\/www.kameleonten.fi\/sv\/","logo":{"@type":"ImageObject","inLanguage":"sv-SE","@id":"https:\/\/www.kameleonten.fi\/sv\/#\/schema\/logo\/image\/","url":"https:\/\/www.kameleonten.fi\/wp-content\/uploads\/2025\/03\/favicon.svg","contentUrl":"https:\/\/www.kameleonten.fi\/wp-content\/uploads\/2025\/03\/favicon.svg","width":108,"height":127,"caption":"Kameleonten"},"image":{"@id":"https:\/\/www.kameleonten.fi\/sv\/#\/schema\/logo\/image\/"}}]}},"taxonomy_info":{"page_template":[{"value":52,"label":"Urheliu \u2013 sis\u00e4lt\u00f6sivu (SV)"}]},"featured_image_src_large":["https:\/\/www.kameleonten.fi\/wp-content\/uploads\/2025\/11\/Kameleonten_Voimistelu-683x1024.jpg",683,1024,true],"author_info":{"display_name":"Kameleonten","author_link":"https:\/\/www.kameleonten.fi\/sv\/author\/kam_editor\/"},"comment_info":0,"_links":{"self":[{"href":"https:\/\/www.kameleonten.fi\/sv\/wp-json\/wp\/v2\/pages\/3750","targetHints":{"allow":["GET"]}}],"collection":[{"href":"https:\/\/www.kameleonten.fi\/sv\/wp-json\/wp\/v2\/pages"}],"about":[{"href":"https:\/\/www.kameleonten.fi\/sv\/wp-json\/wp\/v2\/types\/page"}],"author":[{"embeddable":true,"href":"https:\/\/www.kameleonten.fi\/sv\/wp-json\/wp\/v2\/users\/2"}],"replies":[{"embeddable":true,"href":"https:\/\/www.kameleonten.fi\/sv\/wp-json\/wp\/v2\/comments?post=3750"}],"version-history":[{"count":7,"href":"https:\/\/www.kameleonten.fi\/sv\/wp-json\/wp\/v2\/pages\/3750\/revisions"}],"predecessor-version":[{"id":6549,"href":"https:\/\/www.kameleonten.fi\/sv\/wp-json\/wp\/v2\/pages\/3750\/revisions\/6549"}],"up":[{"embeddable":true,"href":"https:\/\/www.kameleonten.fi\/sv\/wp-json\/wp\/v2\/pages\/3702"}],"wp:featuredmedia":[{"embeddable":true,"href":"https:\/\/www.kameleonten.fi\/sv\/wp-json\/wp\/v2\/media\/7605"}],"wp:attachment":[{"href":"https:\/\/www.kameleonten.fi\/sv\/wp-json\/wp\/v2\/media?parent=3750"}],"wp:term":[{"taxonomy":"page_template","embeddable":true,"href":"https:\/\/www.kameleonten.fi\/sv\/wp-json\/wp\/v2\/page_template?post=3750"}],"curies":[{"name":"wp","href":"https:\/\/api.w.org\/{rel}","templated":true}]}}