{"id":7281,"date":"2025-08-11T10:44:30","date_gmt":"2025-08-11T07:44:30","guid":{"rendered":"https:\/\/www.kameleonten.fi\/?page_id=7281"},"modified":"2025-10-06T08:55:53","modified_gmt":"2025-10-06T05:55:53","slug":"oppettider","status":"publish","type":"page","link":"https:\/\/www.kameleonten.fi\/sv\/info\/oppettider\/","title":{"rendered":"\u00d6ppettider"},"content":{"rendered":"<style>.wp-block-kadence-advancedheading.kt-adv-heading7281_212630-3e, .wp-block-kadence-advancedheading.kt-adv-heading7281_212630-3e[data-kb-block=\"kb-adv-heading7281_212630-3e\"]{font-style:normal;}.wp-block-kadence-advancedheading.kt-adv-heading7281_212630-3e mark.kt-highlight, .wp-block-kadence-advancedheading.kt-adv-heading7281_212630-3e[data-kb-block=\"kb-adv-heading7281_212630-3e\"] mark.kt-highlight{font-style:normal;color:#f76a0c;-webkit-box-decoration-break:clone;box-decoration-break:clone;padding-top:0px;padding-right:0px;padding-bottom:0px;padding-left:0px;}.wp-block-kadence-advancedheading.kt-adv-heading7281_212630-3e img.kb-inline-image, .wp-block-kadence-advancedheading.kt-adv-heading7281_212630-3e[data-kb-block=\"kb-adv-heading7281_212630-3e\"] img.kb-inline-image{width:150px;vertical-align:baseline;}<\/style>\n<h2 class=\"kt-adv-heading7281_212630-3e wp-block-kadence-advancedheading\" data-kb-block=\"kb-adv-heading7281_212630-3e\">Hall \u00f6ppettider<\/h2>\n\n\n<style>.wp-block-kadence-advancedheading.kt-adv-heading7281_6d1490-9a, .wp-block-kadence-advancedheading.kt-adv-heading7281_6d1490-9a[data-kb-block=\"kb-adv-heading7281_6d1490-9a\"]{font-style:normal;}.wp-block-kadence-advancedheading.kt-adv-heading7281_6d1490-9a mark.kt-highlight, .wp-block-kadence-advancedheading.kt-adv-heading7281_6d1490-9a[data-kb-block=\"kb-adv-heading7281_6d1490-9a\"] mark.kt-highlight{font-style:normal;color:#f76a0c;-webkit-box-decoration-break:clone;box-decoration-break:clone;padding-top:0px;padding-right:0px;padding-bottom:0px;padding-left:0px;}.wp-block-kadence-advancedheading.kt-adv-heading7281_6d1490-9a img.kb-inline-image, .wp-block-kadence-advancedheading.kt-adv-heading7281_6d1490-9a[data-kb-block=\"kb-adv-heading7281_6d1490-9a\"] img.kb-inline-image{width:150px;vertical-align:baseline;}<\/style>\n<p class=\"kt-adv-heading7281_6d1490-9a wp-block-kadence-advancedheading\" data-kb-block=\"kb-adv-heading7281_6d1490-9a\">M\u00e5n &#8211; Fre: kl.  8 &#8211; 22, ytterd\u00f6rren st\u00e4ngs 21:15<br>L\u00f6r &#8211; S\u00f6n: kl.  9 &#8211; 21, ytterd\u00f6rren st\u00e4ngs 20:15<\/p>\n\n\n<style>.wp-block-kadence-advancedheading.kt-adv-heading7281_e6ed76-b4, .wp-block-kadence-advancedheading.kt-adv-heading7281_e6ed76-b4[data-kb-block=\"kb-adv-heading7281_e6ed76-b4\"]{font-style:normal;}.wp-block-kadence-advancedheading.kt-adv-heading7281_e6ed76-b4 mark.kt-highlight, .wp-block-kadence-advancedheading.kt-adv-heading7281_e6ed76-b4[data-kb-block=\"kb-adv-heading7281_e6ed76-b4\"] mark.kt-highlight{font-style:normal;color:#f76a0c;-webkit-box-decoration-break:clone;box-decoration-break:clone;padding-top:0px;padding-right:0px;padding-bottom:0px;padding-left:0px;}.wp-block-kadence-advancedheading.kt-adv-heading7281_e6ed76-b4 img.kb-inline-image, .wp-block-kadence-advancedheading.kt-adv-heading7281_e6ed76-b4[data-kb-block=\"kb-adv-heading7281_e6ed76-b4\"] img.kb-inline-image{width:150px;vertical-align:baseline;}<\/style>\n<p class=\"kt-adv-heading7281_e6ed76-b4 wp-block-kadence-advancedheading\" data-kb-block=\"kb-adv-heading7281_e6ed76-b4\"><strong>Undantags \u00f6ppettider<\/strong><\/p>\n\n\n<style>.wp-block-kadence-advancedheading.kt-adv-heading7281_f05dca-74, .wp-block-kadence-advancedheading.kt-adv-heading7281_f05dca-74[data-kb-block=\"kb-adv-heading7281_f05dca-74\"]{font-style:normal;}.wp-block-kadence-advancedheading.kt-adv-heading7281_f05dca-74 mark.kt-highlight, .wp-block-kadence-advancedheading.kt-adv-heading7281_f05dca-74[data-kb-block=\"kb-adv-heading7281_f05dca-74\"] mark.kt-highlight{font-style:normal;color:#f76a0c;-webkit-box-decoration-break:clone;box-decoration-break:clone;padding-top:0px;padding-right:0px;padding-bottom:0px;padding-left:0px;}.wp-block-kadence-advancedheading.kt-adv-heading7281_f05dca-74 img.kb-inline-image, .wp-block-kadence-advancedheading.kt-adv-heading7281_f05dca-74[data-kb-block=\"kb-adv-heading7281_f05dca-74\"] img.kb-inline-image{width:150px;vertical-align:baseline;}<\/style>\n<p class=\"kt-adv-heading7281_f05dca-74 wp-block-kadence-advancedheading\" data-kb-block=\"kb-adv-heading7281_f05dca-74\">Hallen \u00e4r st\u00e4ngd under f\u00f6ljande tidpunkter:<\/p>\n\n\n\n<p class=\"wp-block-kadence-advancedheading\" data-kb-block=\"kb-adv-headingundefined\">Onsdag 8.10. \u00e4r friidrottshallen, bollhallarna 3 och 4 samt gymmet \u00e4r st\u00e4ngda mellan kl. 11\u201314 p\u00e5 grund av ett privat evenemang.<\/p>\n\n\n<style>.wp-block-kadence-advancedheading.kt-adv-heading7281_f63fdd-e8, .wp-block-kadence-advancedheading.kt-adv-heading7281_f63fdd-e8[data-kb-block=\"kb-adv-heading7281_f63fdd-e8\"]{font-style:normal;}.wp-block-kadence-advancedheading.kt-adv-heading7281_f63fdd-e8 mark.kt-highlight, .wp-block-kadence-advancedheading.kt-adv-heading7281_f63fdd-e8[data-kb-block=\"kb-adv-heading7281_f63fdd-e8\"] mark.kt-highlight{font-style:normal;color:#f76a0c;-webkit-box-decoration-break:clone;box-decoration-break:clone;padding-top:0px;padding-right:0px;padding-bottom:0px;padding-left:0px;}.wp-block-kadence-advancedheading.kt-adv-heading7281_f63fdd-e8 img.kb-inline-image, .wp-block-kadence-advancedheading.kt-adv-heading7281_f63fdd-e8[data-kb-block=\"kb-adv-heading7281_f63fdd-e8\"] img.kb-inline-image{width:150px;vertical-align:baseline;}<\/style>\n<p class=\"kt-adv-heading7281_f63fdd-e8 wp-block-kadence-advancedheading\" data-kb-block=\"kb-adv-heading7281_f63fdd-e8\">Sj\u00e4lvst\u00e4ndighetsdag: 6.12.2025<\/p>\n\n\n<style>.wp-block-kadence-advancedheading.kt-adv-heading7281_8a0506-9b, .wp-block-kadence-advancedheading.kt-adv-heading7281_8a0506-9b[data-kb-block=\"kb-adv-heading7281_8a0506-9b\"]{font-style:normal;}.wp-block-kadence-advancedheading.kt-adv-heading7281_8a0506-9b mark.kt-highlight, .wp-block-kadence-advancedheading.kt-adv-heading7281_8a0506-9b[data-kb-block=\"kb-adv-heading7281_8a0506-9b\"] mark.kt-highlight{font-style:normal;color:#f76a0c;-webkit-box-decoration-break:clone;box-decoration-break:clone;padding-top:0px;padding-right:0px;padding-bottom:0px;padding-left:0px;}.wp-block-kadence-advancedheading.kt-adv-heading7281_8a0506-9b img.kb-inline-image, .wp-block-kadence-advancedheading.kt-adv-heading7281_8a0506-9b[data-kb-block=\"kb-adv-heading7281_8a0506-9b\"] img.kb-inline-image{width:150px;vertical-align:baseline;}<\/style>\n<p class=\"kt-adv-heading7281_8a0506-9b wp-block-kadence-advancedheading\" data-kb-block=\"kb-adv-heading7281_8a0506-9b\">Jul: 23. &#8211; 26.12.2025<\/p>\n\n\n<style>.wp-block-kadence-advancedheading.kt-adv-heading7281_724561-06, .wp-block-kadence-advancedheading.kt-adv-heading7281_724561-06[data-kb-block=\"kb-adv-heading7281_724561-06\"]{font-style:normal;}.wp-block-kadence-advancedheading.kt-adv-heading7281_724561-06 mark.kt-highlight, .wp-block-kadence-advancedheading.kt-adv-heading7281_724561-06[data-kb-block=\"kb-adv-heading7281_724561-06\"] mark.kt-highlight{font-style:normal;color:#f76a0c;-webkit-box-decoration-break:clone;box-decoration-break:clone;padding-top:0px;padding-right:0px;padding-bottom:0px;padding-left:0px;}.wp-block-kadence-advancedheading.kt-adv-heading7281_724561-06 img.kb-inline-image, .wp-block-kadence-advancedheading.kt-adv-heading7281_724561-06[data-kb-block=\"kb-adv-heading7281_724561-06\"] img.kb-inline-image{width:150px;vertical-align:baseline;}<\/style>\n<p class=\"kt-adv-heading7281_724561-06 wp-block-kadence-advancedheading\" data-kb-block=\"kb-adv-heading7281_724561-06\">Ny\u00e5r: 31.12.2025 &#8211; 1.1.2026<\/p>\n\n\n<style>.wp-block-kadence-advancedheading.kt-adv-heading7281_f797ab-45, .wp-block-kadence-advancedheading.kt-adv-heading7281_f797ab-45[data-kb-block=\"kb-adv-heading7281_f797ab-45\"]{font-style:normal;}.wp-block-kadence-advancedheading.kt-adv-heading7281_f797ab-45 mark.kt-highlight, .wp-block-kadence-advancedheading.kt-adv-heading7281_f797ab-45[data-kb-block=\"kb-adv-heading7281_f797ab-45\"] mark.kt-highlight{font-style:normal;color:#f76a0c;-webkit-box-decoration-break:clone;box-decoration-break:clone;padding-top:0px;padding-right:0px;padding-bottom:0px;padding-left:0px;}.wp-block-kadence-advancedheading.kt-adv-heading7281_f797ab-45 img.kb-inline-image, .wp-block-kadence-advancedheading.kt-adv-heading7281_f797ab-45[data-kb-block=\"kb-adv-heading7281_f797ab-45\"] img.kb-inline-image{width:150px;vertical-align:baseline;}<\/style>\n<p class=\"kt-adv-heading7281_f797ab-45 wp-block-kadence-advancedheading\" data-kb-block=\"kb-adv-heading7281_f797ab-45\">P\u00e5sk: 3. &#8211; 6.4.2026<\/p>\n\n\n<style>.wp-block-kadence-advancedheading.kt-adv-heading7281_5e820c-54, .wp-block-kadence-advancedheading.kt-adv-heading7281_5e820c-54[data-kb-block=\"kb-adv-heading7281_5e820c-54\"]{font-style:normal;}.wp-block-kadence-advancedheading.kt-adv-heading7281_5e820c-54 mark.kt-highlight, .wp-block-kadence-advancedheading.kt-adv-heading7281_5e820c-54[data-kb-block=\"kb-adv-heading7281_5e820c-54\"] mark.kt-highlight{font-style:normal;color:#f76a0c;-webkit-box-decoration-break:clone;box-decoration-break:clone;padding-top:0px;padding-right:0px;padding-bottom:0px;padding-left:0px;}.wp-block-kadence-advancedheading.kt-adv-heading7281_5e820c-54 img.kb-inline-image, .wp-block-kadence-advancedheading.kt-adv-heading7281_5e820c-54[data-kb-block=\"kb-adv-heading7281_5e820c-54\"] img.kb-inline-image{width:150px;vertical-align:baseline;}<\/style>\n<p class=\"kt-adv-heading7281_5e820c-54 wp-block-kadence-advancedheading\" data-kb-block=\"kb-adv-heading7281_5e820c-54\">F\u00f6rsta maj: 1.5.2026<\/p>\n\n\n<style>.wp-block-kadence-advancedheading.kt-adv-heading7281_7ccd1d-51, .wp-block-kadence-advancedheading.kt-adv-heading7281_7ccd1d-51[data-kb-block=\"kb-adv-heading7281_7ccd1d-51\"]{font-style:normal;}.wp-block-kadence-advancedheading.kt-adv-heading7281_7ccd1d-51 mark.kt-highlight, .wp-block-kadence-advancedheading.kt-adv-heading7281_7ccd1d-51[data-kb-block=\"kb-adv-heading7281_7ccd1d-51\"] mark.kt-highlight{font-style:normal;color:#f76a0c;-webkit-box-decoration-break:clone;box-decoration-break:clone;padding-top:0px;padding-right:0px;padding-bottom:0px;padding-left:0px;}.wp-block-kadence-advancedheading.kt-adv-heading7281_7ccd1d-51 img.kb-inline-image, .wp-block-kadence-advancedheading.kt-adv-heading7281_7ccd1d-51[data-kb-block=\"kb-adv-heading7281_7ccd1d-51\"] img.kb-inline-image{width:150px;vertical-align:baseline;}<\/style>\n<p class=\"kt-adv-heading7281_7ccd1d-51 wp-block-kadence-advancedheading\" data-kb-block=\"kb-adv-heading7281_7ccd1d-51\">Midsommar: 19. &#8211; 21.6.2026<\/p>\n\n\n<style>.wp-block-kadence-advancedheading.kt-adv-heading7281_d9a331-bc, .wp-block-kadence-advancedheading.kt-adv-heading7281_d9a331-bc[data-kb-block=\"kb-adv-heading7281_d9a331-bc\"]{font-style:normal;}.wp-block-kadence-advancedheading.kt-adv-heading7281_d9a331-bc mark.kt-highlight, .wp-block-kadence-advancedheading.kt-adv-heading7281_d9a331-bc[data-kb-block=\"kb-adv-heading7281_d9a331-bc\"] mark.kt-highlight{font-style:normal;color:#f76a0c;-webkit-box-decoration-break:clone;box-decoration-break:clone;padding-top:0px;padding-right:0px;padding-bottom:0px;padding-left:0px;}.wp-block-kadence-advancedheading.kt-adv-heading7281_d9a331-bc img.kb-inline-image, .wp-block-kadence-advancedheading.kt-adv-heading7281_d9a331-bc[data-kb-block=\"kb-adv-heading7281_d9a331-bc\"] img.kb-inline-image{width:150px;vertical-align:baseline;}<\/style>\n<p class=\"kt-adv-heading7281_d9a331-bc wp-block-kadence-advancedheading\" data-kb-block=\"kb-adv-heading7281_d9a331-bc\">Semester: 27.6. &#8211; 31.7.2026<\/p>\n","protected":false},"excerpt":{"rendered":"<p>Hall \u00f6ppettider M\u00e5n &#8211; Fre: kl. 8 &#8211; 22, ytterd\u00f6rren st\u00e4ngs 21:15L\u00f6r &#8211; S\u00f6n: kl. 9 &#8211; 21, ytterd\u00f6rren st\u00e4ngs 20:15 Undantags \u00f6ppettider Hallen \u00e4r st\u00e4ngd under f\u00f6ljande tidpunkter: Onsdag 8.10. \u00e4r friidrottshallen, bollhallarna 3 och 4 samt gymmet \u00e4r st\u00e4ngda mellan kl. 11\u201314 p\u00e5 grund av ett privat evenemang. Sj\u00e4lvst\u00e4ndighetsdag: 6.12.2025 Jul: 23. &#8211;&#8230;<\/p>\n","protected":false},"author":2,"featured_media":2328,"parent":4832,"menu_order":0,"comment_status":"closed","ping_status":"closed","template":"","meta":{"_acf_changed":false,"inline_featured_image":false,"_kad_blocks_custom_css":"","_kad_blocks_head_custom_js":"","_kad_blocks_body_custom_js":"","_kad_blocks_footer_custom_js":"","_kadence_starter_templates_imported_post":false,"_kad_post_transparent":"","_kad_post_title":"","_kad_post_layout":"","_kad_post_sidebar_id":"","_kad_post_content_style":"","_kad_post_vertical_padding":"","_kad_post_feature":"","_kad_post_feature_position":"","_kad_post_header":false,"_kad_post_footer":false,"_kad_post_classname":"","footnotes":""},"page_template":[51],"class_list":["post-7281","page","type-page","status-publish","has-post-thumbnail","hentry","page_template-info-content-page-sv"],"acf":[],"yoast_head":"<!-- This site is optimized with the Yoast SEO plugin v27.4 - https:\/\/yoast.com\/product\/yoast-seo-wordpress\/ -->\n<title>\u00d6ppettider - Kameleonten<\/title>\n<meta name=\"description\" content=\"Kameleonten \u00e4r en m\u00e5ngsidig idrotts-, och evenemangshall som f\u00e4rdigst\u00e4lldes \u00e5r 2023 mitt i Alberga idrottspark. Hallen erbjuder moderna och m\u00e5ngsidiga utrymmen f\u00f6r t\u00e4vlingsidrott, f\u00f6reningsverksamhet, individuell tr\u00e4ning samt utrymmen f\u00f6r att ordna fester, konserter, m\u00e4ssor m.fl.\" \/>\n<meta name=\"robots\" content=\"index, follow, max-snippet:-1, max-image-preview:large, max-video-preview:-1\" \/>\n<link rel=\"canonical\" href=\"https:\/\/www.kameleonten.fi\/sv\/info\/oppettider\/\" \/>\n<meta property=\"og:locale\" content=\"sv_SE\" \/>\n<meta property=\"og:type\" content=\"article\" \/>\n<meta property=\"og:title\" content=\"\u00d6ppettider - Kameleonten\" \/>\n<meta property=\"og:description\" content=\"Kameleonten \u00e4r en m\u00e5ngsidig idrotts-, och evenemangshall som f\u00e4rdigst\u00e4lldes \u00e5r 2023 mitt i Alberga idrottspark. Hallen erbjuder moderna och m\u00e5ngsidiga utrymmen f\u00f6r t\u00e4vlingsidrott, f\u00f6reningsverksamhet, individuell tr\u00e4ning samt utrymmen f\u00f6r att ordna fester, konserter, m\u00e4ssor m.fl.\" \/>\n<meta property=\"og:url\" content=\"https:\/\/www.kameleonten.fi\/sv\/info\/oppettider\/\" \/>\n<meta property=\"og:site_name\" content=\"Kameleonten\" \/>\n<meta property=\"article:modified_time\" content=\"2025-10-06T05:55:53+00:00\" \/>\n<meta name=\"twitter:card\" content=\"summary_large_image\" \/>\n<script type=\"application\/ld+json\" class=\"yoast-schema-graph\">{\"@context\":\"https:\\\/\\\/schema.org\",\"@graph\":[{\"@type\":\"WebPage\",\"@id\":\"https:\\\/\\\/www.kameleonten.fi\\\/sv\\\/info\\\/oppettider\\\/\",\"url\":\"https:\\\/\\\/www.kameleonten.fi\\\/sv\\\/info\\\/oppettider\\\/\",\"name\":\"\u00d6ppettider - Kameleonten\",\"isPartOf\":{\"@id\":\"https:\\\/\\\/www.kameleonten.fi\\\/sv\\\/#website\"},\"primaryImageOfPage\":{\"@id\":\"https:\\\/\\\/www.kameleonten.fi\\\/sv\\\/info\\\/oppettider\\\/#primaryimage\"},\"image\":{\"@id\":\"https:\\\/\\\/www.kameleonten.fi\\\/sv\\\/info\\\/oppettider\\\/#primaryimage\"},\"thumbnailUrl\":\"https:\\\/\\\/www.kameleonten.fi\\\/wp-content\\\/uploads\\\/2024\\\/01\\\/DSC01943-scaled.jpg\",\"datePublished\":\"2025-08-11T07:44:30+00:00\",\"dateModified\":\"2025-10-06T05:55:53+00:00\",\"description\":\"Kameleonten \u00e4r en m\u00e5ngsidig idrotts-, och evenemangshall som f\u00e4rdigst\u00e4lldes \u00e5r 2023 mitt i Alberga idrottspark. Hallen erbjuder moderna och m\u00e5ngsidiga utrymmen f\u00f6r t\u00e4vlingsidrott, f\u00f6reningsverksamhet, individuell tr\u00e4ning samt utrymmen f\u00f6r att ordna fester, konserter, m\u00e4ssor m.fl.\",\"breadcrumb\":{\"@id\":\"https:\\\/\\\/www.kameleonten.fi\\\/sv\\\/info\\\/oppettider\\\/#breadcrumb\"},\"inLanguage\":\"sv-SE\",\"potentialAction\":[{\"@type\":\"ReadAction\",\"target\":[\"https:\\\/\\\/www.kameleonten.fi\\\/sv\\\/info\\\/oppettider\\\/\"]}]},{\"@type\":\"ImageObject\",\"inLanguage\":\"sv-SE\",\"@id\":\"https:\\\/\\\/www.kameleonten.fi\\\/sv\\\/info\\\/oppettider\\\/#primaryimage\",\"url\":\"https:\\\/\\\/www.kameleonten.fi\\\/wp-content\\\/uploads\\\/2024\\\/01\\\/DSC01943-scaled.jpg\",\"contentUrl\":\"https:\\\/\\\/www.kameleonten.fi\\\/wp-content\\\/uploads\\\/2024\\\/01\\\/DSC01943-scaled.jpg\",\"width\":2560,\"height\":1707},{\"@type\":\"BreadcrumbList\",\"@id\":\"https:\\\/\\\/www.kameleonten.fi\\\/sv\\\/info\\\/oppettider\\\/#breadcrumb\",\"itemListElement\":[{\"@type\":\"ListItem\",\"position\":1,\"name\":\"Home\",\"item\":\"https:\\\/\\\/www.kameleonten.fi\\\/sv\\\/\"},{\"@type\":\"ListItem\",\"position\":2,\"name\":\"Info\",\"item\":\"https:\\\/\\\/www.kameleonten.fi\\\/sv\\\/info\\\/\"},{\"@type\":\"ListItem\",\"position\":3,\"name\":\"\u00d6ppettider\"}]},{\"@type\":\"WebSite\",\"@id\":\"https:\\\/\\\/www.kameleonten.fi\\\/sv\\\/#website\",\"url\":\"https:\\\/\\\/www.kameleonten.fi\\\/sv\\\/\",\"name\":\"Kameleonten\",\"description\":\"Harrasta monilajihallissa Lepp&auml;vaarassa\",\"publisher\":{\"@id\":\"https:\\\/\\\/www.kameleonten.fi\\\/sv\\\/#organization\"},\"potentialAction\":[{\"@type\":\"SearchAction\",\"target\":{\"@type\":\"EntryPoint\",\"urlTemplate\":\"https:\\\/\\\/www.kameleonten.fi\\\/sv\\\/?s={search_term_string}\"},\"query-input\":{\"@type\":\"PropertyValueSpecification\",\"valueRequired\":true,\"valueName\":\"search_term_string\"}}],\"inLanguage\":\"sv-SE\"},{\"@type\":\"Organization\",\"@id\":\"https:\\\/\\\/www.kameleonten.fi\\\/sv\\\/#organization\",\"name\":\"Kameleonten\",\"url\":\"https:\\\/\\\/www.kameleonten.fi\\\/sv\\\/\",\"logo\":{\"@type\":\"ImageObject\",\"inLanguage\":\"sv-SE\",\"@id\":\"https:\\\/\\\/www.kameleonten.fi\\\/sv\\\/#\\\/schema\\\/logo\\\/image\\\/\",\"url\":\"https:\\\/\\\/www.kameleonten.fi\\\/wp-content\\\/uploads\\\/2025\\\/03\\\/favicon.svg\",\"contentUrl\":\"https:\\\/\\\/www.kameleonten.fi\\\/wp-content\\\/uploads\\\/2025\\\/03\\\/favicon.svg\",\"width\":108,\"height\":127,\"caption\":\"Kameleonten\"},\"image\":{\"@id\":\"https:\\\/\\\/www.kameleonten.fi\\\/sv\\\/#\\\/schema\\\/logo\\\/image\\\/\"}}]}<\/script>\n<!-- \/ Yoast SEO plugin. -->","yoast_head_json":{"title":"\u00d6ppettider - Kameleonten","description":"Kameleonten \u00e4r en m\u00e5ngsidig idrotts-, och evenemangshall som f\u00e4rdigst\u00e4lldes \u00e5r 2023 mitt i Alberga idrottspark. Hallen erbjuder moderna och m\u00e5ngsidiga utrymmen f\u00f6r t\u00e4vlingsidrott, f\u00f6reningsverksamhet, individuell tr\u00e4ning samt utrymmen f\u00f6r att ordna fester, konserter, m\u00e4ssor m.fl.","robots":{"index":"index","follow":"follow","max-snippet":"max-snippet:-1","max-image-preview":"max-image-preview:large","max-video-preview":"max-video-preview:-1"},"canonical":"https:\/\/www.kameleonten.fi\/sv\/info\/oppettider\/","og_locale":"sv_SE","og_type":"article","og_title":"\u00d6ppettider - Kameleonten","og_description":"Kameleonten \u00e4r en m\u00e5ngsidig idrotts-, och evenemangshall som f\u00e4rdigst\u00e4lldes \u00e5r 2023 mitt i Alberga idrottspark. Hallen erbjuder moderna och m\u00e5ngsidiga utrymmen f\u00f6r t\u00e4vlingsidrott, f\u00f6reningsverksamhet, individuell tr\u00e4ning samt utrymmen f\u00f6r att ordna fester, konserter, m\u00e4ssor m.fl.","og_url":"https:\/\/www.kameleonten.fi\/sv\/info\/oppettider\/","og_site_name":"Kameleonten","article_modified_time":"2025-10-06T05:55:53+00:00","twitter_card":"summary_large_image","schema":{"@context":"https:\/\/schema.org","@graph":[{"@type":"WebPage","@id":"https:\/\/www.kameleonten.fi\/sv\/info\/oppettider\/","url":"https:\/\/www.kameleonten.fi\/sv\/info\/oppettider\/","name":"\u00d6ppettider - Kameleonten","isPartOf":{"@id":"https:\/\/www.kameleonten.fi\/sv\/#website"},"primaryImageOfPage":{"@id":"https:\/\/www.kameleonten.fi\/sv\/info\/oppettider\/#primaryimage"},"image":{"@id":"https:\/\/www.kameleonten.fi\/sv\/info\/oppettider\/#primaryimage"},"thumbnailUrl":"https:\/\/www.kameleonten.fi\/wp-content\/uploads\/2024\/01\/DSC01943-scaled.jpg","datePublished":"2025-08-11T07:44:30+00:00","dateModified":"2025-10-06T05:55:53+00:00","description":"Kameleonten \u00e4r en m\u00e5ngsidig idrotts-, och evenemangshall som f\u00e4rdigst\u00e4lldes \u00e5r 2023 mitt i Alberga idrottspark. Hallen erbjuder moderna och m\u00e5ngsidiga utrymmen f\u00f6r t\u00e4vlingsidrott, f\u00f6reningsverksamhet, individuell tr\u00e4ning samt utrymmen f\u00f6r att ordna fester, konserter, m\u00e4ssor m.fl.","breadcrumb":{"@id":"https:\/\/www.kameleonten.fi\/sv\/info\/oppettider\/#breadcrumb"},"inLanguage":"sv-SE","potentialAction":[{"@type":"ReadAction","target":["https:\/\/www.kameleonten.fi\/sv\/info\/oppettider\/"]}]},{"@type":"ImageObject","inLanguage":"sv-SE","@id":"https:\/\/www.kameleonten.fi\/sv\/info\/oppettider\/#primaryimage","url":"https:\/\/www.kameleonten.fi\/wp-content\/uploads\/2024\/01\/DSC01943-scaled.jpg","contentUrl":"https:\/\/www.kameleonten.fi\/wp-content\/uploads\/2024\/01\/DSC01943-scaled.jpg","width":2560,"height":1707},{"@type":"BreadcrumbList","@id":"https:\/\/www.kameleonten.fi\/sv\/info\/oppettider\/#breadcrumb","itemListElement":[{"@type":"ListItem","position":1,"name":"Home","item":"https:\/\/www.kameleonten.fi\/sv\/"},{"@type":"ListItem","position":2,"name":"Info","item":"https:\/\/www.kameleonten.fi\/sv\/info\/"},{"@type":"ListItem","position":3,"name":"\u00d6ppettider"}]},{"@type":"WebSite","@id":"https:\/\/www.kameleonten.fi\/sv\/#website","url":"https:\/\/www.kameleonten.fi\/sv\/","name":"Kameleonten","description":"Harrasta monilajihallissa Lepp&auml;vaarassa","publisher":{"@id":"https:\/\/www.kameleonten.fi\/sv\/#organization"},"potentialAction":[{"@type":"SearchAction","target":{"@type":"EntryPoint","urlTemplate":"https:\/\/www.kameleonten.fi\/sv\/?s={search_term_string}"},"query-input":{"@type":"PropertyValueSpecification","valueRequired":true,"valueName":"search_term_string"}}],"inLanguage":"sv-SE"},{"@type":"Organization","@id":"https:\/\/www.kameleonten.fi\/sv\/#organization","name":"Kameleonten","url":"https:\/\/www.kameleonten.fi\/sv\/","logo":{"@type":"ImageObject","inLanguage":"sv-SE","@id":"https:\/\/www.kameleonten.fi\/sv\/#\/schema\/logo\/image\/","url":"https:\/\/www.kameleonten.fi\/wp-content\/uploads\/2025\/03\/favicon.svg","contentUrl":"https:\/\/www.kameleonten.fi\/wp-content\/uploads\/2025\/03\/favicon.svg","width":108,"height":127,"caption":"Kameleonten"},"image":{"@id":"https:\/\/www.kameleonten.fi\/sv\/#\/schema\/logo\/image\/"}}]}},"taxonomy_info":{"page_template":[{"value":51,"label":"Info \u2013 sis\u00e4lt\u00f6sivu (SV)"}]},"featured_image_src_large":["https:\/\/www.kameleonten.fi\/wp-content\/uploads\/2024\/01\/DSC01943-1024x683.jpg",1024,683,true],"author_info":{"display_name":"Kameleonten","author_link":"https:\/\/www.kameleonten.fi\/sv\/author\/kam_editor\/"},"comment_info":0,"_links":{"self":[{"href":"https:\/\/www.kameleonten.fi\/sv\/wp-json\/wp\/v2\/pages\/7281","targetHints":{"allow":["GET"]}}],"collection":[{"href":"https:\/\/www.kameleonten.fi\/sv\/wp-json\/wp\/v2\/pages"}],"about":[{"href":"https:\/\/www.kameleonten.fi\/sv\/wp-json\/wp\/v2\/types\/page"}],"author":[{"embeddable":true,"href":"https:\/\/www.kameleonten.fi\/sv\/wp-json\/wp\/v2\/users\/2"}],"replies":[{"embeddable":true,"href":"https:\/\/www.kameleonten.fi\/sv\/wp-json\/wp\/v2\/comments?post=7281"}],"version-history":[{"count":6,"href":"https:\/\/www.kameleonten.fi\/sv\/wp-json\/wp\/v2\/pages\/7281\/revisions"}],"predecessor-version":[{"id":7416,"href":"https:\/\/www.kameleonten.fi\/sv\/wp-json\/wp\/v2\/pages\/7281\/revisions\/7416"}],"up":[{"embeddable":true,"href":"https:\/\/www.kameleonten.fi\/sv\/wp-json\/wp\/v2\/pages\/4832"}],"wp:featuredmedia":[{"embeddable":true,"href":"https:\/\/www.kameleonten.fi\/sv\/wp-json\/wp\/v2\/media\/2328"}],"wp:attachment":[{"href":"https:\/\/www.kameleonten.fi\/sv\/wp-json\/wp\/v2\/media?parent=7281"}],"wp:term":[{"taxonomy":"page_template","embeddable":true,"href":"https:\/\/www.kameleonten.fi\/sv\/wp-json\/wp\/v2\/page_template?post=7281"}],"curies":[{"name":"wp","href":"https:\/\/api.w.org\/{rel}","templated":true}]}}